{"id":1881,"date":"2025-03-09T01:34:41","date_gmt":"2025-03-09T04:34:41","guid":{"rendered":"https:\/\/mascoweb.com.ar\/tienda\/?post_type=product&#038;p=1881"},"modified":"2026-05-13T10:20:30","modified_gmt":"2026-05-13T13:20:30","slug":"sabrositos-gatos-adultos-pescado-x-20-kg","status":"publish","type":"product","link":"https:\/\/mascoweb.com.ar\/tienda\/producto\/sabrositos-gatos-adultos-pescado-x-20-kg\/","title":{"rendered":"Sabrositos Gatos Adultos Pescado x 20 kg"},"content":{"rendered":"<div class=\"col-md-6 aos-init aos-animate\" data-aos=\"zoom-out\" data-aos-delay=\"50\">\n<h5>Sabrositos Gatos Adultos Sabores del Mar x 20 kg<\/h5>\n<p class=\"fs-5 mt-0 mb-4\"><strong class=\"font-primary color-green\">\u00a1Una receta perfecta para mantener a nuestros gatos felices y saludables en cada comida!<\/strong><\/p>\n<p class=\"mt-0 mb-5\">Este alimento Sabores de mar es ideal para gatos adultos, les brinda el equilibrio perfecto entre un sabor inigualable y una nutrici\u00f3n completa. Cada bocado est\u00e1 lleno de prote\u00ednas de alta calidad que mantienen sus m\u00fasculos fuertes. Aportando vitalidad plena. Tambi\u00e9n aporta nutrientes equilibrados que refuerza el sistema inmunol\u00f3gico para una vida larga y activa. Este Mix es una verdadera maravilla para mantener su pelaje brillante y su piel saludable. \u00a1Todo en un delicioso paquete, les encanta!<\/p>\n<\/div>\n<div class=\"col-md-6\">\n<p class=\"font-bold text-uppercase mt-3 mt-xl-0\">An\u00e1lisis garantizado<\/p>\n<table class=\"tabla mt-3 mb-4\">\n<tbody>\n<tr>\n<td>Prote\u00edna Bruta (M\u00edn.)<\/td>\n<td><strong>30,00%<\/strong><\/td>\n<\/tr>\n<tr>\n<td>Extracto Et\u00e9reo (M\u00edn.)<\/td>\n<td><strong>12,00%<\/strong><\/td>\n<\/tr>\n<tr>\n<td>Fibra Cruda (M\u00e1x.)<\/td>\n<td><strong>3,00%<\/strong><\/td>\n<\/tr>\n<tr>\n<td>Minerales Totales (M\u00e1x.)<\/td>\n<td><strong>10,00%<\/strong><\/td>\n<\/tr>\n<tr>\n<td>Calcio (M\u00edn.)<\/td>\n<td><strong>1,20%<\/strong><\/td>\n<\/tr>\n<tr>\n<td>Calcio (M\u00e1x.)<\/td>\n<td><strong>1,70%<\/strong><\/td>\n<\/tr>\n<tr>\n<td>F\u00f3sforo (M\u00edn.)<\/td>\n<td><strong>0,90%<\/strong><\/td>\n<\/tr>\n<tr>\n<td>F\u00f3sforo (M\u00e1x.)<\/td>\n<td><strong>1,00%<\/strong><\/td>\n<\/tr>\n<tr>\n<td>Taurina (M\u00edn.)<\/td>\n<td><strong>0,10%<\/strong><\/td>\n<\/tr>\n<tr>\n<td>Magnesio (M\u00edn.)<\/td>\n<td><strong>0,13%<\/strong><\/td>\n<\/tr>\n<tr>\n<td>Humedad (M\u00e1x.)<\/td>\n<td><strong>10,00%<\/strong><\/td>\n<\/tr>\n<tr>\n<td colspan=\"2\"><strong>Valor Energ\u00e9tico:<\/strong><br \/>\nEnerg\u00eda metabolizable:\u00a0<strong>3.300 Kcal\/Kgs.<\/strong>\u00a0En M.S.<\/td>\n<\/tr>\n<\/tbody>\n<\/table>\n<p class=\"font-bold text-uppercase mt-5 mb-0\">Indicaciones de uso<\/p>\n<p class=\"mt-3 mb-0\">Suministrar seco o humedecido a gatos a partir del a\u00f1o de vida. Si se agrega agua, leche o caldo, la proporci\u00f3n debe ser: una parte de l\u00edquido por dos partes de Sabrositos Gato Sabores del mar.<\/p>\n<\/div>\n","protected":false},"excerpt":{"rendered":"<h5>Sabrositos Gatos Adultos Sabores del Mar x 20 kg<\/h5>\n<p class=\"fs-5 mt-0 mb-4\"><strong class=\"font-primary color-green\">\u00a1Una receta perfecta para mantener a nuestros gatos felices y saludables en cada comida!<\/strong><\/p>\n<p class=\"mt-0 mb-5\">Este alimento Sabores de mar es ideal para gatos adultos, les brinda el equilibrio perfecto entre un sabor inigualable y una nutrici\u00f3n completa. Cada bocado est\u00e1 lleno de prote\u00ednas de alta calidad que mantienen sus m\u00fasculos fuertes. Aportando vitalidad plena. Tambi\u00e9n aporta nutrientes equilibrados que refuerza el sistema inmunol\u00f3gico para una vida larga y activa. Este Mix es una verdadera maravilla para mantener su pelaje brillante y su piel saludable. \u00a1Todo en un delicioso paquete, les encanta!<\/p>\n","protected":false},"featured_media":1882,"template":"","meta":{"_gspb_post_css":"","_joinchat":[]},"product_brand":[126],"product_cat":[144,30],"product_tag":[41,32,65],"class_list":{"0":"post-1881","1":"product","2":"type-product","3":"status-publish","4":"has-post-thumbnail","6":"product_brand-sabrositos","7":"product_cat-gatosadultos","8":"product_cat-alimentoparagatos","9":"product_tag-20kg","10":"product_tag-adultos","11":"product_tag-lineamedia","13":"first","14":"instock","15":"shipping-taxable","16":"purchasable","17":"product-type-simple"},"jetpack_sharing_enabled":true,"_links":{"self":[{"href":"https:\/\/mascoweb.com.ar\/tienda\/wp-json\/wp\/v2\/product\/1881","targetHints":{"allow":["GET"]}}],"collection":[{"href":"https:\/\/mascoweb.com.ar\/tienda\/wp-json\/wp\/v2\/product"}],"about":[{"href":"https:\/\/mascoweb.com.ar\/tienda\/wp-json\/wp\/v2\/types\/product"}],"wp:featuredmedia":[{"embeddable":true,"href":"https:\/\/mascoweb.com.ar\/tienda\/wp-json\/wp\/v2\/media\/1882"}],"wp:attachment":[{"href":"https:\/\/mascoweb.com.ar\/tienda\/wp-json\/wp\/v2\/media?parent=1881"}],"wp:term":[{"taxonomy":"product_brand","embeddable":true,"href":"https:\/\/mascoweb.com.ar\/tienda\/wp-json\/wp\/v2\/product_brand?post=1881"},{"taxonomy":"product_cat","embeddable":true,"href":"https:\/\/mascoweb.com.ar\/tienda\/wp-json\/wp\/v2\/product_cat?post=1881"},{"taxonomy":"product_tag","embeddable":true,"href":"https:\/\/mascoweb.com.ar\/tienda\/wp-json\/wp\/v2\/product_tag?post=1881"}],"curies":[{"name":"wp","href":"https:\/\/api.w.org\/{rel}","templated":true}]}}