{"id":1897,"date":"2025-03-09T03:16:13","date_gmt":"2025-03-09T06:16:13","guid":{"rendered":"https:\/\/mascoweb.com.ar\/tienda\/?post_type=product&#038;p=1897"},"modified":"2025-03-09T03:16:13","modified_gmt":"2025-03-09T06:16:13","slug":"juguete-pelota-de-nylon-trenzada","status":"publish","type":"product","link":"https:\/\/mascoweb.com.ar\/tienda\/producto\/juguete-pelota-de-nylon-trenzada\/","title":{"rendered":"Juguete Pelota de Nylon Trenzada"},"content":{"rendered":"<h5>Juguete Pelota de Nylon Trenzada<\/h5>\n<p>Un divertido juguete de cuerda para tu mascota. A los perros les encanta la textura suave y duradera de esta pelota. Se divertir\u00e1 persigui\u00e9ndola. Est\u00e1 fabricada en cuerda resistente lo que garantiza horas de masticar, tirar y perseguir. Es muy liviana y f\u00e1cil de lanzar, ayuda a\u00a0 fomentar la actividad f\u00edsica y el ejercicio.<\/p>\n<p>La foto es ilustrativa, los dise\u00f1os y colores quedan sujetos a disponibilidad.<\/p>\n","protected":false},"excerpt":{"rendered":"<h5>Juguete Pelota de Nylon Trenzada<\/h5>\n<p>Un divertido juguete de cuerda para tu mascota. A los perros les encanta la textura suave y duradera de esta pelota. Se divertir\u00e1 persigui\u00e9ndola. Est\u00e1 fabricada en cuerda resistente lo que garantiza horas de masticar, tirar y perseguir. Es muy liviana y f\u00e1cil de lanzar, ayuda a\u00a0 fomentar la actividad f\u00edsica y el ejercicio.<\/p>\n","protected":false},"featured_media":1898,"template":"","meta":{"_gspb_post_css":"","_joinchat":[]},"product_brand":[],"product_cat":[117],"product_tag":[],"class_list":{"0":"post-1897","1":"product","2":"type-product","3":"status-publish","4":"has-post-thumbnail","6":"product_cat-juguetes","8":"first","9":"instock","10":"shipping-taxable","11":"purchasable","12":"product-type-simple"},"jetpack_sharing_enabled":true,"_links":{"self":[{"href":"https:\/\/mascoweb.com.ar\/tienda\/wp-json\/wp\/v2\/product\/1897","targetHints":{"allow":["GET"]}}],"collection":[{"href":"https:\/\/mascoweb.com.ar\/tienda\/wp-json\/wp\/v2\/product"}],"about":[{"href":"https:\/\/mascoweb.com.ar\/tienda\/wp-json\/wp\/v2\/types\/product"}],"wp:featuredmedia":[{"embeddable":true,"href":"https:\/\/mascoweb.com.ar\/tienda\/wp-json\/wp\/v2\/media\/1898"}],"wp:attachment":[{"href":"https:\/\/mascoweb.com.ar\/tienda\/wp-json\/wp\/v2\/media?parent=1897"}],"wp:term":[{"taxonomy":"product_brand","embeddable":true,"href":"https:\/\/mascoweb.com.ar\/tienda\/wp-json\/wp\/v2\/product_brand?post=1897"},{"taxonomy":"product_cat","embeddable":true,"href":"https:\/\/mascoweb.com.ar\/tienda\/wp-json\/wp\/v2\/product_cat?post=1897"},{"taxonomy":"product_tag","embeddable":true,"href":"https:\/\/mascoweb.com.ar\/tienda\/wp-json\/wp\/v2\/product_tag?post=1897"}],"curies":[{"name":"wp","href":"https:\/\/api.w.org\/{rel}","templated":true}]}}