{"id":1901,"date":"2025-03-09T03:26:41","date_gmt":"2025-03-09T06:26:41","guid":{"rendered":"https:\/\/mascoweb.com.ar\/tienda\/?post_type=product&#038;p=1901"},"modified":"2026-04-09T11:26:30","modified_gmt":"2026-04-09T14:26:30","slug":"juguete-pelota-dosificadora-de-snacks-gigante-2","status":"publish","type":"product","link":"https:\/\/mascoweb.com.ar\/tienda\/producto\/juguete-pelota-dosificadora-de-snacks-gigante-2\/","title":{"rendered":"Juguete Pelota Dosificadora de Snacks Gigante"},"content":{"rendered":"<h5>Juguete Pelota Dosificadora de Snacks Gigante<\/h5>\n<p>\u2022 Divertida pelota dosificadora antiestres<\/p>\n<p>\u2022 Hecho de material no t\u00f3xico, juguete de dise\u00f1o que asegura horas de diversi\u00f3n para su mascota<\/p>\n<p>\u2022 Dosificador, pelota rellenable para transportar snack<\/p>\n<p>La foto es ilustrativa, los dise\u00f1os y colores quedan sujetos a disponibilidad.<\/p>\n","protected":false},"excerpt":{"rendered":"<h5>Juguete Pelota Dosificadora de Snacks Gigante<\/h5>\n<p>\u2022 Divertida pelota dosificadora antiestres<\/p>\n<p>\u2022 Hecho de material no t\u00f3xico, juguete de dise\u00f1o que asegura horas de diversi\u00f3n para su mascota<\/p>\n<p>\u2022 Dosificador, pelota rellenable para transportar snack<\/p>\n","protected":false},"featured_media":1902,"template":"","meta":{"_gspb_post_css":"","_joinchat":[]},"product_brand":[],"product_cat":[117],"product_tag":[],"class_list":{"0":"post-1901","1":"product","2":"type-product","3":"status-publish","4":"has-post-thumbnail","6":"product_cat-juguetes","8":"first","9":"instock","10":"shipping-taxable","11":"purchasable","12":"product-type-simple"},"jetpack_sharing_enabled":true,"_links":{"self":[{"href":"https:\/\/mascoweb.com.ar\/tienda\/wp-json\/wp\/v2\/product\/1901","targetHints":{"allow":["GET"]}}],"collection":[{"href":"https:\/\/mascoweb.com.ar\/tienda\/wp-json\/wp\/v2\/product"}],"about":[{"href":"https:\/\/mascoweb.com.ar\/tienda\/wp-json\/wp\/v2\/types\/product"}],"wp:featuredmedia":[{"embeddable":true,"href":"https:\/\/mascoweb.com.ar\/tienda\/wp-json\/wp\/v2\/media\/1902"}],"wp:attachment":[{"href":"https:\/\/mascoweb.com.ar\/tienda\/wp-json\/wp\/v2\/media?parent=1901"}],"wp:term":[{"taxonomy":"product_brand","embeddable":true,"href":"https:\/\/mascoweb.com.ar\/tienda\/wp-json\/wp\/v2\/product_brand?post=1901"},{"taxonomy":"product_cat","embeddable":true,"href":"https:\/\/mascoweb.com.ar\/tienda\/wp-json\/wp\/v2\/product_cat?post=1901"},{"taxonomy":"product_tag","embeddable":true,"href":"https:\/\/mascoweb.com.ar\/tienda\/wp-json\/wp\/v2\/product_tag?post=1901"}],"curies":[{"name":"wp","href":"https:\/\/api.w.org\/{rel}","templated":true}]}}