{"id":1921,"date":"2025-03-09T16:42:21","date_gmt":"2025-03-09T19:42:21","guid":{"rendered":"https:\/\/mascoweb.com.ar\/tienda\/?post_type=product&#038;p=1921"},"modified":"2026-04-06T09:20:27","modified_gmt":"2026-04-06T12:20:27","slug":"can-active-perros-adultos-x-20-kg","status":"publish","type":"product","link":"https:\/\/mascoweb.com.ar\/tienda\/producto\/can-active-perros-adultos-x-20-kg\/","title":{"rendered":"Can Active Perros Adultos x 20 kg"},"content":{"rendered":"<h5>Alimento Premium Can Active Perros Adultos x 20 kg<\/h5>\n<p><strong>25% de prote\u00ednas<\/strong><\/p>\n<p style=\"font-weight: 300\">Alimento calidad premium para perros adultos a partir de sus 10 meses de edad.<\/p>\n<p style=\"font-weight: 300\">&#8211; Combinaci\u00f3n justa de nutrientes que facilitan una correcta absorci\u00f3n y digesti\u00f3n, manteniendo la salud intestinal.<\/p>\n<p style=\"font-weight: 300\">\u00a0<strong>Composici\u00f3n:<\/strong><\/p>\n<table style=\"font-weight: 300\">\n<tbody>\n<tr>\n<td>Prote\u00edna bruta\/cruda (min.)<\/td>\n<td>25%<\/td>\n<\/tr>\n<tr>\n<td>Extracto et\u00e9reo\/grasa cruda (min.)<\/td>\n<td>9%<\/td>\n<\/tr>\n<tr>\n<td>Fibra cruda (max.)<\/td>\n<td>4%<\/td>\n<\/tr>\n<tr>\n<td>Minerales totales (max.)<\/td>\n<td>8%<\/td>\n<\/tr>\n<tr>\n<td>Humedad (max.)<\/td>\n<td>11%<\/td>\n<\/tr>\n<tr>\n<td>Calcio (min.\/max.)<\/td>\n<td>0,8% \/ 1,4%<\/td>\n<\/tr>\n<tr>\n<td>F\u00f3sforo (min.\/max.)<\/td>\n<td>0,7% \/ 1,2%<\/td>\n<\/tr>\n<\/tbody>\n<\/table>\n<p style=\"font-weight: 300\"><strong>Ingredientes<\/strong>: Harina de V\u00edsceras de Pollo, Hidrolizado de H\u00edgado de Aves, Harina de Carne Vacuna, Sebo Vacuno, Aceite de Pollo, Aceite de Pescado, Harina de Soja, Gluten Meal, Pulpa de Remolacha, Bicarbonato de Sodio, Carbonato de Calcio, Cloruro de Sodio, Iodato de Calcio, Selenito de Sodio, Sulfato de Cobre , Sulfato de Manganeso, Sulfato de Zinc, Metionina Zinc, Sulfato Ferroso, Vitaminas (AD3, D3, K3, E, B1, B2, B6, B12, Niacina, \u00c1cido Pantot\u00e9nico, \u00c1cido F\u00f3lico, Biotina, Cloruro de Colina), Amino\u00e1cidos (DL Metionina), Antioxidante (BHT), Antif\u00fangico (\u00c1cido Propi\u00f3nico, Propionatos de Sodio y Amonio), Extracto de Levaduras, Manano Oligosac\u00e1ridos. Aluminosilicatos, Zeolita, Ma\u00edz, Trigo, Arroz, Fibra de Ma\u00edz.<\/p>\n","protected":false},"excerpt":{"rendered":"<h5>Alimento Premium Can Active Perros Adultos x 20 kg<\/h5>\n<p><strong>25% de prote\u00ednas<\/strong><\/p>\n<p style=\"font-weight: 300\">Alimento calidad premium para perros adultos a partir de sus 10 meses de edad.<\/p>\n<p style=\"font-weight: 300\">&#8211; Combinaci\u00f3n justa de nutrientes que facilitan una correcta absorci\u00f3n y digesti\u00f3n, manteniendo la salud intestinal.<\/p>\n","protected":false},"featured_media":3256,"template":"","meta":{"_gspb_post_css":"","_joinchat":[]},"product_brand":[131],"product_cat":[137,29,61],"product_tag":[41,32,64],"class_list":{"0":"post-1921","1":"product","2":"type-product","3":"status-publish","4":"has-post-thumbnail","6":"product_brand-can-active","7":"product_cat-perrosadultos","8":"product_cat-alimentoparaperros","9":"product_cat-promociones","10":"product_tag-20kg","11":"product_tag-adultos","12":"product_tag-premium","14":"first","15":"instock","16":"shipping-taxable","17":"purchasable","18":"product-type-simple"},"jetpack_sharing_enabled":true,"_links":{"self":[{"href":"https:\/\/mascoweb.com.ar\/tienda\/wp-json\/wp\/v2\/product\/1921","targetHints":{"allow":["GET"]}}],"collection":[{"href":"https:\/\/mascoweb.com.ar\/tienda\/wp-json\/wp\/v2\/product"}],"about":[{"href":"https:\/\/mascoweb.com.ar\/tienda\/wp-json\/wp\/v2\/types\/product"}],"wp:featuredmedia":[{"embeddable":true,"href":"https:\/\/mascoweb.com.ar\/tienda\/wp-json\/wp\/v2\/media\/3256"}],"wp:attachment":[{"href":"https:\/\/mascoweb.com.ar\/tienda\/wp-json\/wp\/v2\/media?parent=1921"}],"wp:term":[{"taxonomy":"product_brand","embeddable":true,"href":"https:\/\/mascoweb.com.ar\/tienda\/wp-json\/wp\/v2\/product_brand?post=1921"},{"taxonomy":"product_cat","embeddable":true,"href":"https:\/\/mascoweb.com.ar\/tienda\/wp-json\/wp\/v2\/product_cat?post=1921"},{"taxonomy":"product_tag","embeddable":true,"href":"https:\/\/mascoweb.com.ar\/tienda\/wp-json\/wp\/v2\/product_tag?post=1921"}],"curies":[{"name":"wp","href":"https:\/\/api.w.org\/{rel}","templated":true}]}}