{"id":1988,"date":"2025-03-09T23:33:54","date_gmt":"2025-03-10T02:33:54","guid":{"rendered":"https:\/\/mascoweb.com.ar\/tienda\/?post_type=product&#038;p=1988"},"modified":"2026-05-11T22:54:28","modified_gmt":"2026-05-12T01:54:28","slug":"sieger-criadores-x-20-2-kg","status":"publish","type":"product","link":"https:\/\/mascoweb.com.ar\/tienda\/producto\/sieger-criadores-x-20-2-kg\/","title":{"rendered":"Sieger Criadores x 20 + 2 kg"},"content":{"rendered":"<h5 class=\"product_title entry-title\">Sieger Criadores x 20 + 2 kg de regalo!<\/h5>\n<div class=\"woocommerce-product-details__short-description\">\n<p><strong>Sieger Criadores all in One<\/strong> es un alimento formulado para <strong>perros de todos los tama\u00f1os y edades<\/strong>, que aporta <strong>prote\u00ednas de alta calidad y grasas saludables<\/strong>\u00a0clave para el\u00a0<strong>\u00f3ptimo crecimiento y mantenimiento de las funciones vitales del organismo<\/strong>. Por eso, su principal ingrediente es una fuente de prote\u00ednas de alta calidad y digestibilidad.<\/p>\n<p><strong class=\"texto-descripcion-producto\">Sieger Criadores All In One<\/strong>\u00a0contiene una combinaci\u00f3n de nutrientes que junto con la\u00a0<strong class=\"texto-descripcion-producto\">Glucosamina y \u00a0Condroit\u00edn<\/strong>\u00a0sulfato promueven la salud\u00a0<strong class=\"texto-descripcion-producto\">osteoarticular<\/strong>\u00a0del perro.<\/p>\n<div id=\"section_showmore_descriptionproduct\" class=\"et_pb_section et_pb_section_4 et_section_regular\">\n<div class=\"et_pb_row et_pb_row_4\">\n<div class=\"et_pb_column et_pb_column_1_2 et_pb_column_7 et_pb_css_mix_blend_mode_passthrough et-last-child\">\n<div class=\"et_pb_module et_pb_code et_pb_code_4\">\n<div class=\"et_pb_code_inner\">\n<div class=\"producto__descripcion__container tabla_derecha\">\n<p class=\"producto__descripcion__title\">TABLA DE CONTENIDO NUTRICIONAL<\/p>\n<table class=\"table\">\n<tbody>\n<tr class=\"table__row\">\n<td class=\"table__description\">Prote\u00edna bruta (min.)<\/td>\n<td class=\"table__description table__description--dark\">28%<\/td>\n<\/tr>\n<tr class=\"table__row\">\n<td class=\"table__description\">Extracto etereo (min.)<\/td>\n<td class=\"table__description table__description--dark\">14%<\/td>\n<\/tr>\n<tr class=\"table__row\">\n<td class=\"table__description\">Fibra cruda (max.)<\/td>\n<td class=\"table__description table__description--dark\">3.5%<\/td>\n<\/tr>\n<tr class=\"table__row\">\n<td class=\"table__description\">Minerales totales (max.)<\/td>\n<td class=\"table__description table__description--dark\">8%<\/td>\n<\/tr>\n<tr class=\"table__row\">\n<td class=\"table__description\">Humedad (max.)<\/td>\n<td class=\"table__description table__description--dark\">10%<\/td>\n<\/tr>\n<tr class=\"table__row\">\n<td class=\"table__description\">Calcio (min.)<\/td>\n<td class=\"table__description table__description--dark\">1,1%<\/td>\n<\/tr>\n<tr class=\"table__row\">\n<td class=\"table__description\">Calcio (max.)<\/td>\n<td class=\"table__description table__description--dark\">1,6%<\/td>\n<\/tr>\n<tr class=\"table__row\">\n<td class=\"table__description\">F\u00f3sforo (min.)<\/td>\n<td class=\"table__description table__description--dark\">1%<\/td>\n<\/tr>\n<tr class=\"table__row\">\n<td class=\"table__description\">F\u00f3sforo (max.)<\/td>\n<td class=\"table__description table__description--dark\">1,5%<\/td>\n<\/tr>\n<tr class=\"table__row\">\n<td class=\"table__description\">Energ\u00eda metabolizable<\/td>\n<td class=\"table__description table__description--dark\">3.850 kcal\/kg<\/td>\n<\/tr>\n<\/tbody>\n<\/table>\n<\/div>\n<\/div>\n<\/div>\n<div class=\"et_pb_module et_pb_code et_pb_code_5\">\n<div class=\"et_pb_code_inner\"><\/div>\n<\/div>\n<\/div>\n<\/div>\n<\/div>\n<div class=\"et_pb_section et_pb_section_5 et_section_regular\">\n<div class=\"et_pb_row et_pb_row_5\">\n<div class=\"et_pb_column et_pb_column_4_4 et_pb_column_8 et_pb_css_mix_blend_mode_passthrough et-last-child\">\n<div class=\"et_pb_module et_pb_text et_pb_text_7 et_pb_text_align_left et_pb_bg_layout_light\">\n<div class=\"et_pb_text_inner\">\n<p>INGREDIENTES<\/p>\n<p>Harina de subproductos de pollo, ma\u00edz integral , arroz, gluten de ma\u00edz, aceite de pollo refinado (fuente de omega 6), harina de pescado, saborizante natural (hidrolizado de menudencias porcinas y aviares), aceite de pescado refinado (fuente de omega 3), trigo, pulpa de remolacha, inulina, cloruro de sodio, fructo-oligosac\u00e1ridos (FOS), colina, L-lisina, DL-metionina, carbonato de calcio, fosfato monodic\u00e1lcico, extracto de yucca, antioxidantes naturales (extracto de romero\/tocoferoles), beta\u00edna, manano-oligosac\u00e1ridos (MOS), condroit\u00edn sulfato, glucosamina, vitamina E, antif\u00fangico (\u00e1cido propi\u00f3nico), sulfato de hierro, metionina de zinc, sulfato de zinc, vitamina C, sulfato de cobre, taurina, nicotinamida, pantotenato de calcio, sulfato manganoso, vitamina A, vitamina B2, vitamina B6, vitamina D3, vitamina B1, vitamina K3, biotina, \u00e1cido f\u00f3lico, vitamina B12, iodato de calcio, selenio org\u00e1nico, selenito de sodio.<\/p>\n<\/div>\n<\/div>\n<\/div>\n<\/div>\n<\/div>\n<\/div>\n","protected":false},"excerpt":{"rendered":"<h5 class=\"product_title entry-title\">Sieger Criadores x 20 + 2 kg de regalo!<\/h5>\n<div class=\"woocommerce-product-details__short-description\">\n<p><strong>Sieger Criadores all in One<\/strong> es un alimento formulado para <strong>perros de todos los tama\u00f1os y edades<\/strong>, que aporta <strong>prote\u00ednas de alta calidad y grasas saludables<\/strong>\u00a0clave para el\u00a0<strong>\u00f3ptimo crecimiento y mantenimiento de las funciones vitales del organismo<\/strong>. Por eso, su principal ingrediente es una fuente de prote\u00ednas de alta calidad y digestibilidad<\/p>\n<\/div>\n","protected":false},"featured_media":1990,"template":"","meta":{"_gspb_post_css":"","_joinchat":[]},"product_brand":[96],"product_cat":[137,29,138,62,61],"product_tag":[127,32,33,63],"class_list":{"0":"post-1988","1":"product","2":"type-product","3":"status-publish","4":"has-post-thumbnail","6":"product_brand-sieger","7":"product_cat-perrosadultos","8":"product_cat-alimentoparaperros","9":"product_cat-perroscachorros","10":"product_cat-kilos-de-regalo","11":"product_cat-promociones","12":"product_tag-22kg","13":"product_tag-adultos","14":"product_tag-cachorros","15":"product_tag-superpremium","17":"first","18":"instock","19":"shipping-taxable","20":"purchasable","21":"product-type-simple"},"jetpack_sharing_enabled":true,"_links":{"self":[{"href":"https:\/\/mascoweb.com.ar\/tienda\/wp-json\/wp\/v2\/product\/1988","targetHints":{"allow":["GET"]}}],"collection":[{"href":"https:\/\/mascoweb.com.ar\/tienda\/wp-json\/wp\/v2\/product"}],"about":[{"href":"https:\/\/mascoweb.com.ar\/tienda\/wp-json\/wp\/v2\/types\/product"}],"wp:featuredmedia":[{"embeddable":true,"href":"https:\/\/mascoweb.com.ar\/tienda\/wp-json\/wp\/v2\/media\/1990"}],"wp:attachment":[{"href":"https:\/\/mascoweb.com.ar\/tienda\/wp-json\/wp\/v2\/media?parent=1988"}],"wp:term":[{"taxonomy":"product_brand","embeddable":true,"href":"https:\/\/mascoweb.com.ar\/tienda\/wp-json\/wp\/v2\/product_brand?post=1988"},{"taxonomy":"product_cat","embeddable":true,"href":"https:\/\/mascoweb.com.ar\/tienda\/wp-json\/wp\/v2\/product_cat?post=1988"},{"taxonomy":"product_tag","embeddable":true,"href":"https:\/\/mascoweb.com.ar\/tienda\/wp-json\/wp\/v2\/product_tag?post=1988"}],"curies":[{"name":"wp","href":"https:\/\/api.w.org\/{rel}","templated":true}]}}