{"id":2136,"date":"2025-03-12T20:14:52","date_gmt":"2025-03-12T23:14:52","guid":{"rendered":"https:\/\/mascoweb.com.ar\/tienda\/?post_type=product&#038;p=2136"},"modified":"2026-03-25T17:00:17","modified_gmt":"2026-03-25T20:00:17","slug":"pro-plan-urinary-veterinary-diets-para-perros-x-75-kg","status":"publish","type":"product","link":"https:\/\/mascoweb.com.ar\/tienda\/producto\/pro-plan-urinary-veterinary-diets-para-perros-x-75-kg\/","title":{"rendered":"Pro Plan Urinary Veterinary Diets para perros x 7,5 kg"},"content":{"rendered":"<h5>Pro Plan Urinary Veterinary Diets para perros x 7,5 kg<\/h5>\n<h5 class=\"card-subtitle mb-1\">Descripci\u00f3n<\/h5>\n<p>Alimento terape\u00fatico balanceado y completo para perros adultos de todas las razas. Indicado como soporte nutricional al tratamiento m\u00e9dico para la disoluci\u00f3n de ur\u00f3litos de estruvita est\u00e9riles y como ayuda nutricional en la reducci\u00f3n del riesgo de formaci\u00f3n de ur\u00f3litos de estruvita est\u00e9riles y oxalato de calcio.<\/p>\n<p><strong>Ingredientes:<\/strong><\/p>\n<p>Ma\u00edz, arroz, gluten de ma\u00edz, harina de subproductos de pollo, fibra de soja y\/o fibra de ca\u00f1a de az\u00facar, grasa vacuna y\/o aceite de pollo preservados con tocoferoles (fuente de vitamina E), hidrolizado (l\u00edquido y\/o en polvo) a base de subproductos de pollo y\/o cerdo, sal, carbonato de calcio y\/o fosfato de calcio, \u00e1cido fosf\u00f3rico y\/o bisulfato de sodio, cloruro de potasio y\/o citrato de potasio, suplemento vitam\u00ednico antioxidante (A, D3, E, K3, B1, B2, B3, B5, B6, B7, B9, B12, BHT), sorbato de potasio, suplementos minerales [(sulfatos: zinc, hierro, manganeso, cobre), (proteinatos y\/o glicinatos: zinc, hierro, manganeso, cobre, selenio), yodato de calcio, selenito de sodio], cloruro de colina, DL-metionina, L-lisina.<\/p>\n<table class=\"table striped internal-products-section-accordion-body-table\">\n<thead>\n<tr>\n<th scope=\"col\">Nutriente<\/th>\n<th scope=\"col\">M\u00edn.<\/th>\n<th scope=\"col\">M\u00e1x.<\/th>\n<\/tr>\n<\/thead>\n<tbody>\n<tr>\n<td class=\"p-2\">Humedad<\/td>\n<td class=\"p-2\">&#8211;<\/td>\n<td class=\"p-2\">12%<\/td>\n<\/tr>\n<tr>\n<td class=\"p-2\">Prote\u00edna Bruta<\/td>\n<td class=\"p-2\">21%<\/td>\n<td class=\"p-2\">&#8211;<\/td>\n<\/tr>\n<tr>\n<td class=\"p-2\">Extracto Et\u00e9reo \/ Grasa bruta (m\u00edn.)<\/td>\n<td class=\"p-2\">9,0%<\/td>\n<td class=\"p-2\">&#8211;<\/td>\n<\/tr>\n<tr>\n<td class=\"p-2\">Fibra bruta (m\u00e1x.)<\/td>\n<td class=\"p-2\">&#8211;<\/td>\n<td class=\"p-2\">6,5%<\/td>\n<\/tr>\n<tr>\n<td class=\"p-2\">Minerales \/ Cenizas (m\u00e1x.)<\/td>\n<td class=\"p-2\">&#8211;<\/td>\n<td class=\"p-2\">9,0%<\/td>\n<\/tr>\n<tr>\n<td class=\"p-2\">Calcio (m\u00edn.\/m\u00e1x.)<\/td>\n<td class=\"p-2\">0.90%<\/td>\n<td class=\"p-2\">1.3%<\/td>\n<\/tr>\n<tr>\n<td class=\"p-2\">F\u00f3sforo (m\u00edn\/m\u00e1x)<\/td>\n<td class=\"p-2\">0,70%<\/td>\n<td class=\"p-2\">1,2%<\/td>\n<\/tr>\n<tr>\n<td class=\"p-2\">Energ\u00eda Metabolizable (Prom. Calculada):<\/td>\n<td class=\"p-2\">3.542 kcal\/kg<\/td>\n<\/tr>\n<\/tbody>\n<\/table>\n","protected":false},"excerpt":{"rendered":"<h5 class=\"card-subtitle mb-1\">Descripci\u00f3n<\/h5>\n<p>Alimento terape\u00fatico balanceado y completo para perros adultos de todas las razas. Indicado como soporte nutricional al tratamiento m\u00e9dico para la disoluci\u00f3n de ur\u00f3litos de estruvita est\u00e9riles y como ayuda nutricional en la reducci\u00f3n del riesgo de formaci\u00f3n de ur\u00f3litos de estruvita est\u00e9riles y oxalato de calcio.<\/p>\n","protected":false},"featured_media":2137,"template":"","meta":{"_gspb_post_css":"","_joinchat":[]},"product_brand":[109],"product_cat":[29,143],"product_tag":[55,32,37,63,60],"class_list":{"0":"post-2136","1":"product","2":"type-product","3":"status-publish","4":"has-post-thumbnail","6":"product_brand-proplan","7":"product_cat-alimentoparaperros","8":"product_cat-perrosnecesidadesespeciales","9":"product_tag-7-5kg","10":"product_tag-adultos","11":"product_tag-necesidades-especiales","12":"product_tag-superpremium","13":"product_tag-urinario","15":"first","16":"instock","17":"shipping-taxable","18":"purchasable","19":"product-type-simple"},"jetpack_sharing_enabled":true,"_links":{"self":[{"href":"https:\/\/mascoweb.com.ar\/tienda\/wp-json\/wp\/v2\/product\/2136","targetHints":{"allow":["GET"]}}],"collection":[{"href":"https:\/\/mascoweb.com.ar\/tienda\/wp-json\/wp\/v2\/product"}],"about":[{"href":"https:\/\/mascoweb.com.ar\/tienda\/wp-json\/wp\/v2\/types\/product"}],"wp:featuredmedia":[{"embeddable":true,"href":"https:\/\/mascoweb.com.ar\/tienda\/wp-json\/wp\/v2\/media\/2137"}],"wp:attachment":[{"href":"https:\/\/mascoweb.com.ar\/tienda\/wp-json\/wp\/v2\/media?parent=2136"}],"wp:term":[{"taxonomy":"product_brand","embeddable":true,"href":"https:\/\/mascoweb.com.ar\/tienda\/wp-json\/wp\/v2\/product_brand?post=2136"},{"taxonomy":"product_cat","embeddable":true,"href":"https:\/\/mascoweb.com.ar\/tienda\/wp-json\/wp\/v2\/product_cat?post=2136"},{"taxonomy":"product_tag","embeddable":true,"href":"https:\/\/mascoweb.com.ar\/tienda\/wp-json\/wp\/v2\/product_tag?post=2136"}],"curies":[{"name":"wp","href":"https:\/\/api.w.org\/{rel}","templated":true}]}}