{"id":2138,"date":"2025-03-12T20:21:03","date_gmt":"2025-03-12T23:21:03","guid":{"rendered":"https:\/\/mascoweb.com.ar\/tienda\/?post_type=product&#038;p=2138"},"modified":"2026-05-12T14:06:11","modified_gmt":"2026-05-12T17:06:11","slug":"pellets-sanitarios-de-pino-pellcat-x-15-kg","status":"publish","type":"product","link":"https:\/\/mascoweb.com.ar\/tienda\/producto\/pellets-sanitarios-de-pino-pellcat-x-15-kg\/","title":{"rendered":"Pellets Sanitarios de Pino Pellcat x 15 kg"},"content":{"rendered":"<h5>Pellets Sanitarios de Pino Pellcat x 15 kg<\/h5>\n<p>Pell Cat Pellet De Madera Para Gatos X 15 Kg es la opci\u00f3n ideal para quienes buscan una soluci\u00f3n eficiente y ecol\u00f3gica para el cuidado de sus felinos. Este producto est\u00e1 elaborado a partir de madera, lo que lo convierte en una alternativa biodegradable que respeta el medio ambiente. Su dise\u00f1o permite una absorci\u00f3n \u00f3ptima de la humedad y el control de olores, garantizando un espacio limpio y agradable para tu gato.<\/p>\n<p>La presentaci\u00f3n de 15 kg asegura que tendr\u00e1s suficiente material para mantener la higiene de tu mascota durante un largo per\u00edodo. Su textura suave y natural es c\u00f3moda para las patas de tu gato, promoviendo un ambiente acogedor. Adem\u00e1s, al ser un producto sin fragancia, es perfecto para aquellos gatos que son sensibles a olores fuertes.<\/p>\n<p>Optar por Pell Cat Pellet significa elegir un producto que combina calidad y responsabilidad ambiental. Es f\u00e1cil de manejar y almacenar, lo que facilita su uso diario. Con este pellet, no solo cuidas de tu gato, sino tambi\u00e9n del planeta.<\/p>\n","protected":false},"excerpt":{"rendered":"<h5>Pellets Sanitarios de Pino Pellcat x 15 kg<\/h5>\n<p>Pell Cat Pellet De Madera Para Gatos X 15 Kg es la opci\u00f3n ideal para quienes buscan una soluci\u00f3n eficiente y ecol\u00f3gica para el cuidado de sus felinos. Este producto est\u00e1 elaborado a partir de madera, lo que lo convierte en una alternativa biodegradable que respeta el medio ambiente. Su dise\u00f1o permite una absorci\u00f3n \u00f3ptima de la humedad y el control de olores, garantizando un espacio limpio y agradable para tu gato.<\/p>\n","protected":false},"featured_media":2139,"template":"","meta":{"_gspb_post_css":"","_joinchat":[]},"product_brand":[],"product_cat":[80],"product_tag":[],"class_list":{"0":"post-2138","1":"product","2":"type-product","3":"status-publish","4":"has-post-thumbnail","6":"product_cat-piedrasypellets","8":"first","9":"instock","10":"shipping-taxable","11":"purchasable","12":"product-type-simple"},"jetpack_sharing_enabled":true,"_links":{"self":[{"href":"https:\/\/mascoweb.com.ar\/tienda\/wp-json\/wp\/v2\/product\/2138","targetHints":{"allow":["GET"]}}],"collection":[{"href":"https:\/\/mascoweb.com.ar\/tienda\/wp-json\/wp\/v2\/product"}],"about":[{"href":"https:\/\/mascoweb.com.ar\/tienda\/wp-json\/wp\/v2\/types\/product"}],"wp:featuredmedia":[{"embeddable":true,"href":"https:\/\/mascoweb.com.ar\/tienda\/wp-json\/wp\/v2\/media\/2139"}],"wp:attachment":[{"href":"https:\/\/mascoweb.com.ar\/tienda\/wp-json\/wp\/v2\/media?parent=2138"}],"wp:term":[{"taxonomy":"product_brand","embeddable":true,"href":"https:\/\/mascoweb.com.ar\/tienda\/wp-json\/wp\/v2\/product_brand?post=2138"},{"taxonomy":"product_cat","embeddable":true,"href":"https:\/\/mascoweb.com.ar\/tienda\/wp-json\/wp\/v2\/product_cat?post=2138"},{"taxonomy":"product_tag","embeddable":true,"href":"https:\/\/mascoweb.com.ar\/tienda\/wp-json\/wp\/v2\/product_tag?post=2138"}],"curies":[{"name":"wp","href":"https:\/\/api.w.org\/{rel}","templated":true}]}}