{"id":2144,"date":"2025-03-13T17:02:40","date_gmt":"2025-03-13T20:02:40","guid":{"rendered":"https:\/\/mascoweb.com.ar\/tienda\/?post_type=product&#038;p=2144"},"modified":"2026-03-05T11:54:44","modified_gmt":"2026-03-05T14:54:44","slug":"dog-pro-adultos-x-20-kg-hueso-gigante-de-regalo","status":"publish","type":"product","link":"https:\/\/mascoweb.com.ar\/tienda\/producto\/dog-pro-adultos-x-20-kg-hueso-gigante-de-regalo\/","title":{"rendered":"Dog Pro Adultos x 20 kg + Hueso Gigante de Regalo!"},"content":{"rendered":"<section class=\"elementor-section elementor-top-section elementor-element elementor-element-f879abb elementor-section-full_width elementor-section-height-default elementor-section-height-default\" data-id=\"f879abb\" data-element_type=\"section\" data-settings=\"{&quot;background_background&quot;:&quot;classic&quot;}\">\n<div class=\"elementor-container elementor-column-gap-default\">\n<div class=\"elementor-column elementor-col-100 elementor-top-column elementor-element elementor-element-bb888e2\" data-id=\"bb888e2\" data-element_type=\"column\">\n<div class=\"elementor-widget-wrap elementor-element-populated\">\n<div class=\"elementor-element elementor-element-0e7763d elementor-widget elementor-widget-image\" data-id=\"0e7763d\" data-element_type=\"widget\" data-widget_type=\"image.default\">\n<h5>Dog Pro Adultos x 20 kg + Hueso Gigante de Regalo!<\/h5>\n<\/div>\n<div class=\"elementor-element elementor-element-8171a55 elementor-widget elementor-widget-text-editor\" data-id=\"8171a55\" data-element_type=\"widget\" data-widget_type=\"text-editor.default\">\n<div class=\"elementor-widget-container\">\n<p><strong>Ayuda a fortalecer el sistema inmunol\u00f3gico:<\/strong><\/p>\n<p>Contiene vitamina E, vitamina C y prebi\u00f3ticos que contribuyen a potenciar las defensas del organismo.<\/p>\n<\/div>\n<\/div>\n<\/div>\n<\/div>\n<\/div>\n<\/section>\n<section class=\"elementor-section elementor-top-section elementor-element elementor-element-685140c elementor-section-boxed elementor-section-height-default elementor-section-height-default\" data-id=\"685140c\" data-element_type=\"section\" data-settings=\"{&quot;background_background&quot;:&quot;classic&quot;}\">\n<div class=\"elementor-container elementor-column-gap-default\">\n<div class=\"elementor-column elementor-col-33 elementor-top-column elementor-element elementor-element-9d26744\" data-id=\"9d26744\" data-element_type=\"column\">\n<div class=\"elementor-widget-wrap elementor-element-populated\">\n<div class=\"elementor-element elementor-element-9b2ca59 elementor-widget elementor-widget-image\" data-id=\"9b2ca59\" data-element_type=\"widget\" data-widget_type=\"image.default\">\n<div class=\"elementor-widget-container\"><\/div>\n<\/div>\n<div class=\"elementor-element elementor-element-9084a9a elementor-widget elementor-widget-text-editor\" data-id=\"9084a9a\" data-element_type=\"widget\" data-widget_type=\"text-editor.default\">\n<div class=\"elementor-widget-container\">\n<p><strong>Estimula salud intestinal:<\/strong><\/p>\n<p>Contiene levaduras, manano-oligosac\u00e1ridos y fibra diet\u00e9tica que colaboran en el control de la flora intestinal.<\/p>\n<\/div>\n<\/div>\n<\/div>\n<\/div>\n<div class=\"elementor-column elementor-col-33 elementor-top-column elementor-element elementor-element-b34b399\" data-id=\"b34b399\" data-element_type=\"column\">\n<div class=\"elementor-widget-wrap elementor-element-populated\">\n<div class=\"elementor-element elementor-element-d0eb979 elementor-widget elementor-widget-image\" data-id=\"d0eb979\" data-element_type=\"widget\" data-widget_type=\"image.default\">\n<div class=\"elementor-widget-container\"><\/div>\n<\/div>\n<div class=\"elementor-element elementor-element-e8cd384 elementor-widget elementor-widget-text-editor\" data-id=\"e8cd384\" data-element_type=\"widget\" data-widget_type=\"text-editor.default\">\n<div class=\"elementor-widget-container\">\n<p><strong>Protege las articulaciones:<\/strong><\/p>\n<p>Contiene sulfato de condroitina que ayuda a proteger las articulaciones.<\/p>\n<\/div>\n<\/div>\n<\/div>\n<\/div>\n<div class=\"elementor-column elementor-col-33 elementor-top-column elementor-element elementor-element-6481bb6\" data-id=\"6481bb6\" data-element_type=\"column\">\n<div class=\"elementor-widget-wrap elementor-element-populated\">\n<div class=\"elementor-element elementor-element-6daa68c elementor-widget elementor-widget-image\" data-id=\"6daa68c\" data-element_type=\"widget\" data-widget_type=\"image.default\">\n<div class=\"elementor-widget-container\"><\/div>\n<\/div>\n<div class=\"elementor-element elementor-element-d957a34 elementor-widget elementor-widget-text-editor\" data-id=\"d957a34\" data-element_type=\"widget\" data-widget_type=\"text-editor.default\">\n<div class=\"elementor-widget-container\">\n<p><strong>Piel y pelo sanos:<\/strong><\/p>\n<p>Contiene \u00c1cidos Grasos, Omega 3 y Omega 6.<\/p>\n<\/div>\n<div><\/div>\n<\/div>\n<div>\n<div id=\"elementor-tab-title-1121\" class=\"elementor-tab-title elementor-active\" tabindex=\"0\" role=\"button\" data-tab=\"1\" aria-controls=\"elementor-tab-content-1121\" aria-expanded=\"true\"><strong><a class=\"elementor-accordion-title\">Ingredientes:<\/a><\/strong><\/div>\n<div id=\"elementor-tab-content-1121\" class=\"elementor-tab-content elementor-clearfix elementor-active\" role=\"region\" data-tab=\"1\" aria-labelledby=\"elementor-tab-title-1121\">\n<p>Harina de v\u00edsceras de pollo, arroz, gluten de ma\u00edz, aceite de pollo y\/o sebo bovino, ma\u00edz, trigo, hidrolizado de menudencias porcinas y\/o bovinas y\/o aviares, harina de pescado, aceite de pescado, extracto de yucca, zeolita, inulina, pulpa de remolacha, carbonato de calcio, fosfato dic\u00e1lcico, sal, cloruro de potasio, extracto de levaduras (fuente de manano-oligosac\u00e1ridos), cloruro de colina, metionina, lisina, vitaminas (A, D3, K3, E, B1, B2, B3, B6, B12, C, B5, B9, B7), oligoelementos (sulfato de manganeso, sulfato ferroso, sulfato de zinc, metionina de zinc, sulfato de cobre, iodato de calcio, selenito de sodio, selenio levadura), antioxidante: BHA\/BHT, \u00e1cido propi\u00f3nico, sulfato de condroitina.<\/p>\n<p>Prote\u00edna bruta (m\u00edn.) 25 % Extracto et\u00e9reo (m\u00edn.) 14 % Fibra cruda (m\u00e1x.) 4% Minerales totales (m\u00e1x.) 7 % Humedad (m\u00e1x.) 12 % Calcio (m\u00edn. \u2013 m\u00e1x.) 1.3 \u2013 1.6 % F\u00f3sforo (m\u00edn. \u2013 m\u00e1x.) 0.9 \u2013 1.3 % Valor energ\u00e9tico: 3.900 kcal\/kg de MS<\/p>\n<\/div>\n<\/div>\n<\/div>\n<\/div>\n<\/div>\n<\/section>\n","protected":false},"excerpt":{"rendered":"<h5>Dog Pro Adultos x 20 kg + Hueso Gigante de Regalo!<\/h5>\n<section class=\"elementor-section elementor-top-section elementor-element elementor-element-f879abb elementor-section-full_width elementor-section-height-default elementor-section-height-default\" data-id=\"f879abb\" data-element_type=\"section\" data-settings=\"{&quot;background_background&quot;:&quot;classic&quot;}\">\n<div class=\"elementor-container elementor-column-gap-default\">\n<div class=\"elementor-column elementor-col-100 elementor-top-column elementor-element elementor-element-bb888e2\" data-id=\"bb888e2\" data-element_type=\"column\">\n<div class=\"elementor-widget-wrap elementor-element-populated\">\n<div class=\"elementor-element elementor-element-8171a55 elementor-widget elementor-widget-text-editor\" data-id=\"8171a55\" data-element_type=\"widget\" data-widget_type=\"text-editor.default\">\n<div class=\"elementor-widget-container\">\n<p><strong>Ayuda a fortalecer el sistema inmunol\u00f3gico:<\/strong><\/p>\n<p>Contiene vitamina E, vitamina C y prebi\u00f3ticos que contribuyen a potenciar las defensas del organismo.<\/p>\n<\/div>\n<\/div>\n<\/div>\n<\/div>\n<\/div>\n<\/section>\n<section class=\"elementor-section elementor-top-section elementor-element elementor-element-685140c elementor-section-boxed elementor-section-height-default elementor-section-height-default\" data-id=\"685140c\" data-element_type=\"section\" data-settings=\"{&quot;background_background&quot;:&quot;classic&quot;}\">\n<div class=\"elementor-container elementor-column-gap-default\">\n<div class=\"elementor-column elementor-col-33 elementor-top-column elementor-element elementor-element-9d26744\" data-id=\"9d26744\" data-element_type=\"column\">\n<div class=\"elementor-widget-wrap elementor-element-populated\">\n<div class=\"elementor-element elementor-element-9b2ca59 elementor-widget elementor-widget-image\" data-id=\"9b2ca59\" data-element_type=\"widget\" data-widget_type=\"image.default\">\n<div class=\"elementor-widget-container\"><\/div>\n<\/div>\n<div class=\"elementor-element elementor-element-9084a9a elementor-widget elementor-widget-text-editor\" data-id=\"9084a9a\" data-element_type=\"widget\" data-widget_type=\"text-editor.default\">\n<div class=\"elementor-widget-container\">\n<p><strong>Estimula salud intestinal:<\/strong><\/p>\n<p>Contiene levaduras, manano-oligosac\u00e1ridos y fibra diet\u00e9tica que colaboran en el control de la flora intestinal.<\/p>\n<\/div>\n<\/div>\n<\/div>\n<\/div>\n<div class=\"elementor-column elementor-col-33 elementor-top-column elementor-element elementor-element-b34b399\" data-id=\"b34b399\" data-element_type=\"column\">\n<div class=\"elementor-widget-wrap elementor-element-populated\">\n<div class=\"elementor-element elementor-element-d0eb979 elementor-widget elementor-widget-image\" data-id=\"d0eb979\" data-element_type=\"widget\" data-widget_type=\"image.default\">\n<div class=\"elementor-widget-container\"><\/div>\n<\/div>\n<div class=\"elementor-element elementor-element-e8cd384 elementor-widget elementor-widget-text-editor\" data-id=\"e8cd384\" data-element_type=\"widget\" data-widget_type=\"text-editor.default\">\n<div class=\"elementor-widget-container\">\n<p><strong>Protege las articulaciones:<\/strong><\/p>\n<p>Contiene sulfato de condroitina que ayuda a proteger las articulaciones.<\/p>\n<\/div>\n<\/div>\n<\/div>\n<\/div>\n<div class=\"elementor-column elementor-col-33 elementor-top-column elementor-element elementor-element-6481bb6\" data-id=\"6481bb6\" data-element_type=\"column\">\n<div class=\"elementor-widget-wrap elementor-element-populated\">\n<div class=\"elementor-element elementor-element-6daa68c elementor-widget elementor-widget-image\" data-id=\"6daa68c\" data-element_type=\"widget\" data-widget_type=\"image.default\">\n<div class=\"elementor-widget-container\"><\/div>\n<\/div>\n<div class=\"elementor-element elementor-element-d957a34 elementor-widget elementor-widget-text-editor\" data-id=\"d957a34\" data-element_type=\"widget\" data-widget_type=\"text-editor.default\">\n<div class=\"elementor-widget-container\">\n<p><strong>Piel y pelo sanos:<\/strong><\/p>\n<p>Contiene \u00c1cidos Grasos, Omega 3 y Omega 6.<\/p>\n<\/div>\n<div><\/div>\n<p><strong>25% de prote\u00ednas<\/strong><\/p>\n<\/div>\n<\/div>\n<\/div>\n<\/div>\n<\/section>\n","protected":false},"featured_media":2346,"template":"","meta":{"_gspb_post_css":"","_joinchat":[]},"product_brand":[132],"product_cat":[137,29,61],"product_tag":[41,32,64],"class_list":{"0":"post-2144","1":"product","2":"type-product","3":"status-publish","4":"has-post-thumbnail","6":"product_brand-dogpro","7":"product_cat-perrosadultos","8":"product_cat-alimentoparaperros","9":"product_cat-promociones","10":"product_tag-20kg","11":"product_tag-adultos","12":"product_tag-premium","14":"first","15":"instock","16":"shipping-taxable","17":"purchasable","18":"product-type-simple"},"jetpack_sharing_enabled":true,"_links":{"self":[{"href":"https:\/\/mascoweb.com.ar\/tienda\/wp-json\/wp\/v2\/product\/2144","targetHints":{"allow":["GET"]}}],"collection":[{"href":"https:\/\/mascoweb.com.ar\/tienda\/wp-json\/wp\/v2\/product"}],"about":[{"href":"https:\/\/mascoweb.com.ar\/tienda\/wp-json\/wp\/v2\/types\/product"}],"wp:featuredmedia":[{"embeddable":true,"href":"https:\/\/mascoweb.com.ar\/tienda\/wp-json\/wp\/v2\/media\/2346"}],"wp:attachment":[{"href":"https:\/\/mascoweb.com.ar\/tienda\/wp-json\/wp\/v2\/media?parent=2144"}],"wp:term":[{"taxonomy":"product_brand","embeddable":true,"href":"https:\/\/mascoweb.com.ar\/tienda\/wp-json\/wp\/v2\/product_brand?post=2144"},{"taxonomy":"product_cat","embeddable":true,"href":"https:\/\/mascoweb.com.ar\/tienda\/wp-json\/wp\/v2\/product_cat?post=2144"},{"taxonomy":"product_tag","embeddable":true,"href":"https:\/\/mascoweb.com.ar\/tienda\/wp-json\/wp\/v2\/product_tag?post=2144"}],"curies":[{"name":"wp","href":"https:\/\/api.w.org\/{rel}","templated":true}]}}