{"id":2151,"date":"2025-03-13T18:46:55","date_gmt":"2025-03-13T21:46:55","guid":{"rendered":"https:\/\/mascoweb.com.ar\/tienda\/?post_type=product&#038;p=2151"},"modified":"2026-02-04T10:32:18","modified_gmt":"2026-02-04T13:32:18","slug":"pellets-sanitarios-pino-x-26-dm3-pellcat","status":"publish","type":"product","link":"https:\/\/mascoweb.com.ar\/tienda\/producto\/pellets-sanitarios-pino-x-26-dm3-pellcat\/","title":{"rendered":"Pellets Sanitarios Pino x 2,6 dm3 Pellcat"},"content":{"rendered":"<h5>Pellets Sanitarios Pino x 2,6 dm3 Pellcat<\/h5>\n<p>\u2013 Bolsa de 2,6 dm3. Rendimiento &gt; 20 d\u00edas<\/p>\n<p><strong>Composici\u00f3n Natural:\u00a0<\/strong>Es un material completamente natural, sin la adici\u00f3n de qu\u00edmicos ni aditivos\u00a0 artificiales.<\/p>\n<p><strong>pH Neutro:\u00a0<\/strong>El sanitario para mascotas de piedra de diatomita mantiene un pH neutro, lo que lo convierte<br \/>\nen un producto seguro y adecuado para el uso de mascotas. No contiene sustancias que puedan alterar el equilibrio natural del entorno de la mascota.<\/p>\n<p><strong>Beneficios para la Salud:\u00a0<\/strong>Debido a su composici\u00f3n natural y a la ausencia de qu\u00edmicos, este sanitario para mascotas es una opci\u00f3n saludable y respetuosa con el bienestar de tu mascota.<\/p>\n<p><strong>Sostenibilidad Ambiental:\u00a0<\/strong>Al ser un producto 100% natural, el sanitario de piedra de diatomita se integra perfectamente en el ciclo natural sin generar residuos contaminantes. Su uso contribuye a la preservaci\u00f3n del<br \/>\nmedio ambiente y a la reducci\u00f3n de la huella ecol\u00f3gica.<br \/>\nEn resumen, el sanitario para mascotas de piedra de diatomita blanca es una alternativa<br \/>\nnatural, segura y sostenible para el cuidado de tus compa\u00f1eros peludos. Disfruta de la<br \/>\ntranquilidad de saber que est\u00e1s brindando a tu mascota un ambiente saludable y respetuoso<br \/>\ncon el medio ambiente<\/p>\n","protected":false},"excerpt":{"rendered":"<h5>Pellets Sanitarios Pino x 2,6 dm3 Pellcat<\/h5>\n<p>\u2013 Bolsa de 2,6 dm3. Rendimiento &gt; 20 d\u00edas<\/p>\n<p><strong>Composici\u00f3n Natural:\u00a0<\/strong>Es un material completamente natural, sin la adici\u00f3n de qu\u00edmicos ni aditivos\u00a0 artificiales.<\/p>\n<p><strong>pH Neutro:\u00a0<\/strong>El sanitario para mascotas de piedra de diatomita mantiene un pH neutro, lo que lo convierte<br \/>\nen un producto seguro y adecuado para el uso de mascotas. No contiene sustancias que puedan alterar el equilibrio natural del entorno de la mascota.<\/p>\n<p><strong>Beneficios para la Salud:\u00a0<\/strong>Debido a su composici\u00f3n natural y a la ausencia de qu\u00edmicos, este sanitario para mascotas es una opci\u00f3n saludable y respetuosa con el bienestar de tu mascota.<\/p>\n<p><strong>Sostenibilidad Ambiental:\u00a0<\/strong>Al ser un producto 100% natural, el sanitario de piedra de diatomita se integra perfectamente en el ciclo natural sin generar residuos contaminantes. Su uso contribuye a la preservaci\u00f3n del<br \/>\nmedio ambiente y a la reducci\u00f3n de la huella ecol\u00f3gica.<br \/>\nEn resumen, el sanitario para mascotas de piedra de diatomita blanca es una alternativa<br \/>\nnatural, segura y sostenible para el cuidado de tus compa\u00f1eros peludos. Disfruta de la<br \/>\ntranquilidad de saber que est\u00e1s brindando a tu mascota un ambiente saludable y respetuoso<br \/>\ncon el medio ambiente<\/p>\n","protected":false},"featured_media":2152,"template":"","meta":{"_gspb_post_css":"","_joinchat":[]},"product_brand":[],"product_cat":[80],"product_tag":[],"class_list":{"0":"post-2151","1":"product","2":"type-product","3":"status-publish","4":"has-post-thumbnail","6":"product_cat-piedrasypellets","8":"first","9":"instock","10":"shipping-taxable","11":"purchasable","12":"product-type-simple"},"jetpack_sharing_enabled":true,"_links":{"self":[{"href":"https:\/\/mascoweb.com.ar\/tienda\/wp-json\/wp\/v2\/product\/2151","targetHints":{"allow":["GET"]}}],"collection":[{"href":"https:\/\/mascoweb.com.ar\/tienda\/wp-json\/wp\/v2\/product"}],"about":[{"href":"https:\/\/mascoweb.com.ar\/tienda\/wp-json\/wp\/v2\/types\/product"}],"wp:featuredmedia":[{"embeddable":true,"href":"https:\/\/mascoweb.com.ar\/tienda\/wp-json\/wp\/v2\/media\/2152"}],"wp:attachment":[{"href":"https:\/\/mascoweb.com.ar\/tienda\/wp-json\/wp\/v2\/media?parent=2151"}],"wp:term":[{"taxonomy":"product_brand","embeddable":true,"href":"https:\/\/mascoweb.com.ar\/tienda\/wp-json\/wp\/v2\/product_brand?post=2151"},{"taxonomy":"product_cat","embeddable":true,"href":"https:\/\/mascoweb.com.ar\/tienda\/wp-json\/wp\/v2\/product_cat?post=2151"},{"taxonomy":"product_tag","embeddable":true,"href":"https:\/\/mascoweb.com.ar\/tienda\/wp-json\/wp\/v2\/product_tag?post=2151"}],"curies":[{"name":"wp","href":"https:\/\/api.w.org\/{rel}","templated":true}]}}