{"id":2166,"date":"2025-03-17T11:53:34","date_gmt":"2025-03-17T14:53:34","guid":{"rendered":"https:\/\/mascoweb.com.ar\/tienda\/?post_type=product&#038;p=2166"},"modified":"2026-03-25T16:59:34","modified_gmt":"2026-03-25T19:59:34","slug":"caja-x-15-pouchs-pro-plan-sabor-pollo","status":"publish","type":"product","link":"https:\/\/mascoweb.com.ar\/tienda\/producto\/caja-x-15-pouchs-pro-plan-sabor-pollo\/","title":{"rendered":"Caja x 15 Pouchs Pro Plan Gato sabor pollo"},"content":{"rendered":"<h5>Caja x 15 Pouchs Pro Plan sabor pollo<\/h5>\n<p>Alimento h\u00famedo completo y balanceado para gatos adultos de todas las razas.<\/p>\n<p>PURINA<sup>\u00ae<\/sup>\u00a0PRO PLAN<sup>\u00ae<\/sup>\u00a0alimento h\u00famedo combina la nutrici\u00f3n que tu deseas con el sabor que a ellos les encanta. Un alimento 100% completo y balanceado, con deliciosos trozos en salsa y beneficios nutricionales \u00fanicos para cada necesidad.<\/p>\n<div id=\"ingredientBody\" class=\"accordion-collapse collapse show\" aria-labelledby=\"ingredient\">\n<div class=\"accordion-body\">\n<div class=\"internal-products-section-accordion-body\">\n<div class=\"wysiwyg py-md-3 px-md-0 p-2 py-4\">\n<div>\n<p><strong>Igredientes:<\/strong> Agua suficiente para proceso, carne de pollo, gluten de trigo, h\u00edgado de cerdo, carne de at\u00fan, v\u00edsceras de cerdo, arroz salvaje, almid\u00f3n de ma\u00edz modificado, sabores artificiales y naturales, sal, concentrado proteico de soya, fosfato tric\u00e1lcico, cloruro de potasio, colorantes (di\u00f3xido de titanio, \u00f3xido de hierro), taurina, cloruro de colina, suplemento de vitamina E, mononitrato de tiamina, sulfato de zinc, sulfato ferroso, niacina, pantotenato de calcio, suplemento de vitamina A, complejo s\u00f3dico de bisulfito de menadiona (fuente de actividad de vitamina K), sulfato de cobre, sulfato de manganeso, hidrocloruro de piridoxina, suplemento de riboflavina, suplemento de vitamina B12, biotina, \u00e1cido f\u00f3lico, suplemento de vitamina D3, ioduro de potasio.<\/p>\n<\/div>\n<\/div>\n<\/div>\n<\/div>\n<\/div>\n<table class=\"table striped internal-products-section-accordion-body-table\">\n<thead>\n<tr>\n<th scope=\"col\">Nutriente<\/th>\n<th scope=\"col\">M\u00edn.<\/th>\n<th scope=\"col\">M\u00e1x.<\/th>\n<\/tr>\n<\/thead>\n<tbody>\n<tr>\n<td class=\"p-2\">Humedad (ma\u0301x.)<\/td>\n<td class=\"p-2\">&#8211;<\/td>\n<td class=\"p-2\">790 g\/kg (79,0%)<\/td>\n<\/tr>\n<tr>\n<td class=\"p-2\">Cruda (mi\u0301n.)<\/td>\n<td class=\"p-2\">115 g\/kg (11,5%)<\/td>\n<td class=\"p-2\">&#8211;<\/td>\n<\/tr>\n<tr>\n<td class=\"p-2\">Grasa Cruda (mi\u0301n)<\/td>\n<td class=\"p-2\">30 g\/kg (3,0%)<\/td>\n<td class=\"p-2\">&#8211;<\/td>\n<\/tr>\n<tr>\n<td class=\"p-2\">Fibra Cruda (ma\u0301x.)<\/td>\n<td class=\"p-2\">&#8211;<\/td>\n<td class=\"p-2\">3.000 mg\/kg (0,30%)<\/td>\n<\/tr>\n<tr>\n<td class=\"p-2\">Cenizas (ma\u0301x.)<\/td>\n<td class=\"p-2\">&#8211;<\/td>\n<td class=\"p-2\">19 g\/kg (1,9%)<\/td>\n<\/tr>\n<tr>\n<td class=\"p-2\">Calcio (mi\u0301n.\/ma\u0301x.)<\/td>\n<td class=\"p-2\">1.500 mg\/kg 0,15%<\/td>\n<td class=\"p-2\">4.000 mg\/kg 0,40%<\/td>\n<\/tr>\n<tr>\n<td class=\"p-2\">Fosforo (mi\u0301n.\/ma\u0301x.)<\/td>\n<td class=\"p-2\">1.300 mg\/kg 0,13%<\/td>\n<td class=\"p-2\">3.500 mg\/kg 0,35%<\/td>\n<\/tr>\n<tr>\n<td class=\"p-2\">Sodio (mi\u0301n.)<\/td>\n<td class=\"p-2\">1.000 mg\/kg (0,10%)<\/td>\n<td class=\"p-2\">&#8211;<\/td>\n<\/tr>\n<tr>\n<td class=\"p-2\">Potasio (mi\u0301n.)<\/td>\n<td class=\"p-2\">1.000 mg\/kg (0,10%)<\/td>\n<td class=\"p-2\">&#8211;<\/td>\n<\/tr>\n<tr>\n<td class=\"p-2\">Taurina (mi\u0301n.)<\/td>\n<td class=\"p-2\">700 mg\/kg (0,07%)<\/td>\n<td class=\"p-2\">&#8211;<\/td>\n<\/tr>\n<tr>\n<td class=\"p-2\">Frutanos totais (mi\u0301n)<\/td>\n<td class=\"p-2\">3500 mg\/kg<\/td>\n<td class=\"p-2\"><\/td>\n<\/tr>\n<tr>\n<td class=\"p-2\">Metabolizable 950kcal\/kg<\/td>\n<td class=\"p-2\">(81 kcal por sobre)<\/td>\n<td class=\"p-2\"><\/td>\n<\/tr>\n<\/tbody>\n<\/table>\n","protected":false},"excerpt":{"rendered":"<h5>Caja x 15 Pouchs Pro Plan sabor pollo<\/h5>\n<p>Alimento h\u00famedo completo y balanceado para gatos adultos de todas las razas.<\/p>\n<p>PURINA<sup>\u00ae<\/sup>\u00a0PRO PLAN<sup>\u00ae<\/sup>\u00a0alimento h\u00famedo combina la nutrici\u00f3n que tu deseas con el sabor que a ellos les encanta. Un alimento 100% completo y balanceado, con deliciosos trozos en salsa y beneficios nutricionales \u00fanicos para cada necesidad.<\/p>\n","protected":false},"featured_media":2167,"template":"","meta":{"_gspb_post_css":"","_joinchat":[]},"product_brand":[109],"product_cat":[116],"product_tag":[],"class_list":{"0":"post-2166","1":"product","2":"type-product","3":"status-publish","4":"has-post-thumbnail","6":"product_brand-proplan","7":"product_cat-alimentos-humedos","9":"first","10":"instock","11":"shipping-taxable","12":"purchasable","13":"product-type-simple"},"jetpack_sharing_enabled":true,"_links":{"self":[{"href":"https:\/\/mascoweb.com.ar\/tienda\/wp-json\/wp\/v2\/product\/2166","targetHints":{"allow":["GET"]}}],"collection":[{"href":"https:\/\/mascoweb.com.ar\/tienda\/wp-json\/wp\/v2\/product"}],"about":[{"href":"https:\/\/mascoweb.com.ar\/tienda\/wp-json\/wp\/v2\/types\/product"}],"wp:featuredmedia":[{"embeddable":true,"href":"https:\/\/mascoweb.com.ar\/tienda\/wp-json\/wp\/v2\/media\/2167"}],"wp:attachment":[{"href":"https:\/\/mascoweb.com.ar\/tienda\/wp-json\/wp\/v2\/media?parent=2166"}],"wp:term":[{"taxonomy":"product_brand","embeddable":true,"href":"https:\/\/mascoweb.com.ar\/tienda\/wp-json\/wp\/v2\/product_brand?post=2166"},{"taxonomy":"product_cat","embeddable":true,"href":"https:\/\/mascoweb.com.ar\/tienda\/wp-json\/wp\/v2\/product_cat?post=2166"},{"taxonomy":"product_tag","embeddable":true,"href":"https:\/\/mascoweb.com.ar\/tienda\/wp-json\/wp\/v2\/product_tag?post=2166"}],"curies":[{"name":"wp","href":"https:\/\/api.w.org\/{rel}","templated":true}]}}