{"id":2168,"date":"2025-03-17T12:02:46","date_gmt":"2025-03-17T15:02:46","guid":{"rendered":"https:\/\/mascoweb.com.ar\/tienda\/?post_type=product&#038;p=2168"},"modified":"2026-03-25T16:48:43","modified_gmt":"2026-03-25T19:48:43","slug":"excellent-reducido-en-calorias-x-3-kg","status":"publish","type":"product","link":"https:\/\/mascoweb.com.ar\/tienda\/producto\/excellent-reducido-en-calorias-x-3-kg\/","title":{"rendered":"Excellent Reducido en Calor\u00edas x 3 kg"},"content":{"rendered":"<h5>Excellent Reducido en Calor\u00edas x 3 kg<\/h5>\n<p>PURINA\u00ae EXCELLENT\u2122 le ofrece una f\u00f3rmula con inclusi\u00f3n de una proporci\u00f3n alta de prote\u00ednas de alta digestibilidad y baja en grasas es clave para una disminuci\u00f3n de peso adecuado, manteniendo la masa corporal magra.<\/p>\n","protected":false},"excerpt":{"rendered":"<p>PURINA\u00ae EXCELLENT\u2122 le ofrece una f\u00f3rmula con inclusi\u00f3n de una proporci\u00f3n alta de prote\u00ednas de alta digestibilidad y baja en grasas es clave para una disminuci\u00f3n de peso adecuado, manteniendo la masa corporal magra.<\/p>\n<p>Con el sistema SMART NUTRITION BY PURINA\u00ae, que aporta m\u00faltiples beneficios cient\u00edficamente comprobados, que mantienen a tu perro adulto con un excelente estado de salud.<\/p>\n<p><strong>Contribuye a la p\u00e9rdida saludable de peso* y a mantener una condici\u00f3n corporal ideal<\/strong><br \/>\nProporci\u00f3n alta de prote\u00ednas de alta digestibilidad y baja en grasas, clave para una disminuci\u00f3n de peso adecuada y para mantener la masa corporal magra.<br \/>\n*Contiene 12% menos calor\u00edas, que el alimento PURINA\u00ae EXCELLENT\u2122 Adult Razas Medianas y Grandes.<br \/>\n*Contiene 14% menos calor\u00edas, que el alimento PURINA\u00ae EXCELLENT\u2122 Adult Razas Peque\u00f1as.<\/p>\n<p><strong>Ayuda a promover la saciedad<\/strong><br \/>\nLa incorporaci\u00f3n de fuentes de fibra alimentaria ayuda a generar sensaci\u00f3n de saciedad y a moderar la incorporaci\u00f3n de calor\u00edas en el organismo, lo que permite conseguir una condici\u00f3n corporal apropiada.<\/p>\n<p><strong>Contribuye con el equilibrio intestinal y una \u00f3ptima absorci\u00f3n de nutrientes<\/strong><br \/>\nCon prebi\u00f3tico natural que ayuda a optimizar el equilibrio intestinal, en una f\u00f3rmula que colabora con una buena salud digestiva y una \u00f3ptima absorci\u00f3n de nutrientes. Con fibra natural que ayuda a producir heces firmes.<\/p>\n<p><strong>Favorece a una piel y pelaje saludables<\/strong><br \/>\nLa combinaci\u00f3n de los \u00e1cidos grasos Omega 6 y 3 junto a vitaminas y minerales favorecen una piel y pelaje saludables.<\/p>\n","protected":false},"featured_media":2169,"template":"","meta":{"_gspb_post_css":"","_joinchat":[]},"product_brand":[58],"product_cat":[29,141],"product_tag":[49,32,36,63],"class_list":{"0":"post-2168","1":"product","2":"type-product","3":"status-publish","4":"has-post-thumbnail","6":"product_brand-excellent","7":"product_cat-alimentoparaperros","8":"product_cat-perroslight","9":"product_tag-3kg","10":"product_tag-adultos","11":"product_tag-light","12":"product_tag-superpremium","14":"first","15":"instock","16":"shipping-taxable","17":"purchasable","18":"product-type-simple"},"jetpack_sharing_enabled":true,"_links":{"self":[{"href":"https:\/\/mascoweb.com.ar\/tienda\/wp-json\/wp\/v2\/product\/2168","targetHints":{"allow":["GET"]}}],"collection":[{"href":"https:\/\/mascoweb.com.ar\/tienda\/wp-json\/wp\/v2\/product"}],"about":[{"href":"https:\/\/mascoweb.com.ar\/tienda\/wp-json\/wp\/v2\/types\/product"}],"wp:featuredmedia":[{"embeddable":true,"href":"https:\/\/mascoweb.com.ar\/tienda\/wp-json\/wp\/v2\/media\/2169"}],"wp:attachment":[{"href":"https:\/\/mascoweb.com.ar\/tienda\/wp-json\/wp\/v2\/media?parent=2168"}],"wp:term":[{"taxonomy":"product_brand","embeddable":true,"href":"https:\/\/mascoweb.com.ar\/tienda\/wp-json\/wp\/v2\/product_brand?post=2168"},{"taxonomy":"product_cat","embeddable":true,"href":"https:\/\/mascoweb.com.ar\/tienda\/wp-json\/wp\/v2\/product_cat?post=2168"},{"taxonomy":"product_tag","embeddable":true,"href":"https:\/\/mascoweb.com.ar\/tienda\/wp-json\/wp\/v2\/product_tag?post=2168"}],"curies":[{"name":"wp","href":"https:\/\/api.w.org\/{rel}","templated":true}]}}