{"id":2189,"date":"2025-03-19T10:50:36","date_gmt":"2025-03-19T13:50:36","guid":{"rendered":"https:\/\/mascoweb.com.ar\/tienda\/?post_type=product&#038;p=2189"},"modified":"2026-03-25T16:58:00","modified_gmt":"2026-03-25T19:58:00","slug":"pro-plan-adulto-small-x-123-kg","status":"publish","type":"product","link":"https:\/\/mascoweb.com.ar\/tienda\/producto\/pro-plan-adulto-small-x-123-kg\/","title":{"rendered":"Pro Plan Adulto Small x 12+3 kg"},"content":{"rendered":"<h5>Pro Plan Adulto Small x 12+3 kg<\/h5>\n<p>Carne de Pollo, Arroz, Harina de Subproductos de Pollo, Ma\u00edz, Harina de Gluten de Ma\u00edz, Grasa Vacuna y\/o Aceite de Pollo Preservados con Tocoferoles Mezclados (Fuente de Vitamina E), Trigo, Digesto Animal (A Base de Subproductos de Pollo y\/o Porcino), Carbonato de Calcio y\/o Fosfato Bicalcico, Cloruro de Potasio, Huevo en Polvo, Sal, Aceite de Pescado, Cloruro de Colina, L-Lisina, Spirulina (Arthrospira platensis), Suplementos Vitam\u00ednicos (A, D3, E, B12), Dl-Metionina, Taurina, Levadura Seca (Saccharomyces cerevisiae ssp), Sulfato de Zinc, Proteinato de Zinc, Sulfato Ferroso, Sulfato de Manganeso, Proteinato de Manganeso, Sulfato de Cobre, Proteinato de Cobre, Iodato de Calcio, Selenito de Sodio, BHT, Niacina, Pantotenato de Calcio, Suplemento de Riboavina, Mononitrato de Tiamina, \u00c1cido F\u00f3lico, Clorhidrato de Piridoxina.<\/p>\n","protected":false},"excerpt":{"rendered":"<h5>Pro Plan Adulto Small x 12+3 kg<\/h5>\n<p>Provee nutrici\u00f3n de avanzada que ayuda a los perros de razas peque\u00f1as a mantenerse fuertes y llenos de vitalidad.<\/p>\n<p>Para satisfacer las necesidades nutricionales espec\u00edficas de los perros de razas peque\u00f1as, PRO PLAN\u00ae ha desarrollado OptiHealth Razas Peque\u00f1as, una f\u00f3rmula que ofrece nutrici\u00f3n concentrada con \u00f3ptimos niveles de prote\u00ednas (29%) y grasas (17%).<\/p>\n","protected":false},"featured_media":1452,"template":"","meta":{"_gspb_post_css":"","_joinchat":[]},"product_brand":[109],"product_cat":[137,29,140],"product_tag":[44,32,34,63],"class_list":{"0":"post-2189","1":"product","2":"type-product","3":"status-publish","4":"has-post-thumbnail","6":"product_brand-proplan","7":"product_cat-perrosadultos","8":"product_cat-alimentoparaperros","9":"product_cat-mordidapequenia","10":"product_tag-15kg","11":"product_tag-adultos","12":"product_tag-mordida-pequena","13":"product_tag-superpremium","15":"first","16":"outofstock","17":"shipping-taxable","18":"purchasable","19":"product-type-simple"},"jetpack_sharing_enabled":true,"_links":{"self":[{"href":"https:\/\/mascoweb.com.ar\/tienda\/wp-json\/wp\/v2\/product\/2189","targetHints":{"allow":["GET"]}}],"collection":[{"href":"https:\/\/mascoweb.com.ar\/tienda\/wp-json\/wp\/v2\/product"}],"about":[{"href":"https:\/\/mascoweb.com.ar\/tienda\/wp-json\/wp\/v2\/types\/product"}],"wp:featuredmedia":[{"embeddable":true,"href":"https:\/\/mascoweb.com.ar\/tienda\/wp-json\/wp\/v2\/media\/1452"}],"wp:attachment":[{"href":"https:\/\/mascoweb.com.ar\/tienda\/wp-json\/wp\/v2\/media?parent=2189"}],"wp:term":[{"taxonomy":"product_brand","embeddable":true,"href":"https:\/\/mascoweb.com.ar\/tienda\/wp-json\/wp\/v2\/product_brand?post=2189"},{"taxonomy":"product_cat","embeddable":true,"href":"https:\/\/mascoweb.com.ar\/tienda\/wp-json\/wp\/v2\/product_cat?post=2189"},{"taxonomy":"product_tag","embeddable":true,"href":"https:\/\/mascoweb.com.ar\/tienda\/wp-json\/wp\/v2\/product_tag?post=2189"}],"curies":[{"name":"wp","href":"https:\/\/api.w.org\/{rel}","templated":true}]}}