{"id":2195,"date":"2025-03-19T15:23:58","date_gmt":"2025-03-19T18:23:58","guid":{"rendered":"https:\/\/mascoweb.com.ar\/tienda\/?post_type=product&#038;p=2195"},"modified":"2025-12-15T11:35:37","modified_gmt":"2025-12-15T14:35:37","slug":"colchoneta-doble-antidesgarro-60-x-70-cm","status":"publish","type":"product","link":"https:\/\/mascoweb.com.ar\/tienda\/producto\/colchoneta-doble-antidesgarro-60-x-70-cm\/","title":{"rendered":"Colchoneta Doble Antidesgarro 60 x 70 cm"},"content":{"rendered":"<div>\n<div>\n<div>\n<h5 id=\"producto_titulo_356\" class=\"producto-titulo\">COLCHONETA DOBLE ANTIDESGARRO 60 x 70 cm<\/h5>\n<\/div>\n<\/div>\n<div class=\"precio-box\"><\/div>\n<\/div>\n<div>\n<div class=\"producto-descripcion\">Parte superior e inferior de cordura antidesgarro, posee fuelle en los laterales<\/div>\n<div><\/div>\n<div>Dise\u00f1os sujetos a disponibilidad (ver galer\u00eda con dise\u00f1os disponibles)<\/div>\n<\/div>\n","protected":false},"excerpt":{"rendered":"<p>&nbsp;<\/p>\n<div>\n<div>\n<div>\n<h5 id=\"producto_titulo_356\" class=\"producto-titulo\">COLCHONETA DOBLE ANTIDESGARRO 60 x 70 cm<\/h5>\n<\/div>\n<\/div>\n<\/div>\n<div>\n<div class=\"producto-descripcion\">Parte superior e inferior de cordura antidesgarro, posee fuelle en los laterales<\/div>\n<div><\/div>\n<div>Dise\u00f1os sujetos a disponibilidad (ver galer\u00eda con dise\u00f1os disponibles)<\/div>\n<\/div>\n","protected":false},"featured_media":2196,"template":"","meta":{"_gspb_post_css":"","_joinchat":[]},"product_brand":[],"product_cat":[121],"product_tag":[],"class_list":{"0":"post-2195","1":"product","2":"type-product","3":"status-publish","4":"has-post-thumbnail","6":"product_cat-colchonetas","8":"first","9":"instock","10":"shipping-taxable","11":"purchasable","12":"product-type-simple"},"jetpack_sharing_enabled":true,"_links":{"self":[{"href":"https:\/\/mascoweb.com.ar\/tienda\/wp-json\/wp\/v2\/product\/2195","targetHints":{"allow":["GET"]}}],"collection":[{"href":"https:\/\/mascoweb.com.ar\/tienda\/wp-json\/wp\/v2\/product"}],"about":[{"href":"https:\/\/mascoweb.com.ar\/tienda\/wp-json\/wp\/v2\/types\/product"}],"wp:featuredmedia":[{"embeddable":true,"href":"https:\/\/mascoweb.com.ar\/tienda\/wp-json\/wp\/v2\/media\/2196"}],"wp:attachment":[{"href":"https:\/\/mascoweb.com.ar\/tienda\/wp-json\/wp\/v2\/media?parent=2195"}],"wp:term":[{"taxonomy":"product_brand","embeddable":true,"href":"https:\/\/mascoweb.com.ar\/tienda\/wp-json\/wp\/v2\/product_brand?post=2195"},{"taxonomy":"product_cat","embeddable":true,"href":"https:\/\/mascoweb.com.ar\/tienda\/wp-json\/wp\/v2\/product_cat?post=2195"},{"taxonomy":"product_tag","embeddable":true,"href":"https:\/\/mascoweb.com.ar\/tienda\/wp-json\/wp\/v2\/product_tag?post=2195"}],"curies":[{"name":"wp","href":"https:\/\/api.w.org\/{rel}","templated":true}]}}