{"id":2202,"date":"2025-03-19T15:52:58","date_gmt":"2025-03-19T18:52:58","guid":{"rendered":"https:\/\/mascoweb.com.ar\/tienda\/?post_type=product&#038;p=2202"},"modified":"2026-05-12T10:18:30","modified_gmt":"2026-05-12T13:18:30","slug":"sieger-adultos-minis-y-pequenos-x-12-kg","status":"publish","type":"product","link":"https:\/\/mascoweb.com.ar\/tienda\/producto\/sieger-adultos-minis-y-pequenos-x-12-kg\/","title":{"rendered":"Sieger Adultos Minis y Peque\u00f1os x 12 kg"},"content":{"rendered":"<h5 class=\"product_title entry-title\" style=\"text-align: left\">Sieger Adults Mini &amp; Small x 12 kg<\/h5>\n<div class=\"woocommerce-product-details__short-description\">\n<p>La f\u00f3rmula de<strong>\u00a0Sieger Adult Mini &amp; Small Breeds<\/strong>\u00a0contiene una\u00a0<strong>combinaci\u00f3n de nutrientes<\/strong>\u00a0que colabora con el buen\u00a0\u00a0<strong>funcionamiento del sistema digestivo, favorece el sistema inmunol\u00f3gico, contribuye a la reducci\u00f3n de los efectos oxidativos<\/strong>\u00a0a nivel celular y ayuda a\u00a0<strong>mejorar la salud de la piel y el brillo del pelaje.<\/strong><\/p>\n<p>La salud oral es fundamental para el bienestar general del perro,\u00a0<span class=\"texto-descripcion-producto\">Sieger Adult Mini &amp; Small Breeds<\/span>\u00a0Adults Mini &amp; Small contiene\u00a0<strong class=\"texto-descripcion-producto\">Hexametafosfato de Sodio<\/strong>\u00a0que mantiene los\u00a0<strong class=\"texto-descripcion-producto\">dientes limpios y fuertes<\/strong>.<\/p>\n<div id=\"primary\" class=\"content-area\">\n<p>&nbsp;<\/p>\n<div id=\"product-172\" class=\"product type-product post-172 status-publish first instock product_cat-perro has-post-thumbnail shipping-taxable product-type-simple\">\n<div class=\"woocommerce-tabs wc-tabs-wrapper\">\n<div id=\"tab-description\" class=\"woocommerce-Tabs-panel woocommerce-Tabs-panel--description panel entry-content wc-tab\" role=\"tabpanel\" aria-labelledby=\"tab-title-description\">\n<div id=\"section_showmore_descriptionproduct\" class=\"et_pb_section et_pb_section_4 et_section_regular\">\n<div class=\"et_pb_row et_pb_row_4\">\n<div class=\"et_pb_column et_pb_column_1_2 et_pb_column_7 et_pb_css_mix_blend_mode_passthrough et-last-child\">\n<div class=\"et_pb_module et_pb_code et_pb_code_4\">\n<div class=\"et_pb_code_inner\">\n<div class=\"producto__descripcion__container tabla_derecha\">\n<p class=\"producto__descripcion__title\"><strong>TABLA DE CONTENIDO NUTRICIONAL<\/strong><\/p>\n<table class=\"table\">\n<tbody>\n<tr class=\"table__row\">\n<td class=\"table__description\">Prote\u00edna bruta (m\u00edn.)<\/td>\n<td class=\"table__description table__description--dark\">29%<\/td>\n<\/tr>\n<tr class=\"table__row\">\n<td class=\"table__description\">Extracto etereo (m\u00edn.)<\/td>\n<td class=\"table__description table__description--dark\">17%<\/td>\n<\/tr>\n<tr class=\"table__row\">\n<td class=\"table__description\">Fibra cruda (m\u00e1x.)<\/td>\n<td class=\"table__description table__description--dark\">3%<\/td>\n<\/tr>\n<tr class=\"table__row\">\n<td class=\"table__description\">Minerales totales (m\u00e1x.)<\/td>\n<td class=\"table__description table__description--dark\">7%<\/td>\n<\/tr>\n<tr class=\"table__row\">\n<td class=\"table__description\">Humedad (m\u00e1x.)<\/td>\n<td class=\"table__description table__description--dark\">10%<\/td>\n<\/tr>\n<tr class=\"table__row\">\n<td class=\"table__description\">F\u00f3sforo (m\u00edn.)<\/td>\n<td class=\"table__description table__description--dark\">0,8%<\/td>\n<\/tr>\n<tr class=\"table__row\">\n<td class=\"table__description\">F\u00f3sforo (m\u00e1x.)<\/td>\n<td class=\"table__description table__description--dark\">1,2%<\/td>\n<\/tr>\n<tr class=\"table__row\">\n<td class=\"table__description\">Calcio (m\u00edn.)<\/td>\n<td class=\"table__description table__description--dark\">1%<\/td>\n<\/tr>\n<tr class=\"table__row\">\n<td class=\"table__description\">Calcio (m\u00e1x.)<\/td>\n<td class=\"table__description table__description--dark\">1,6%<\/td>\n<\/tr>\n<tr class=\"table__row\">\n<td class=\"table__description\">Energ\u00eda metabolizable<\/td>\n<td class=\"table__description table__description--dark\">4.000 kcal\/kg<\/td>\n<\/tr>\n<\/tbody>\n<\/table>\n<p><strong>INGREDIENTES<\/strong><\/p>\n<\/div>\n<\/div>\n<\/div>\n<\/div>\n<\/div>\n<\/div>\n<div class=\"et_pb_section et_pb_section_5 et_section_regular\">\n<div class=\"et_pb_row et_pb_row_5\">\n<div class=\"et_pb_column et_pb_column_4_4 et_pb_column_8 et_pb_css_mix_blend_mode_passthrough et-last-child\">\n<div class=\"et_pb_module et_pb_text et_pb_text_8 et_pb_text_align_left et_pb_bg_layout_light\">\n<div class=\"et_pb_text_inner\">\n<p>Harina de subproductos de pollo, ma\u00edz integral, arroz, gluten de ma\u00edz, aceite de pollo refinado (fuente de omega 6), saborizante natural (hidrolizado de menudencias porcinas y aviares), aceite de pescado refinado (fuente de omega 3), pulpa de remolacha, inulina, hexametafosfato de sodio, cloruro de sodio, fructo-oligosac\u00e1ridos (FOS), colina, L-lisina, DL-metionina, carbonato de calcio, fosfato monodic\u00e1lcico, extracto de yucca, antioxidantes naturales (extracto de romero\/tocoferoles), beta\u00edna, glucosamina, L-carnitina, manano-oligosac\u00e1ridos (MOS), condroit\u00edn sulfato, probi\u00f3tico (Lactobacillus Plantarum), vitamina E, antif\u00fangico (\u00e1cido propi\u00f3nico), treonina, sulfato de hierro, metionina de zinc, sulfato de zinc, vitamina C, sulfato de cobre, taurina, nicotinamida, pantotenato de calcio, sulfato manganoso, vitamina A, vitamina B2, vitamina B6, vitamina D3, vitamina B1, vitamina K3, biotina, \u00e1cido f\u00f3lico, vitamina B12, iodato de calcio, selenio org\u00e1nico, selenito de sodio.<\/p>\n<\/div>\n<\/div>\n<\/div>\n<\/div>\n<\/div>\n<\/div>\n<\/div>\n<\/div>\n<p>&nbsp;<\/p>\n<\/div>\n<footer id=\"colophon\" role=\"contentinfo\">\n<div class=\"footer-width-fixer\">\n<div class=\"elementor elementor-2277\" data-elementor-type=\"wp-post\" data-elementor-id=\"2277\">\n<section class=\"elementor-section elementor-top-section elementor-element elementor-element-e2d3070 elementor-section-boxed elementor-section-height-default elementor-section-height-default\" data-id=\"e2d3070\" data-element_type=\"section\">\n<div class=\"elementor-container elementor-column-gap-default\">\n<div class=\"elementor-column elementor-col-100 elementor-top-column elementor-element elementor-element-754c306\" data-id=\"754c306\" data-element_type=\"column\">\n<div class=\"elementor-widget-wrap elementor-element-populated\">\n<div class=\"elementor-element elementor-element-3e0961a elementor-hidden-tablet elementor-hidden-mobile elementor-widget elementor-widget-spacer\" data-id=\"3e0961a\" data-element_type=\"widget\" data-widget_type=\"spacer.default\">\n<div class=\"elementor-widget-container\">\n<div class=\"elementor-spacer\"><\/div>\n<\/div>\n<\/div>\n<\/div>\n<\/div>\n<\/div>\n<\/section>\n<\/div>\n<\/div>\n<\/footer>\n<\/div>\n","protected":false},"excerpt":{"rendered":"<h5 class=\"product_title entry-title\">Sieger Adults Mini &amp; Small x 12 kg<\/h5>\n<div class=\"woocommerce-product-details__short-description\">\n<p>La f\u00f3rmula de<strong>\u00a0Sieger Adult Mini &amp; Small Breeds<\/strong>\u00a0contiene una\u00a0<strong>combinaci\u00f3n de nutrientes<\/strong>\u00a0que colabora con el buen\u00a0\u00a0<strong>funcionamiento del sistema digestivo, favorece el sistema inmunol\u00f3gico, contribuye a la reducci\u00f3n de los efectos oxidativos<\/strong>\u00a0a nivel celular y ayuda a\u00a0<strong>mejorar la salud de la piel y el brillo del pelaje.<\/strong><\/p>\n<\/div>\n","protected":false},"featured_media":2203,"template":"","meta":{"_gspb_post_css":"","_joinchat":[]},"product_brand":[96],"product_cat":[137,29,140],"product_tag":[45,32,34,63],"class_list":{"0":"post-2202","1":"product","2":"type-product","3":"status-publish","4":"has-post-thumbnail","6":"product_brand-sieger","7":"product_cat-perrosadultos","8":"product_cat-alimentoparaperros","9":"product_cat-mordidapequenia","10":"product_tag-12kg","11":"product_tag-adultos","12":"product_tag-mordida-pequena","13":"product_tag-superpremium","15":"first","16":"instock","17":"shipping-taxable","18":"purchasable","19":"product-type-simple"},"jetpack_sharing_enabled":true,"_links":{"self":[{"href":"https:\/\/mascoweb.com.ar\/tienda\/wp-json\/wp\/v2\/product\/2202","targetHints":{"allow":["GET"]}}],"collection":[{"href":"https:\/\/mascoweb.com.ar\/tienda\/wp-json\/wp\/v2\/product"}],"about":[{"href":"https:\/\/mascoweb.com.ar\/tienda\/wp-json\/wp\/v2\/types\/product"}],"wp:featuredmedia":[{"embeddable":true,"href":"https:\/\/mascoweb.com.ar\/tienda\/wp-json\/wp\/v2\/media\/2203"}],"wp:attachment":[{"href":"https:\/\/mascoweb.com.ar\/tienda\/wp-json\/wp\/v2\/media?parent=2202"}],"wp:term":[{"taxonomy":"product_brand","embeddable":true,"href":"https:\/\/mascoweb.com.ar\/tienda\/wp-json\/wp\/v2\/product_brand?post=2202"},{"taxonomy":"product_cat","embeddable":true,"href":"https:\/\/mascoweb.com.ar\/tienda\/wp-json\/wp\/v2\/product_cat?post=2202"},{"taxonomy":"product_tag","embeddable":true,"href":"https:\/\/mascoweb.com.ar\/tienda\/wp-json\/wp\/v2\/product_tag?post=2202"}],"curies":[{"name":"wp","href":"https:\/\/api.w.org\/{rel}","templated":true}]}}