{"id":2204,"date":"2025-03-19T15:58:07","date_gmt":"2025-03-19T18:58:07","guid":{"rendered":"https:\/\/mascoweb.com.ar\/tienda\/?post_type=product&#038;p=2204"},"modified":"2026-05-11T22:34:12","modified_gmt":"2026-05-12T01:34:12","slug":"sieger-senior-medianos-y-grandes-x-15-kg","status":"publish","type":"product","link":"https:\/\/mascoweb.com.ar\/tienda\/producto\/sieger-senior-medianos-y-grandes-x-15-kg\/","title":{"rendered":"Sieger Senior Medianos y Grandes x 15 kg"},"content":{"rendered":"<h5 class=\"product_title entry-title\" style=\"text-align: left\">Sieger Senior Medium &amp; Large x 15 kg<\/h5>\n<div class=\"woocommerce-product-details__short-description\">\n<p>A medida que pasan los a\u00f1os, los perros adultos mayores de 7 a\u00f1os cambian sus necesidades nutricionales por lo que es clave un alimento a medida.<\/p>\n<p><strong class=\"texto-descripcion-producto\">Sieger Senior Medium &amp; Large Breeds<\/strong>\u00a0+7 est\u00e1 especialmente dise\u00f1ado con un balance \u00f3ptimo de prote\u00ednas y grasas para mantener el peso corporal ideal, reduciendo el desgaste fisiol\u00f3gico normal sobre las articulaciones y los huesos.<\/p>\n<p>A partir de los 7 a\u00f1os, los perros de estructura mediana y grande comienzan a disminuir su nivel de actividad, el metabolismo se hace m\u00e1s lento y las articulaciones se van debilitando y desgastando. Muchas veces hay dolor, y la claudicaci\u00f3n va a condicionar la movilidad, el apetito y capacidad de masticaci\u00f3n.<\/p>\n<p>La suplementaci\u00f3n con<strong>\u00a0Glucosamina y Condroit\u00edn Sulfato<\/strong>\u00a0colabora con el enlentecimiento del proceso de degeneraci\u00f3n osteoarticular,\u00a0<strong>favoreciendo la salud y correcta movilidad<\/strong>.<\/p>\n<div id=\"section_showmore_descriptionproduct\" class=\"et_pb_section et_pb_section_3 et_section_regular\">\n<div class=\"et_pb_row et_pb_row_3\">\n<div class=\"et_pb_column et_pb_column_1_2 et_pb_column_6 et_pb_css_mix_blend_mode_passthrough et-last-child\">\n<div class=\"et_pb_module et_pb_code et_pb_code_4\">\n<div class=\"et_pb_code_inner\">\n<div class=\"producto__descripcion__container tabla_derecha\">\n<p class=\"producto__descripcion__title\"><strong>TABLA DE CONTENIDO NUTRICIONAL<\/strong><\/p>\n<table class=\"table\">\n<tbody>\n<tr class=\"table__row\">\n<td class=\"table__description\">Prote\u00edna bruta (m\u00edn.)<\/td>\n<td class=\"table__description table__description--dark\">27%<\/td>\n<\/tr>\n<tr class=\"table__row\">\n<td class=\"table__description\">Extracto etereo (m\u00edn.)<\/td>\n<td class=\"table__description table__description--dark\">12%<\/td>\n<\/tr>\n<tr class=\"table__row\">\n<td class=\"table__description\">Fibra cruda (max.)<\/td>\n<td class=\"table__description table__description--dark\">3%<\/td>\n<\/tr>\n<tr class=\"table__row\">\n<td class=\"table__description\">Minerales totales (max.)<\/td>\n<td class=\"table__description table__description--dark\">7%<\/td>\n<\/tr>\n<tr class=\"table__row\">\n<td class=\"table__description\">Humedad (max.)<\/td>\n<td class=\"table__description table__description--dark\">10%<\/td>\n<\/tr>\n<tr class=\"table__row\">\n<td class=\"table__description\">Calcio (m\u00edn.)<\/td>\n<td class=\"table__description table__description--dark\">1%<\/td>\n<\/tr>\n<tr class=\"table__row\">\n<td class=\"table__description\">Calcio (max.)<\/td>\n<td class=\"table__description table__description--dark\">1,6%<\/td>\n<\/tr>\n<tr class=\"table__row\">\n<td class=\"table__description\">F\u00f3sforo (m\u00edn.)<\/td>\n<td class=\"table__description table__description--dark\">0,8%<\/td>\n<\/tr>\n<tr class=\"table__row\">\n<td class=\"table__description\">F\u00f3sforo (max.)<\/td>\n<td class=\"table__description table__description--dark\">1,3%<\/td>\n<\/tr>\n<tr class=\"table__row\">\n<td class=\"table__description\">Energ\u00eda metabolizable<\/td>\n<td class=\"table__description table__description--dark\">3.750 kcal\/kg<\/td>\n<\/tr>\n<\/tbody>\n<\/table>\n<\/div>\n<\/div>\n<\/div>\n<div class=\"et_pb_module et_pb_code et_pb_code_5\">\n<div class=\"et_pb_code_inner\"><\/div>\n<\/div>\n<\/div>\n<\/div>\n<\/div>\n<div class=\"et_pb_section et_pb_section_4 et_section_regular\">\n<div class=\"et_pb_row et_pb_row_4\">\n<div class=\"et_pb_column et_pb_column_4_4 et_pb_column_7 et_pb_css_mix_blend_mode_passthrough et-last-child\">\n<div class=\"et_pb_module et_pb_text et_pb_text_7 et_pb_text_align_left et_pb_bg_layout_light\">\n<div class=\"et_pb_text_inner\">\n<p><strong>INGREDIENTES<\/strong><\/p>\n<p>Harina de subproductos de pollo, ma\u00edz integral, arroz, gluten de ma\u00edz, aceite de pollo refinado (fuente de omega 6), harina de h\u00edgado de merluza (fuente de omega 3), saborizante natural (hidrolizado de menudencias porcinas y aviares), aceite de pescado refinado (fuente de omega 3), huevo en polvo, fibra de ca\u00f1a, plasma bovino, pulpa de remolacha, semillas de lino, inulina, uvas deshidratadas, ar\u00e1ndanos deshidratados, col\u00e1geno, fructo-oligosac\u00e1ridos (FOS), colina, L-lisina, DL-metionina, L-carnitina, carbonato de calcio, fosfato monodic\u00e1lcico, extracto de yucca, antioxidantes naturales (extracto de romero\/tocoferoles), cloruro de sodio, beta\u00edna, glucosamina, manano-oligosac\u00e1ridos (MOS), condroit\u00edn sulfato, probi\u00f3tico (Lactobacillus Plantarum), vitamina E, antif\u00fangico (acido propi\u00f3nico), treonina, sulfato de hierro, metionina de zinc, sulfato de zinc, vitamina C, sulfato de cobre, taurina, nicotinamida, pantotenato de calcio, sulfato manganoso, vitamina A, vitamina B2, vitamina B6, vitamina D3, vitamina B1, vitamina K3, biotina, \u00e1cido f\u00f3lico, vitamina B12, iodato de calcio, selenio org\u00e1nico, selenito de sodio. \/ sodio (m\u00e1x.): 0,25 %<\/p>\n<\/div>\n<\/div>\n<\/div>\n<\/div>\n<\/div>\n<\/div>\n","protected":false},"excerpt":{"rendered":"<h5 class=\"product_title entry-title\">Sieger Senior Medium &amp; Large x 15 kg<\/h5>\n<div class=\"woocommerce-product-details__short-description\">\n<p>A medida que pasan los a\u00f1os, los perros adultos mayores de 7 a\u00f1os cambian sus necesidades nutricionales por lo que es clave un alimento a medida.<\/p>\n<p><strong class=\"texto-descripcion-producto\">Sieger Senior Medium &amp; Large Breeds<\/strong>\u00a0+7 est\u00e1 especialmente dise\u00f1ado con un balance \u00f3ptimo de prote\u00ednas y grasas para mantener el peso corporal ideal, reduciendo el desgaste fisiol\u00f3gico normal sobre las articulaciones y los huesos.<\/p>\n<\/div>\n","protected":false},"featured_media":2205,"template":"","meta":{"_gspb_post_css":"","_joinchat":[]},"product_brand":[96],"product_cat":[29,139],"product_tag":[44,35,63],"class_list":{"0":"post-2204","1":"product","2":"type-product","3":"status-publish","4":"has-post-thumbnail","6":"product_brand-sieger","7":"product_cat-alimentoparaperros","8":"product_cat-perrossenior","9":"product_tag-15kg","10":"product_tag-senior","11":"product_tag-superpremium","13":"first","14":"instock","15":"shipping-taxable","16":"purchasable","17":"product-type-simple"},"jetpack_sharing_enabled":true,"_links":{"self":[{"href":"https:\/\/mascoweb.com.ar\/tienda\/wp-json\/wp\/v2\/product\/2204","targetHints":{"allow":["GET"]}}],"collection":[{"href":"https:\/\/mascoweb.com.ar\/tienda\/wp-json\/wp\/v2\/product"}],"about":[{"href":"https:\/\/mascoweb.com.ar\/tienda\/wp-json\/wp\/v2\/types\/product"}],"wp:featuredmedia":[{"embeddable":true,"href":"https:\/\/mascoweb.com.ar\/tienda\/wp-json\/wp\/v2\/media\/2205"}],"wp:attachment":[{"href":"https:\/\/mascoweb.com.ar\/tienda\/wp-json\/wp\/v2\/media?parent=2204"}],"wp:term":[{"taxonomy":"product_brand","embeddable":true,"href":"https:\/\/mascoweb.com.ar\/tienda\/wp-json\/wp\/v2\/product_brand?post=2204"},{"taxonomy":"product_cat","embeddable":true,"href":"https:\/\/mascoweb.com.ar\/tienda\/wp-json\/wp\/v2\/product_cat?post=2204"},{"taxonomy":"product_tag","embeddable":true,"href":"https:\/\/mascoweb.com.ar\/tienda\/wp-json\/wp\/v2\/product_tag?post=2204"}],"curies":[{"name":"wp","href":"https:\/\/api.w.org\/{rel}","templated":true}]}}