{"id":2211,"date":"2025-03-19T18:10:05","date_gmt":"2025-03-19T21:10:05","guid":{"rendered":"https:\/\/mascoweb.com.ar\/tienda\/?post_type=product&#038;p=2211"},"modified":"2026-03-02T08:56:49","modified_gmt":"2026-03-02T11:56:49","slug":"absorsol-alta-gama-lavanda-x-36-kg","status":"publish","type":"product","link":"https:\/\/mascoweb.com.ar\/tienda\/producto\/absorsol-alta-gama-lavanda-x-36-kg\/","title":{"rendered":"Piedras Aromatizadas Absorsol Alta Gama Lavanda x 3,6 kg"},"content":{"rendered":"<h5>Piedras Aromatizadas Absorsol Alta Gama Lavanda x 3,6 kg<\/h5>\n<p><strong>\u00a0<\/strong><\/p>\n<p>Las piedras Absorsol Alta Gama ofrecen un rendimiento \u00f3ptimo con mantenimiento reducido. Su composici\u00f3n ecol\u00f3gica y reciclable elimina los olores de los excrementos, absorbe r\u00e1pidamente la cantidad de l\u00edquido equivalente a su peso y no libera el l\u00edquido absorbido. Estas piedritas son porosas y ligeras, con un 50% de su volumen hueco, permitiendo que tu mascota pueda ocultar sus excrementos sin esparcirlos y sin que se adhieran a sus patas.<\/p>\n<p>Beneficios:<br \/>\n-Mantiene su apariencia s\u00f3lida y granulada cuando est\u00e1 saturado de l\u00edquido (cambia de color en este estado), sin deshacerse.<br \/>\n-Es 100% natural, no produce reacciones cut\u00e1neas y su inhalaci\u00f3n o ingesti\u00f3n no son perjudiciales para la salud de las personas ni de los animales.<br \/>\n-Con su f\u00f3rmula mejorada, logra una capacidad de absorci\u00f3n y desodorizaci\u00f3n superior, junto con una durabilidad extendida.<br \/>\n-La composici\u00f3n microporosa interna de los minerales retiene g\u00e9rmenes y bacterias.<\/p>\n","protected":false},"excerpt":{"rendered":"<h5>Piedras Aromatizadas Absorsol Alta Gama Lavanda x 3,6 kg<\/h5>\n<p>Las piedras Absorsol Alta Gama ofrecen un rendimiento \u00f3ptimo con mantenimiento reducido. Su composici\u00f3n ecol\u00f3gica y reciclable elimina los olores de los excrementos, absorbe r\u00e1pidamente la cantidad de l\u00edquido equivalente a su peso y no libera el l\u00edquido absorbido. Estas piedritas son porosas y ligeras, con un 50% de su volumen hueco, permitiendo que tu mascota pueda ocultar sus excrementos sin esparcirlos y sin que se adhieran a sus patas.<\/p>\n","protected":false},"featured_media":2212,"template":"","meta":{"_gspb_post_css":"","_joinchat":[]},"product_brand":[],"product_cat":[80],"product_tag":[],"class_list":{"0":"post-2211","1":"product","2":"type-product","3":"status-publish","4":"has-post-thumbnail","6":"product_cat-piedrasypellets","8":"first","9":"instock","10":"shipping-taxable","11":"purchasable","12":"product-type-simple"},"jetpack_sharing_enabled":true,"_links":{"self":[{"href":"https:\/\/mascoweb.com.ar\/tienda\/wp-json\/wp\/v2\/product\/2211","targetHints":{"allow":["GET"]}}],"collection":[{"href":"https:\/\/mascoweb.com.ar\/tienda\/wp-json\/wp\/v2\/product"}],"about":[{"href":"https:\/\/mascoweb.com.ar\/tienda\/wp-json\/wp\/v2\/types\/product"}],"wp:featuredmedia":[{"embeddable":true,"href":"https:\/\/mascoweb.com.ar\/tienda\/wp-json\/wp\/v2\/media\/2212"}],"wp:attachment":[{"href":"https:\/\/mascoweb.com.ar\/tienda\/wp-json\/wp\/v2\/media?parent=2211"}],"wp:term":[{"taxonomy":"product_brand","embeddable":true,"href":"https:\/\/mascoweb.com.ar\/tienda\/wp-json\/wp\/v2\/product_brand?post=2211"},{"taxonomy":"product_cat","embeddable":true,"href":"https:\/\/mascoweb.com.ar\/tienda\/wp-json\/wp\/v2\/product_cat?post=2211"},{"taxonomy":"product_tag","embeddable":true,"href":"https:\/\/mascoweb.com.ar\/tienda\/wp-json\/wp\/v2\/product_tag?post=2211"}],"curies":[{"name":"wp","href":"https:\/\/api.w.org\/{rel}","templated":true}]}}