{"id":2215,"date":"2025-03-20T18:08:14","date_gmt":"2025-03-20T21:08:14","guid":{"rendered":"https:\/\/mascoweb.com.ar\/tienda\/?post_type=product&#038;p=2215"},"modified":"2026-04-20T16:21:28","modified_gmt":"2026-04-20T19:21:28","slug":"royal-canin-hypoallergenic-cat-x-2-kg","status":"publish","type":"product","link":"https:\/\/mascoweb.com.ar\/tienda\/producto\/royal-canin-hypoallergenic-cat-x-2-kg\/","title":{"rendered":"Royal Canin Hypoallergenic Cat x 2 kg"},"content":{"rendered":"<h5 class=\"sc-hzhJZQ cdNNPH\" data-qa=\"product-category\">Royal Canin Hypoallergenic Cat x 2 kg<\/h5>\n<div class=\"sc-gEvEer fmTtUN\" data-qa=\"product-description\">\n<div class=\"ShowMoreLess-module_wrapper__o7OmT \">\n<p>Alimento completo para gatos adultos formulado para reducir las intolerancias de ingredientes y nutrientes. Fuentes de prote\u00ednas y carbohidratos seleccionadas.<\/p>\n<div>\n<div class=\"TabbedAccordion-module_container__ipT5h\" data-qa=\"tabbed-accordion\">\n<div class=\"TabbedAccordion-module_contentContainer__EHRNr\" data-qa=\"tabbed-accordion-content\">\n<div class=\"TabbedAccordion-module_contentTitle__0TBwO TabbedAccordion-module_activeContent__Oh8Ol\" data-qa=\"tabbed-accordion-section-title\"><strong>BENEFICIOS<\/strong><\/div>\n<div id=\"tabbed-accordion-:Rhiiah6:-section-1\" class=\"TabbedAccordion-module_content__YHr0u TabbedAccordion-module_activeContent__Oh8Ol TabbedAccordion-module_multiColumn__J9UXy\" role=\"tabpanel\" aria-labelledby=\"tabbed-accordion-:Rhiiah6:-tab-1\" data-qa=\"tabbed-accordion-section-content\">\n<div class=\"sc-eqUAAy fgprtA\" data-qa=\"product-benefits\">\n<div class=\"sc-fqkvVR grmmWd\" data-qa=\"product-benefits-item\">\n<div class=\"sc-dcJsrY dwHOrx\">\n<p class=\"sc-iGgWBj endzIa\" data-qa=\"product-benefits-item-subtitle\"><strong>Prote\u00edna hidrolizada<\/strong><\/p>\n<p class=\"sc-gsFSXq eusNcO\" data-qa=\"product-benefits-item-text\">Prote\u00edna hidrolizada con bajo peso molecular para asegurar que el alimento sea hipoalerg\u00e9nico.<\/p>\n<\/div>\n<\/div>\n<div class=\"sc-fqkvVR grmmWd\" data-qa=\"product-benefits-item\">\n<div class=\"sc-dcJsrY dwHOrx\">\n<p class=\"sc-iGgWBj endzIa\" data-qa=\"product-benefits-item-subtitle\"><strong>Skin barrier<\/strong><\/p>\n<p class=\"sc-gsFSXq eusNcO\" data-qa=\"product-benefits-item-text\">Formulado para dar soporte a la funci\u00f3n debarrera natural de la piel manteni\u00e9ndola saludable\/en \u00f3ptimas condiciones<\/p>\n<\/div>\n<\/div>\n<div class=\"sc-fqkvVR grmmWd\" data-qa=\"product-benefits-item\">\n<div class=\"sc-dcJsrY dwHOrx\">\n<p class=\"sc-iGgWBj endzIa\" data-qa=\"product-benefits-item-subtitle\"><strong>EPA \/ DHA<\/strong><\/p>\n<p class=\"sc-gsFSXq eusNcO\" data-qa=\"product-benefits-item-text\">\u00c1cidos grasos que ayudan a mantener un sistema digestivo y una piel saludables.<\/p>\n<\/div>\n<\/div>\n<div class=\"sc-fqkvVR grmmWd\" data-qa=\"product-benefits-item\">\n<div class=\"sc-dcJsrY dwHOrx\">\n<p class=\"sc-iGgWBj endzIa\" data-qa=\"product-benefits-item-subtitle\"><strong>Salud digestiva<\/strong><\/p>\n<p class=\"sc-gsFSXq eusNcO\" data-qa=\"product-benefits-item-text\">Nutrientes que ayudan a mantener un sistema digestivo equilibrado.<\/p>\n<p data-qa=\"product-benefits-item-text\"><strong>COMPOSICI\u00d3N CENTESIMAL:<\/strong> Prote\u00edna bruta (m\u00edn.): 24,5%; Extracto et\u00e9reo (m\u00edn.): 18%; Fibra cruda (m\u00e1x.): 5,8%; Minerales (m\u00e1x.): 8,3%; Humedad (m\u00e1x.): 7,5%; Calcio (m\u00edn.): 0,56%, (m\u00e1x.): 0,85%; F\u00f3sforo (min.): 0,47%, (m\u00e1x.): 0,84%; Sodio (m\u00e1x.): 0,84%. ENERG\u00cdA METABOLIZABLE: 4.093 kcal\/kg.<\/p>\n<\/div>\n<\/div>\n<\/div>\n<\/div>\n<\/div>\n<\/div>\n<\/div>\n<div id=\"daily-portion-tool\" class=\"sc-JrDLc blHFZL\">\n<p>&nbsp;<\/p>\n<div class=\"dpt-app__scroll-target\"><\/div>\n<p>&nbsp;<\/p>\n<div class=\"dpt-landing-page__wrapper\">\n<section class=\"dpt-landing-page\">\n<div class=\"dpt-landing-page__text\"><\/div>\n<\/section>\n<\/div>\n<p>&nbsp;<\/p>\n<\/div>\n<\/div>\n<\/div>\n","protected":false},"excerpt":{"rendered":"<h5 class=\"sc-hzhJZQ cdNNPH\" data-qa=\"product-category\">Royal Canin Hypoallergenic Cat x 2 kg<\/h5>\n<div class=\"sc-gEvEer fmTtUN\" data-qa=\"product-description\">\n<div class=\"ShowMoreLess-module_wrapper__o7OmT \">\n<p>Alimento completo para gatos adultos formulado para reducir las intolerancias de ingredientes y nutrientes. Fuentes de prote\u00ednas y carbohidratos seleccionadas.<\/p>\n<\/div>\n<\/div>\n","protected":false},"featured_media":2216,"template":"","meta":{"_gspb_post_css":"","_joinchat":[]},"product_brand":[98],"product_cat":[144,30,148],"product_tag":[50,37,59,63],"class_list":{"0":"post-2215","1":"product","2":"type-product","3":"status-publish","4":"has-post-thumbnail","6":"product_brand-royal-canin","7":"product_cat-gatosadultos","8":"product_cat-alimentoparagatos","9":"product_cat-gatosnecesidadesespeciales","10":"product_tag-2kg","11":"product_tag-necesidades-especiales","12":"product_tag-piel-sensible","13":"product_tag-superpremium","15":"first","16":"instock","17":"shipping-taxable","18":"purchasable","19":"product-type-simple"},"jetpack_sharing_enabled":true,"_links":{"self":[{"href":"https:\/\/mascoweb.com.ar\/tienda\/wp-json\/wp\/v2\/product\/2215","targetHints":{"allow":["GET"]}}],"collection":[{"href":"https:\/\/mascoweb.com.ar\/tienda\/wp-json\/wp\/v2\/product"}],"about":[{"href":"https:\/\/mascoweb.com.ar\/tienda\/wp-json\/wp\/v2\/types\/product"}],"wp:featuredmedia":[{"embeddable":true,"href":"https:\/\/mascoweb.com.ar\/tienda\/wp-json\/wp\/v2\/media\/2216"}],"wp:attachment":[{"href":"https:\/\/mascoweb.com.ar\/tienda\/wp-json\/wp\/v2\/media?parent=2215"}],"wp:term":[{"taxonomy":"product_brand","embeddable":true,"href":"https:\/\/mascoweb.com.ar\/tienda\/wp-json\/wp\/v2\/product_brand?post=2215"},{"taxonomy":"product_cat","embeddable":true,"href":"https:\/\/mascoweb.com.ar\/tienda\/wp-json\/wp\/v2\/product_cat?post=2215"},{"taxonomy":"product_tag","embeddable":true,"href":"https:\/\/mascoweb.com.ar\/tienda\/wp-json\/wp\/v2\/product_tag?post=2215"}],"curies":[{"name":"wp","href":"https:\/\/api.w.org\/{rel}","templated":true}]}}