{"id":2344,"date":"2025-03-26T10:33:34","date_gmt":"2025-03-26T13:33:34","guid":{"rendered":"https:\/\/mascoweb.com.ar\/tienda\/?post_type=product&#038;p=2344"},"modified":"2026-04-21T09:31:26","modified_gmt":"2026-04-21T12:31:26","slug":"yenu-perros-cachorros-mordida-pequena-x-10-kg","status":"publish","type":"product","link":"https:\/\/mascoweb.com.ar\/tienda\/producto\/yenu-perros-cachorros-mordida-pequena-x-10-kg\/","title":{"rendered":"Yen\u00fa Perros Cachorros Mordida Peque\u00f1a x 10 kg"},"content":{"rendered":"<h5>Yen\u00fa Perros Cachorros Mordida Peque\u00f1a x 10 kg<\/h5>\n<p><strong>S\u00f3lido Desarrollo Corporal:<\/strong>\u00a0Alimento<br \/>\nexclusivamente formulado para favorecer el<br \/>\nnormal crecimiento y desarrollo de los<br \/>\ncachorros. Con un balance adecuado de<br \/>\nvitaminas y minerales org\u00e1nicos que<br \/>\naseguran el correcto funcionamiento de su<br \/>\nsistema inmunol\u00f3gico.<\/p>\n<p><strong>Bienestar general:<\/strong>\u00a0El aporte de amino\u00e1cidos<br \/>\nesenciales es fundamental para la s\u00edntesis<br \/>\nde prote\u00ednas de alta calidad biol\u00f3gica, lo que<br \/>\ngarantiza el normal funcionamiento<br \/>\nmetab\u00f3lico.<\/p>\n<p><strong>M\u00e1ximo Sabor:<\/strong>\u00a0La elecci\u00f3n de saborizantes<br \/>\nnaturales mejora la palatabilidad de la<br \/>\ncroqueta lo que aumenta la preferencia por<br \/>\nparte de los cachorros.<\/p>\n","protected":false},"excerpt":{"rendered":"<h5>Yen\u00fa Perros Cachorros Mordida Peque\u00f1a x 10 kg<\/h5>\n<p><strong>S\u00f3lido Desarrollo Corporal:<\/strong>\u00a0Alimento<br \/>\nexclusivamente formulado para favorecer el<br \/>\nnormal crecimiento y desarrollo de los<br \/>\ncachorros. Con un balance adecuado de<br \/>\nvitaminas y minerales org\u00e1nicos que<br \/>\naseguran el correcto funcionamiento de su<br \/>\nsistema inmunol\u00f3gico.<\/p>\n","protected":false},"featured_media":2349,"template":"","meta":{"_gspb_post_css":"","_joinchat":[]},"product_brand":[70],"product_cat":[29,138,140],"product_tag":[46,33,34,64],"class_list":{"0":"post-2344","1":"product","2":"type-product","3":"status-publish","4":"has-post-thumbnail","6":"product_brand-yenu","7":"product_cat-alimentoparaperros","8":"product_cat-perroscachorros","9":"product_cat-mordidapequenia","10":"product_tag-10kg","11":"product_tag-cachorros","12":"product_tag-mordida-pequena","13":"product_tag-premium","15":"first","16":"instock","17":"shipping-taxable","18":"purchasable","19":"product-type-simple"},"jetpack_sharing_enabled":true,"_links":{"self":[{"href":"https:\/\/mascoweb.com.ar\/tienda\/wp-json\/wp\/v2\/product\/2344","targetHints":{"allow":["GET"]}}],"collection":[{"href":"https:\/\/mascoweb.com.ar\/tienda\/wp-json\/wp\/v2\/product"}],"about":[{"href":"https:\/\/mascoweb.com.ar\/tienda\/wp-json\/wp\/v2\/types\/product"}],"wp:featuredmedia":[{"embeddable":true,"href":"https:\/\/mascoweb.com.ar\/tienda\/wp-json\/wp\/v2\/media\/2349"}],"wp:attachment":[{"href":"https:\/\/mascoweb.com.ar\/tienda\/wp-json\/wp\/v2\/media?parent=2344"}],"wp:term":[{"taxonomy":"product_brand","embeddable":true,"href":"https:\/\/mascoweb.com.ar\/tienda\/wp-json\/wp\/v2\/product_brand?post=2344"},{"taxonomy":"product_cat","embeddable":true,"href":"https:\/\/mascoweb.com.ar\/tienda\/wp-json\/wp\/v2\/product_cat?post=2344"},{"taxonomy":"product_tag","embeddable":true,"href":"https:\/\/mascoweb.com.ar\/tienda\/wp-json\/wp\/v2\/product_tag?post=2344"}],"curies":[{"name":"wp","href":"https:\/\/api.w.org\/{rel}","templated":true}]}}