{"id":2381,"date":"2025-03-28T16:30:20","date_gmt":"2025-03-28T19:30:20","guid":{"rendered":"https:\/\/mascoweb.com.ar\/tienda\/?post_type=product&#038;p=2381"},"modified":"2026-04-20T16:20:56","modified_gmt":"2026-04-20T19:20:56","slug":"royal-canin-hypoallergenic-small-dog-x-2-kg","status":"publish","type":"product","link":"https:\/\/mascoweb.com.ar\/tienda\/producto\/royal-canin-hypoallergenic-small-dog-x-2-kg\/","title":{"rendered":"Royal Canin Hypoallergenic Small Dog x 2 kg"},"content":{"rendered":"<h5>Royal Canin Hypoallergenic Small Dog x 2 kg<\/h5>\n<p>Alimento completo para perros adultos de talla peque\u00f1a (peso hasta 10kg), para reducir las intolerancias de ingredientes y nutrientes.<\/p>\n<div class=\"sc-fqkvVR grmmWd\" data-qa=\"product-benefits-item\">\n<div class=\"sc-dcJsrY dwHOrx\">\n<p class=\"sc-iGgWBj endzIa\" data-qa=\"product-benefits-item-subtitle\"><strong>Salud dental<\/strong><\/p>\n<p>Contiene nutrientes que ayudan a mantener una buena salud dental.<\/p>\n<\/div>\n<\/div>\n<div class=\"sc-fqkvVR grmmWd\" data-qa=\"product-benefits-item\">\n<div class=\"sc-dcJsrY dwHOrx\">\n<p class=\"sc-iGgWBj endzIa\" data-qa=\"product-benefits-item-subtitle\"><strong>Skin Barrier<\/strong><\/p>\n<p>Formulado para dar soporte a la funci\u00f3n de barrera natural de la piel manteni\u00e9ndola en \u00f3ptimas condiciones.<\/p>\n<\/div>\n<\/div>\n<div class=\"sc-fqkvVR grmmWd\" data-qa=\"product-benefits-item\">\n<div class=\"sc-dcJsrY dwHOrx\">\n<p class=\"sc-iGgWBj endzIa\" data-qa=\"product-benefits-item-subtitle\"><strong>Bajo RSS (*)<\/strong><\/p>\n<p>Ayuda a reducir la concentraci\u00f3n urinaria de iones que contribuyen a la formaci\u00f3n de cristales. (* RSS: Super Saturaci\u00f3n Relativa)<\/p>\n<\/div>\n<\/div>\n<div class=\"sc-fqkvVR grmmWd\" data-qa=\"product-benefits-item\">\n<div class=\"sc-dcJsrY dwHOrx\">\n<p class=\"sc-iGgWBj endzIa\" data-qa=\"product-benefits-item-subtitle\"><strong>Prote\u00edna Hidrolizada<\/strong><\/p>\n<p>Prote\u00edna hidrolizada de bajo peso molecular para asegurar que el alimento sea hipoalerg\u00e9nico.<\/p>\n<div class=\"sc-jXbUNg cEkBqs\" data-testid=\"product-nutrition-item\" data-qa=\"product-nutritional-info-item\">\n<div class=\"sc-kpDqfm gQEeDK\">\n<div class=\"sc-dhKdcB kJNutb\"><\/div>\n<div class=\"sc-cwHptR iRzDne\" data-testid=\"product-nutrition-content\" aria-expanded=\"true\">COMPOSICI\u00d3N CENTESIMAL: Prote\u00edna bruta (m\u00edn.): 22%; Extracto et\u00e9reo (m\u00edn.): 14%; Fibra cruda (m\u00e1x.): 2,9%; Minerales (m\u00e1x.): 10,5%; Humedad (m\u00e1x.): 11,5%; Calcio (m\u00edn.): 0,49%, (m\u00e1x.): 1,13% F\u00f3sforo (m\u00edn.): 0,36%, (m\u00e1x.): 0,84%; Sodio (m\u00e1x.): 1,4%. ENERG\u00cdA METABOLIZABLE: 3.875 kcal\/kg. ENRIQUECIMIENTOS POR KG (min.): Vitaminas: Colina: 960 mg; E: 354 mg; Niacina: 294,6 mg; C: 168 mg; Pantotenato de calcio: 87,96 mg B6: 45,9 mg; B2: 29,76 mg; B1: 16,38 mg; \u00c1c. F\u00f3lico: 8,28 mg; A: 18.720 Ul; Biotina: 1,86 mg; B12 0,084 mg; D3: 480 UI. Oligoelementos: Zinc: 115,2 mg; Manganeso: 31,8 mg; Hierro: 24 mg; Cobre: 9 mg; Yodo: 2,16 mg, Selenio: 0,15 mg.<\/div>\n<\/div>\n<\/div>\n<div class=\"sc-jXbUNg cEkBqs\" data-testid=\"product-nutrition-item\" data-qa=\"product-nutritional-info-item\">\n<div class=\"sc-kpDqfm gQEeDK\">\n<div class=\"sc-dhKdcB kJNutb\"><\/div>\n<div class=\"sc-cwHptR iRzDne\" data-testid=\"product-nutrition-content\" aria-expanded=\"true\">INGREDIENTES: Arroz, hidrolizado de extracto proteico de soja, grasas animales (vacuna y\/o pollo), sales minerales, hidrolizado de h\u00edgado de pollo y\/o vacuno y\/o cerdo, pulpa de remolacha,aceite de soja, aceite de pescado, zeolita, fructo-oligosac\u00e1ridos (FOS), vitaminas, aceite de borraja,taurina, tirosina, DL-metionina, extracto de rosa de la India (rico en lute\u00edna), oligoelementos,oligoelementos quelados. Vitaminas: Colina, vitamina E, niacina, vitamina C, pantotenato de calcio, vitamina B6, vitamina B2,vitamina B1, \u00e1cido f\u00f3lico, vitamina A, biotina, vitamina B12, vitamina D3. Sales minerales: Cloruro de sodio, sulfato de calcio, cloruro de potasio, fosfato monoc\u00e1lcico, calcita,sorbato de potasio, politrifosfato de sodio, \u00f3xido de magnesio. Oligoelementos: \u00d3xido de zinc, sulfato de hierro, \u00f3xido de manganeso, sulfato de cobre, iodato decalcio, selenio org\u00e1nico Oligoelementos quelados: Zinc, manganeso, cobre. Conservantes y antioxidantes: BHA, galato de propilo y \u00e1cido c\u00edtrico.<\/div>\n<\/div>\n<\/div>\n<\/div>\n<\/div>\n","protected":false},"excerpt":{"rendered":"<h5>Royal Canin Hypoallergenic Small Dog x 2 kg<\/h5>\n<p>Alimento completo para perros adultos de talla peque\u00f1a (peso hasta 10kg), para reducir las intolerancias de ingredientes y nutrientes.<\/p>\n<div class=\"sc-fqkvVR grmmWd\" data-qa=\"product-benefits-item\">\n<div class=\"sc-dcJsrY dwHOrx\">\n<p class=\"sc-iGgWBj endzIa\" data-qa=\"product-benefits-item-subtitle\"><strong>Salud dental<\/strong><\/p>\n<p>Contiene nutrientes que ayudan a mantener una buena salud dental.<\/p>\n<\/div>\n<\/div>\n<div class=\"sc-fqkvVR grmmWd\" data-qa=\"product-benefits-item\">\n<div class=\"sc-dcJsrY dwHOrx\">\n<p class=\"sc-iGgWBj endzIa\" data-qa=\"product-benefits-item-subtitle\"><strong>Skin Barrier<\/strong><\/p>\n<p>Formulado para dar soporte a la funci\u00f3n de barrera natural de la piel manteni\u00e9ndola en \u00f3ptimas condiciones.<\/p>\n<\/div>\n<\/div>\n<div class=\"sc-fqkvVR grmmWd\" data-qa=\"product-benefits-item\">\n<div class=\"sc-dcJsrY dwHOrx\">\n<p class=\"sc-iGgWBj endzIa\" data-qa=\"product-benefits-item-subtitle\"><strong>Bajo RSS (*)<\/strong><\/p>\n<p>Ayuda a reducir la concentraci\u00f3n urinaria de iones que contribuyen a la formaci\u00f3n de cristales. (* RSS: Super Saturaci\u00f3n Relativa)<\/p>\n<\/div>\n<\/div>\n<div class=\"sc-fqkvVR grmmWd\" data-qa=\"product-benefits-item\">\n<div class=\"sc-dcJsrY dwHOrx\">\n<p class=\"sc-iGgWBj endzIa\" data-qa=\"product-benefits-item-subtitle\"><strong>Prote\u00edna Hidrolizada<\/strong><\/p>\n<p>Prote\u00edna hidrolizada de bajo peso molecular para asegurar que el alimento sea hipoalerg\u00e9nico.<\/p>\n<\/div>\n<\/div>\n","protected":false},"featured_media":2382,"template":"","meta":{"_gspb_post_css":"","_joinchat":[]},"product_brand":[98],"product_cat":[29,140,143,142],"product_tag":[50,32,34,37,63],"class_list":{"0":"post-2381","1":"product","2":"type-product","3":"status-publish","4":"has-post-thumbnail","6":"product_brand-royal-canin","7":"product_cat-alimentoparaperros","8":"product_cat-mordidapequenia","9":"product_cat-perrosnecesidadesespeciales","10":"product_cat-perrospielsensible","11":"product_tag-2kg","12":"product_tag-adultos","13":"product_tag-mordida-pequena","14":"product_tag-necesidades-especiales","15":"product_tag-superpremium","17":"first","18":"instock","19":"shipping-taxable","20":"purchasable","21":"product-type-simple"},"jetpack_sharing_enabled":true,"_links":{"self":[{"href":"https:\/\/mascoweb.com.ar\/tienda\/wp-json\/wp\/v2\/product\/2381","targetHints":{"allow":["GET"]}}],"collection":[{"href":"https:\/\/mascoweb.com.ar\/tienda\/wp-json\/wp\/v2\/product"}],"about":[{"href":"https:\/\/mascoweb.com.ar\/tienda\/wp-json\/wp\/v2\/types\/product"}],"wp:featuredmedia":[{"embeddable":true,"href":"https:\/\/mascoweb.com.ar\/tienda\/wp-json\/wp\/v2\/media\/2382"}],"wp:attachment":[{"href":"https:\/\/mascoweb.com.ar\/tienda\/wp-json\/wp\/v2\/media?parent=2381"}],"wp:term":[{"taxonomy":"product_brand","embeddable":true,"href":"https:\/\/mascoweb.com.ar\/tienda\/wp-json\/wp\/v2\/product_brand?post=2381"},{"taxonomy":"product_cat","embeddable":true,"href":"https:\/\/mascoweb.com.ar\/tienda\/wp-json\/wp\/v2\/product_cat?post=2381"},{"taxonomy":"product_tag","embeddable":true,"href":"https:\/\/mascoweb.com.ar\/tienda\/wp-json\/wp\/v2\/product_tag?post=2381"}],"curies":[{"name":"wp","href":"https:\/\/api.w.org\/{rel}","templated":true}]}}