{"id":2383,"date":"2025-03-28T17:30:34","date_gmt":"2025-03-28T20:30:34","guid":{"rendered":"https:\/\/mascoweb.com.ar\/tienda\/?post_type=product&#038;p=2383"},"modified":"2026-03-04T13:19:12","modified_gmt":"2026-03-04T16:19:12","slug":"cat-pro-x-75-kg-bolson-x-15-kg-de-pellets-de-regalo","status":"publish","type":"product","link":"https:\/\/mascoweb.com.ar\/tienda\/producto\/cat-pro-x-75-kg-bolson-x-15-kg-de-pellets-de-regalo\/","title":{"rendered":"Cat Pro x 7,5 kg + Bols\u00f3n x 15 kg de Pellets de Regalo!"},"content":{"rendered":"<h5>Cat Pro x 7,5 kg + Bols\u00f3n x 15 kg de Pellets sanitarios de pino de Regalo!<\/h5>\n<p>Somos un alimento Premium creado para que tu gato crezca sano y con buena nutrici\u00f3n.<br \/>\nA trav\u00e9s de la filosof\u00eda FOOD AND CARE, le damos el balance necesario de nutrientes para lograr el equilibrio, la vitalidad y salud que tu gato necesita.<\/p>\n<div class=\"elementor-column elementor-col-25 elementor-top-column elementor-element elementor-element-578ef138\" data-id=\"578ef138\" data-element_type=\"column\">\n<div class=\"elementor-widget-wrap elementor-element-populated\">\n<div class=\"elementor-element elementor-element-65fdfa7a elementor-widget elementor-widget-heading\" data-id=\"65fdfa7a\" data-element_type=\"widget\" data-widget_type=\"heading.default\">\n<div class=\"elementor-widget-container\">\n<p class=\"elementor-heading-title elementor-size-default\"><strong>PH urinary control<\/strong><\/p>\n<\/div>\n<\/div>\n<div class=\"elementor-element elementor-element-534cd8ed elementor-widget elementor-widget-text-editor\" data-id=\"534cd8ed\" data-element_type=\"widget\" data-widget_type=\"text-editor.default\">\n<div class=\"elementor-widget-container\">\n<p>Elaborado para reducir el pH urinario, disminuyendo la probabilidad de formaci\u00f3n de c\u00e1lculos renales y ayudando a mantener la salud de su sistema urinario.<\/p>\n<\/div>\n<\/div>\n<\/div>\n<\/div>\n<div class=\"elementor-column elementor-col-25 elementor-top-column elementor-element elementor-element-312d34cf\" data-id=\"312d34cf\" data-element_type=\"column\">\n<div class=\"elementor-widget-wrap elementor-element-populated\">\n<div class=\"elementor-element elementor-element-26aa57c1 elementor-widget elementor-widget-heading\" data-id=\"26aa57c1\" data-element_type=\"widget\" data-widget_type=\"heading.default\">\n<div class=\"elementor-widget-container\">\n<p class=\"elementor-heading-title elementor-size-default\"><strong>salud intestinal<\/strong><\/p>\n<\/div>\n<\/div>\n<div class=\"elementor-element elementor-element-3ad4ee4f elementor-widget elementor-widget-text-editor\" data-id=\"3ad4ee4f\" data-element_type=\"widget\" data-widget_type=\"text-editor.default\">\n<div class=\"elementor-widget-container\">\n<p>Ideado para cuidar su salud intestintal, contiene prebi\u00f3ticos que estimulan el desarrollo de bacterias ben\u00e9ficas y reduce el mal olor en sus heces.<\/p>\n<\/div>\n<\/div>\n<\/div>\n<\/div>\n<div class=\"elementor-column elementor-col-25 elementor-top-column elementor-element elementor-element-55b55de\" data-id=\"55b55de\" data-element_type=\"column\">\n<div class=\"elementor-widget-wrap elementor-element-populated\">\n<div class=\"elementor-element elementor-element-f435b03 elementor-widget elementor-widget-heading\" data-id=\"f435b03\" data-element_type=\"widget\" data-widget_type=\"heading.default\">\n<div class=\"elementor-widget-container\">\n<p class=\"elementor-heading-title elementor-size-default\"><strong>alta palatibilidad<\/strong><\/p>\n<\/div>\n<\/div>\n<div class=\"elementor-element elementor-element-3938cee elementor-widget elementor-widget-text-editor\" data-id=\"3938cee\" data-element_type=\"widget\" data-widget_type=\"text-editor.default\">\n<div class=\"elementor-widget-container\">\n<p>Ingredientes de calidad homog\u00e9nea. Una croqueta aereada y liviana que le da satisfacci\u00f3n al masticar.<\/p>\n<\/div>\n<\/div>\n<\/div>\n<\/div>\n<div class=\"elementor-column elementor-col-25 elementor-top-column elementor-element elementor-element-468ccd89\" data-id=\"468ccd89\" data-element_type=\"column\">\n<div class=\"elementor-widget-wrap elementor-element-populated\">\n<div class=\"elementor-element elementor-element-3a345c6b elementor-widget elementor-widget-heading\" data-id=\"3a345c6b\" data-element_type=\"widget\" data-widget_type=\"heading.default\">\n<div class=\"elementor-widget-container\">\n<p class=\"elementor-heading-title elementor-size-default\"><strong>sistema inmunol\u00f3gico<\/strong><\/p>\n<\/div>\n<\/div>\n<div class=\"elementor-element elementor-element-6a6261b0 elementor-widget elementor-widget-text-editor\" data-id=\"6a6261b0\" data-element_type=\"widget\" data-widget_type=\"text-editor.default\">\n<div class=\"elementor-widget-container\">\n<p>Refuerza sus defensas, previniendo el desarrollo de bacterias que pueden afectar su salud y as\u00ed lograr un crecimiento sano y fuerte.<\/p>\n<ul>\n<li>Tenor m\u00ednimo de prote\u00edna bruta 33%<\/li>\n<li>Tenor m\u00ednimo de extracto et\u00e9reo 15%<\/li>\n<li>Tenor m\u00e1ximo de fibra cruda 3%<\/li>\n<li>Tenor m\u00e1ximo de minerales totales 7.5%<\/li>\n<li>Tenor m\u00e1ximo de humedad 10%<\/li>\n<li>Tenor de calcio (m\u00e1x. y m\u00edn.) 1.2% \u2013 0,8%<\/li>\n<li>Tenor de f\u00f3sforo (m\u00e1x. y m\u00edn.) 1.3% \u2013 0,8%VALOR ENERG\u00c9TICO: 3.750 kcal\/ kg de MS\n<div class=\"jx-single-accordion-header-left\"><\/div>\n<div class=\"jx-single-accordion-header-left\"><\/div>\n<p class=\"jx-single-accordion-header-left\"><strong><span class=\"jx-ac-title\">Ingredientes:<\/span><\/strong><\/p>\n<div class=\"jx-single-accordion-header-right\">Ma\u00edz y\/o trigo y\/o arroz, harina de v\u00edsceras de pollo, gluten de ma\u00edz, harina de pescado, sebo bovino y\/o aceite de pollo, aceite de pescado, hidrolizado de h\u00edgado de aves y\/o cerdos y\/o bovinos, huevo entero en polvo, pulpa de remolacha, levadura deshidratada, zeolita, carbonato de calcio, cloruro de sodio, cloruro de potasio, fosfato dic\u00e1lcico, inulina, DL metionina, HCL lisina, taurina, cloruro de colina, \u00e1cido fosf\u00f3rico, vitaminas AD3, D3, K3, E, B1, B2, B6, B12, C, niacina, \u00e1cido pantot\u00e9nico, \u00e1cido f\u00f3lico, biotina, iodato de calcio, selenito de sodio, sulfato de cobre, sulfato de manganeso, sulfato de zinc, sulfato ferroso, \u00e1cido propi\u00f3nico, propinatos de sodio, amonio, BHA\/BHT, proteinato de zinc, proteinato de cobre, proteinato de manganeso.<\/div>\n<\/li>\n<\/ul>\n<\/div>\n<\/div>\n<\/div>\n<\/div>\n","protected":false},"excerpt":{"rendered":"<h5>Cat Pro x 7,5 kg + Bols\u00f3n x 15 kg de Pellets sanitarios de pino de Regalo!<\/h5>\n<p>Somos un alimento Premium creado para que tu gato crezca sano y con buena nutrici\u00f3n.<br \/>\nA trav\u00e9s de la filosof\u00eda FOOD AND CARE, le damos el balance necesario de nutrientes para lograr el equilibrio, la vitalidad y salud que tu gato necesita.<\/p>\n","protected":false},"featured_media":2384,"template":"","meta":{"_gspb_post_css":"","_joinchat":[]},"product_brand":[133],"product_cat":[144,30,80,61],"product_tag":[],"class_list":{"0":"post-2383","1":"product","2":"type-product","3":"status-publish","4":"has-post-thumbnail","6":"product_brand-catpro","7":"product_cat-gatosadultos","8":"product_cat-alimentoparagatos","9":"product_cat-piedrasypellets","10":"product_cat-promociones","12":"first","13":"instock","14":"sale","15":"shipping-taxable","16":"purchasable","17":"product-type-simple"},"jetpack_sharing_enabled":true,"_links":{"self":[{"href":"https:\/\/mascoweb.com.ar\/tienda\/wp-json\/wp\/v2\/product\/2383","targetHints":{"allow":["GET"]}}],"collection":[{"href":"https:\/\/mascoweb.com.ar\/tienda\/wp-json\/wp\/v2\/product"}],"about":[{"href":"https:\/\/mascoweb.com.ar\/tienda\/wp-json\/wp\/v2\/types\/product"}],"wp:featuredmedia":[{"embeddable":true,"href":"https:\/\/mascoweb.com.ar\/tienda\/wp-json\/wp\/v2\/media\/2384"}],"wp:attachment":[{"href":"https:\/\/mascoweb.com.ar\/tienda\/wp-json\/wp\/v2\/media?parent=2383"}],"wp:term":[{"taxonomy":"product_brand","embeddable":true,"href":"https:\/\/mascoweb.com.ar\/tienda\/wp-json\/wp\/v2\/product_brand?post=2383"},{"taxonomy":"product_cat","embeddable":true,"href":"https:\/\/mascoweb.com.ar\/tienda\/wp-json\/wp\/v2\/product_cat?post=2383"},{"taxonomy":"product_tag","embeddable":true,"href":"https:\/\/mascoweb.com.ar\/tienda\/wp-json\/wp\/v2\/product_tag?post=2383"}],"curies":[{"name":"wp","href":"https:\/\/api.w.org\/{rel}","templated":true}]}}