{"id":2562,"date":"2025-04-03T15:10:34","date_gmt":"2025-04-03T18:10:34","guid":{"rendered":"https:\/\/mascoweb.com.ar\/tienda\/?post_type=product&#038;p=2562"},"modified":"2026-05-04T10:18:17","modified_gmt":"2026-05-04T13:18:17","slug":"royal-canin-renal-canine-x-15-kg","status":"publish","type":"product","link":"https:\/\/mascoweb.com.ar\/tienda\/producto\/royal-canin-renal-canine-x-15-kg\/","title":{"rendered":"Royal Canin Renal Canine x 1,5 kg"},"content":{"rendered":"<h5 class=\"ProductTitle-module_product-title__oY0UJ\" data-qa=\"product-title\">Royal Canin Renal Canine x 1,5 kg<\/h5>\n<p class=\"sc-hzhJZQ cdNNPH\" data-qa=\"product-category\"><strong>Alimento seco para perros<\/strong><\/p>\n<div class=\"sc-gEvEer fmTtUN\" data-qa=\"product-description\">\n<div class=\"ShowMoreLess-module_wrapper__o7OmT \">\n<p>Alimento indicado para perros adultos formulado para ayudar a mantener la funci\u00f3n renal en caso de insuficiencia renal cr\u00f3nica, a trav\u00e9s de sus niveles restringidos de f\u00f3sforo y prote\u00ednas de alta calidad.<\/p>\n<div>\n<div class=\"TabbedAccordion-module_container__ipT5h\" data-qa=\"tabbed-accordion\">\n<div class=\"TabbedAccordion-module_contentContainer__EHRNr\" data-qa=\"tabbed-accordion-content\">\n<div class=\"TabbedAccordion-module_contentTitle__0TBwO TabbedAccordion-module_activeContent__Oh8Ol\" data-qa=\"tabbed-accordion-section-title\"><strong>BENEFICIOS<\/strong><\/div>\n<div id=\"tabbed-accordion-:Rhiiah6:-section-1\" class=\"TabbedAccordion-module_content__YHr0u TabbedAccordion-module_activeContent__Oh8Ol TabbedAccordion-module_multiColumn__J9UXy\" role=\"tabpanel\" aria-labelledby=\"tabbed-accordion-:Rhiiah6:-tab-1\" data-qa=\"tabbed-accordion-section-content\">\n<div class=\"sc-eqUAAy fgprtA\" data-qa=\"product-benefits\">\n<div class=\"sc-fqkvVR grmmWd\" data-qa=\"product-benefits-item\">\n<div class=\"sc-dcJsrY dwHOrx\">\n<p class=\"sc-iGgWBj endzIa\" data-qa=\"product-benefits-item-subtitle\"><strong>Soporte Renal<\/strong><\/p>\n<p class=\"sc-gsFSXq eusNcO\" data-qa=\"product-benefits-item-text\">Formulado con bajo contenido de f\u00f3sforo y un contenido moderado de prote\u00edna de alta calidad para dar soporte a la funci\u00f3n renal, contribuyendo a mejorar la calidad de vida del perro.<\/p>\n<\/div>\n<\/div>\n<div class=\"sc-fqkvVR grmmWd\" data-qa=\"product-benefits-item\">\n<div class=\"sc-dcJsrY dwHOrx\">\n<p class=\"sc-iGgWBj endzIa\" data-qa=\"product-benefits-item-subtitle\"><strong>Energ\u00eda Adaptada<\/strong><\/p>\n<p class=\"sc-gsFSXq eusNcO\" data-qa=\"product-benefits-item-text\">Contenido energ\u00e9tico adaptado para reducir el volumen de la comida y ayudar a compensar la disminuci\u00f3n del apetito.<\/p>\n<\/div>\n<\/div>\n<div class=\"sc-fqkvVR grmmWd\" data-qa=\"product-benefits-item\">\n<div class=\"sc-dcJsrY dwHOrx\">\n<p class=\"sc-iGgWBj endzIa\" data-qa=\"product-benefits-item-subtitle\"><strong>Elecci\u00f3n Arom\u00e1tica<\/strong><\/p>\n<p class=\"sc-gsFSXq eusNcO\" data-qa=\"product-benefits-item-text\">Un perfil arom\u00e1tico espec\u00edfico con una forma de croqueta adaptada para ayudar a estimular el apetito del perro, especialmente en casos de aversi\u00f3n al alimento.<\/p>\n<\/div>\n<\/div>\n<\/div>\n<\/div>\n<\/div>\n<\/div>\n<\/div>\n<div id=\"daily-portion-tool\" class=\"sc-JrDLc blHFZL\">\n<p>&nbsp;<\/p>\n<div class=\"dpt-app__scroll-target\"><\/div>\n<p>&nbsp;<\/p>\n<div class=\"dpt-landing-page__wrapper\">\n<section class=\"dpt-landing-page\">\n<div class=\"dpt-landing-page__text\">\n<div class=\"sc-jXbUNg cEkBqs\" data-testid=\"product-nutrition-item\" data-qa=\"product-nutritional-info-item\">\n<div class=\"sc-kpDqfm gQEeDK\">\n<p class=\"sc-jlZhew lbYAQY\" data-qa=\"product-nutritional-info-item-subtitle\"><strong>COMPOSICI\u00d3N CENTESIMAL<\/strong><\/p>\n<div class=\"sc-cwHptR iRzDne\" data-testid=\"product-nutrition-content\" aria-expanded=\"true\">Prote\u00edna bruta (m\u00edn.): 12%; Extracto et\u00e9reo (m\u00edn.): 16%; Fibra cruda (m\u00e1x.): 4,4%; Minerales (m\u00e1x.): 6%; Humedad (m\u00e1x.): 11,5%; Calcio (m\u00edn.): 0,24%, (m\u00e1x.): 0,56%; F\u00f3sforo (m\u00edn.): 0,12%, (m\u00e1x.): 0,28%.\u00a0 Energ\u00eda Metabolizable 3.984 kcal\/kg.Enriquecimiento por Kg. (m\u00edn.):Vitaminas: Colina:\u00a0 1.080\u00a0 mg;\u00a0 E:\u00a0 300\u00a0 mg;\u00a0 C:\u00a0 120\u00a0 mg;\u00a0 Pantotenato\u00a0 de\u00a0 calcio:\u00a0 15,12 mg; Niacina: 13,2 mg; B6: 4,86 mg; A: 9.480 UI; B2: 2,64 mg; B1: 2,46 mg; B12: 0,042 mg; \u00c1c. F\u00f3lico: 0,66 mg; Biotina: 0,64 mg; D3: 600 UI.Oligoelementos: Zinc:\u00a0 93\u00a0 mg;\u00a0 Manganeso:\u00a0 31,2\u00a0 mg;\u00a0 Hierro:\u00a0 24\u00a0 mg;\u00a0 Cobre:\u00a0 7,2 mg; Iodo: 2,4 mg; Selenio: 0,03 mg<\/div>\n<\/div>\n<\/div>\n<div class=\"sc-jXbUNg cEkBqs\" data-testid=\"product-nutrition-item\" data-qa=\"product-nutritional-info-item\">\n<div class=\"sc-kpDqfm gQEeDK\">\n<p class=\"sc-jlZhew lbYAQY\" data-qa=\"product-nutritional-info-item-subtitle\"><strong>INGREDIENTES<\/strong><\/p>\n<div class=\"sc-cwHptR iRzDne\" data-testid=\"product-nutrition-content\" aria-expanded=\"true\">Arroz,\u00a0 harina\u00a0 de\u00a0 trigo,\u00a0 grasas\u00a0 animales\u00a0 (vacuna\u00a0 y\/o\u00a0 pollo),\u00a0 ma\u00edz,\u00a0 gluten\u00a0 de\u00a0 ma\u00edz,\u00a0 hidrolizado\u00a0 de\u00a0 subproductos\u00a0 de\u00a0 pollo\u00a0 y\/o\u00a0 cerdo,\u00a0 pulpa de remolacha, prote\u00edna vegetal purificada L.I.P.* (gluten de trigo), sales minerales,\u00a0 aceite\u00a0 de\u00a0 pescado,\u00a0 celulosa\u00a0 purificada,\u00a0 aceite\u00a0 de\u00a0 soja,\u00a0 L-lisina,\u00a0 DL-metionina, zeolita, c\u00e1scara de psyllium, fructo-oligosac\u00e1ridos (FOS), vitaminas,emulsificante permitido (INS 472c: esteres de mono y diglic\u00e9ridos de ac. grasos),taurina, tript\u00f3fano, oligoelementos quelados, extracto de rosa de la India (rico en lute\u00edna), oligoelementos. *Low Indigestible Protein: prote\u00edna seleccionada por su alta asimilaci\u00f3n.Vitaminas: Colina,\u00a0 vitamina\u00a0 E,\u00a0 vitamina\u00a0 C,\u00a0 pantotenato\u00a0 de\u00a0 calcio,\u00a0 niacina,\u00a0 vitamina B6, vitamina A, vitamina B2, vitamina B1, vitamina B12, \u00e1cido f\u00f3lico, biotina, vitamina D3.Sales minerales: Calcita, cloruro de sodio, cloruro de potasio, sorbato de potasio, citrato de potasio, \u00f3xido de magnesio.Oligoelementos: Sulfato\u00a0 de\u00a0 hierro,\u00a0 \u00f3xido\u00a0 de\u00a0 zinc,\u00a0 sulfato\u00a0 de\u00a0 cobre,\u00a0 \u00f3xido\u00a0 de\u00a0 manganeso, selenio org\u00e1nico, iodato de calcio.Oligoelementos quelados: Zinc, manganeso, cobre.Conservantes y antioxidantes: BHA, galato de propilo y \u00e1cido c\u00edtrico<\/div>\n<\/div>\n<\/div>\n<p><button class=\"rc-button rc-button--default rc-button--primary\" type=\"button\">Calcular<\/button><\/p>\n<\/div>\n<\/section>\n<\/div>\n<p>&nbsp;<\/p>\n<\/div>\n<\/div>\n<\/div>\n","protected":false},"excerpt":{"rendered":"<h5 class=\"ProductTitle-module_product-title__oY0UJ\" data-qa=\"product-title\">Royal Canin Renal Canine x 1,5 kg<\/h5>\n<p class=\"sc-hzhJZQ cdNNPH\" data-qa=\"product-category\"><strong>Alimento seco para perros<\/strong><\/p>\n<div class=\"sc-gEvEer fmTtUN\" data-qa=\"product-description\">\n<div class=\"ShowMoreLess-module_wrapper__o7OmT \">\n<p>Alimento indicado para perros adultos formulado para ayudar a mantener la funci\u00f3n renal en caso de insuficiencia renal cr\u00f3nica, a trav\u00e9s de sus niveles restringidos de f\u00f3sforo y prote\u00ednas de alta calidad.<\/p>\n<div>\n<div class=\"TabbedAccordion-module_container__ipT5h\" data-qa=\"tabbed-accordion\">\n<div class=\"TabbedAccordion-module_contentContainer__EHRNr\" data-qa=\"tabbed-accordion-content\">\n<div class=\"TabbedAccordion-module_contentTitle__0TBwO TabbedAccordion-module_activeContent__Oh8Ol\" data-qa=\"tabbed-accordion-section-title\"><strong>BENEFICIOS<\/strong><\/div>\n<div id=\"tabbed-accordion-:Rhiiah6:-section-1\" class=\"TabbedAccordion-module_content__YHr0u TabbedAccordion-module_activeContent__Oh8Ol TabbedAccordion-module_multiColumn__J9UXy\" role=\"tabpanel\" aria-labelledby=\"tabbed-accordion-:Rhiiah6:-tab-1\" data-qa=\"tabbed-accordion-section-content\">\n<div class=\"sc-eqUAAy fgprtA\" data-qa=\"product-benefits\">\n<div class=\"sc-fqkvVR grmmWd\" data-qa=\"product-benefits-item\">\n<div class=\"sc-dcJsrY dwHOrx\">\n<p class=\"sc-iGgWBj endzIa\" data-qa=\"product-benefits-item-subtitle\"><strong>Soporte Renal<\/strong><\/p>\n<p class=\"sc-gsFSXq eusNcO\" data-qa=\"product-benefits-item-text\">Formulado con bajo contenido de f\u00f3sforo y un contenido moderado de prote\u00edna de alta calidad para dar soporte a la funci\u00f3n renal, contribuyendo a mejorar la calidad de vida del perro.<\/p>\n<\/div>\n<\/div>\n<div class=\"sc-fqkvVR grmmWd\" data-qa=\"product-benefits-item\">\n<div class=\"sc-dcJsrY dwHOrx\">\n<p class=\"sc-iGgWBj endzIa\" data-qa=\"product-benefits-item-subtitle\"><strong>Energ\u00eda Adaptada<\/strong><\/p>\n<p class=\"sc-gsFSXq eusNcO\" data-qa=\"product-benefits-item-text\">Contenido energ\u00e9tico adaptado para reducir el volumen de la comida y ayudar a compensar la disminuci\u00f3n del apetito.<\/p>\n<\/div>\n<\/div>\n<div class=\"sc-fqkvVR grmmWd\" data-qa=\"product-benefits-item\">\n<div class=\"sc-dcJsrY dwHOrx\">\n<p class=\"sc-iGgWBj endzIa\" data-qa=\"product-benefits-item-subtitle\"><strong>Elecci\u00f3n Arom\u00e1tica<\/strong><\/p>\n<p class=\"sc-gsFSXq eusNcO\" data-qa=\"product-benefits-item-text\">Un perfil arom\u00e1tico espec\u00edfico con una forma de croqueta adaptada para ayudar a estimular el apetito del perro, especialmente en casos de aversi\u00f3n al alimento.<\/p>\n<\/div>\n<\/div>\n<\/div>\n<\/div>\n<\/div>\n<\/div>\n<\/div>\n<\/div>\n<\/div>\n","protected":false},"featured_media":2563,"template":"","meta":{"_gspb_post_css":"","_joinchat":[]},"product_brand":[98],"product_cat":[29,143],"product_tag":[56,32,37,63],"class_list":{"0":"post-2562","1":"product","2":"type-product","3":"status-publish","4":"has-post-thumbnail","6":"product_brand-royal-canin","7":"product_cat-alimentoparaperros","8":"product_cat-perrosnecesidadesespeciales","9":"product_tag-1-5-kg","10":"product_tag-adultos","11":"product_tag-necesidades-especiales","12":"product_tag-superpremium","14":"first","15":"instock","16":"shipping-taxable","17":"purchasable","18":"product-type-simple"},"jetpack_sharing_enabled":true,"_links":{"self":[{"href":"https:\/\/mascoweb.com.ar\/tienda\/wp-json\/wp\/v2\/product\/2562","targetHints":{"allow":["GET"]}}],"collection":[{"href":"https:\/\/mascoweb.com.ar\/tienda\/wp-json\/wp\/v2\/product"}],"about":[{"href":"https:\/\/mascoweb.com.ar\/tienda\/wp-json\/wp\/v2\/types\/product"}],"wp:featuredmedia":[{"embeddable":true,"href":"https:\/\/mascoweb.com.ar\/tienda\/wp-json\/wp\/v2\/media\/2563"}],"wp:attachment":[{"href":"https:\/\/mascoweb.com.ar\/tienda\/wp-json\/wp\/v2\/media?parent=2562"}],"wp:term":[{"taxonomy":"product_brand","embeddable":true,"href":"https:\/\/mascoweb.com.ar\/tienda\/wp-json\/wp\/v2\/product_brand?post=2562"},{"taxonomy":"product_cat","embeddable":true,"href":"https:\/\/mascoweb.com.ar\/tienda\/wp-json\/wp\/v2\/product_cat?post=2562"},{"taxonomy":"product_tag","embeddable":true,"href":"https:\/\/mascoweb.com.ar\/tienda\/wp-json\/wp\/v2\/product_tag?post=2562"}],"curies":[{"name":"wp","href":"https:\/\/api.w.org\/{rel}","templated":true}]}}