{"id":2574,"date":"2025-04-10T17:08:22","date_gmt":"2025-04-10T20:08:22","guid":{"rendered":"https:\/\/mascoweb.com.ar\/tienda\/?post_type=product&#038;p=2574"},"modified":"2026-04-20T16:20:08","modified_gmt":"2026-04-20T19:20:08","slug":"royal-canin-gastrointestinal-feline-x-2-kg","status":"publish","type":"product","link":"https:\/\/mascoweb.com.ar\/tienda\/producto\/royal-canin-gastrointestinal-feline-x-2-kg\/","title":{"rendered":"Royal Canin Gastrointestinal Feline x 2 kg"},"content":{"rendered":"<h5 class=\"sc-hzhJZQ cdNNPH\" data-qa=\"product-category\">Royal Canin Gastrointestinal Feline x 2 kg<\/h5>\n<div class=\"sc-gEvEer fmTtUN\" data-qa=\"product-description\">\n<div class=\"ShowMoreLess-module_wrapper__o7OmT \">\n<p>Alimento completo para gatos, formulado para ayudar en el manejo de los trastornos agudos de absorci\u00f3n intestinal y promover la restauraci\u00f3n nutricional y convalecencia. Ingredientes altamente digestibles. Elevados niveles de electrolitos y nutrientes esenciales. Densidad energ\u00e9tica elevada.<\/p>\n<\/div>\n<div class=\"ShowMoreLess-module_buttoncontainer__D1rhB ShowMoreLess-module_compact__yo89Y \">\n<div class=\"TabbedAccordion-module_contentTitle__0TBwO TabbedAccordion-module_activeContent__Oh8Ol\" data-qa=\"tabbed-accordion-section-title\"><strong>BENEFICIOS<\/strong><\/div>\n<div id=\"tabbed-accordion-:Rhiiah6:-section-1\" class=\"TabbedAccordion-module_content__YHr0u TabbedAccordion-module_activeContent__Oh8Ol TabbedAccordion-module_multiColumn__J9UXy\" role=\"tabpanel\" aria-labelledby=\"tabbed-accordion-:Rhiiah6:-tab-1\" data-qa=\"tabbed-accordion-section-content\">\n<div class=\"sc-eqUAAy fgprtA\" data-qa=\"product-benefits\">\n<div class=\"sc-fqkvVR grmmWd\" data-qa=\"product-benefits-item\">\n<div class=\"sc-dcJsrY dwHOrx\">\n<p class=\"sc-iGgWBj endzIa\" data-qa=\"product-benefits-item-subtitle\"><strong>Soporte digestivo<\/strong><\/p>\n<p class=\"sc-gsFSXq eusNcO\" data-qa=\"product-benefits-item-text\">Una f\u00f3rmula altamente digestible, con contenido balanceado de fibras, incluyendo prebi\u00f3ticos, para favorecer una digesti\u00f3n y tr\u00e1nsito intestinal saludables.<\/p>\n<\/div>\n<\/div>\n<div class=\"sc-fqkvVR grmmWd\" data-qa=\"product-benefits-item\">\n<div class=\"sc-dcJsrY dwHOrx\">\n<p class=\"sc-iGgWBj endzIa\" data-qa=\"product-benefits-item-subtitle\"><strong>Alta energ\u00eda<\/strong><\/p>\n<p class=\"sc-gsFSXq eusNcO\" data-qa=\"product-benefits-item-text\">Un alto contenido de energ\u00eda para ayudar a reducir el volumen de raci\u00f3n y disminuir la carga intestinal.<\/p>\n<\/div>\n<\/div>\n<div class=\"sc-fqkvVR grmmWd\" data-qa=\"product-benefits-item\">\n<div class=\"sc-dcJsrY dwHOrx\">\n<p class=\"sc-iGgWBj endzIa\" data-qa=\"product-benefits-item-subtitle\"><strong>Alta palatabilidad<\/strong><\/p>\n<p class=\"sc-gsFSXq eusNcO\" data-qa=\"product-benefits-item-text\">Alta palatabilidad para satisfacer un apetito disminuido.<\/p>\n<\/div>\n<\/div>\n<div class=\"sc-fqkvVR grmmWd\" data-qa=\"product-benefits-item\">\n<div class=\"sc-dcJsrY dwHOrx\">\n<p class=\"sc-iGgWBj endzIa\" data-qa=\"product-benefits-item-subtitle\"><strong>S\/O INDEX<\/strong><\/p>\n<p class=\"sc-gsFSXq eusNcO\" data-qa=\"product-benefits-item-text\">Esta dieta genera un ambiente urinario desfavorable para la formaci\u00f3n de c\u00e1lculos de estruvita y oxalato de calcio en la orina.<\/p>\n<div class=\"sc-jXbUNg cEkBqs\" data-testid=\"product-nutrition-item\" data-qa=\"product-nutritional-info-item\">\n<div class=\"sc-kpDqfm gQEeDK\">\n<p><strong>COMPOSICI\u00d3N CENTESIMAL:<\/strong><\/p>\n<div class=\"sc-cwHptR iRzDne\" data-testid=\"product-nutrition-content\" aria-expanded=\"true\">Prote\u00edna bruta (m\u00edn.): 30%; Extracto et\u00e9reo (m\u00edn.): 20%; Fibra cruda (m\u00e1x.): 7,3%; Minerales (m\u00e1x.): 10,4%; Humedad (m\u00e1x.): 7,5%; Calcio (m\u00edn.): 0,67%, (m\u00e1x.): 1,57%; F\u00f3sforo (m\u00edn.): 0,61%, (m\u00e1x.): 1,43%; Sodio (m\u00e1x.): 0,84%. Energ\u00eda metabolizable: 4.074 kcal\/kg. Enriquecimientos por Kg.: (m\u00edn.): Vitaminas: Colina: 1.260 mg; E: 300 mg; C: 120 mg; Niacina: 111,6 mg; Pantotenato de calcio: 34,2 mg; B2: 31,74 mg; B6: 24,72 mg; B1: 8,28 mg; \u00c1c. F\u00f3lico: 7,14 mg; A: 12.780 UI; Biotina: 1,89 mg; B12: 0,08 mg; D3: 480 UI. Oligoelementos: Zinc: 81 mg; Manganeso: 27 mg; Hierro: 21 mg; Cobre: 6,6 mg; Iodo: 2,1 mg; Selenio: 0,03 mg.<\/div>\n<\/div>\n<\/div>\n<div class=\"sc-jXbUNg cEkBqs\" data-testid=\"product-nutrition-item\" data-qa=\"product-nutritional-info-item\">\n<div class=\"sc-kpDqfm gQEeDK\">\n<p class=\"sc-jlZhew lbYAQY\" data-qa=\"product-nutritional-info-item-subtitle\"><strong>INGREDIENTES:<\/strong><\/p>\n<div class=\"sc-cwHptR iRzDne\" data-testid=\"product-nutrition-content\" aria-expanded=\"true\">Harina de subproductos de pollo, arroz, grasas animales (vacuna y\/o pollo), celulosa purificada, gluten de ma\u00edz, hidrolizado de h\u00edgado de pollo y\/o vacuno y\/o cerdo, prote\u00edna vegetal purificada L.I.P.* (gluten de trigo), sales minerales, huevo en polvo, pulpa de remolacha, aceite de pescado, zeolita, levadura de cerveza, aceite de soja, vitaminas, DL-metionina, c\u00e1scara de psyllium, fructo-oligosac\u00e1ridos (FOS), manano-oligosac\u00e1ridos (MOS), taurina, extracto de rosa de la India (rico en lute\u00edna), oligoelementos quelados, oligoelementos. *Low Indigestible Protein: prote\u00edna seleccionada por su alta asimilaci\u00f3n. Vitaminas: Colina, vitamina E, vitamina C, niacina, pantotenato de calcio, vitamina B2, vitamina B6, vitamina B1, \u00e1cido f\u00f3lico, vitamina A, biotina, vitamina B12, vitamina D3. Sales minerales: Cloruro de potasio, sulfato de calcio, cloruro de sodio ,fosfato monopot\u00e1sico, fosfato monoc\u00e1lcico, \u00f3xido de magnesio. Oligoelementos: Sulfato de hierro, \u00f3xido de zinc, \u00f3xido de manganeso, sulfato de cobre, selenio org\u00e1nico, iodato de calcio. Oligoelementos quelados: Zinc, manganeso, cobre. Conservantes y antioxidantes: BHA, galato de propilo y \u00e1cido c\u00edtrico.<\/div>\n<\/div>\n<\/div>\n<\/div>\n<\/div>\n<\/div>\n<\/div>\n<\/div>\n<\/div>\n","protected":false},"excerpt":{"rendered":"<h5 class=\"sc-hzhJZQ cdNNPH\" data-qa=\"product-category\">Royal Canin Gastrointestinal Feline x 2 kg<\/h5>\n<div class=\"sc-gEvEer fmTtUN\" data-qa=\"product-description\">\n<div class=\"ShowMoreLess-module_wrapper__o7OmT \">\n<p>Alimento completo para gatos, formulado para ayudar en el manejo de los trastornos agudos de absorci\u00f3n intestinal y promover la restauraci\u00f3n nutricional y convalecencia. Ingredientes altamente digestibles. Elevados niveles de electrolitos y nutrientes esenciales. Densidad energ\u00e9tica elevada.<\/p>\n<\/div>\n<\/div>\n","protected":false},"featured_media":2575,"template":"","meta":{"_gspb_post_css":"","_joinchat":[]},"product_brand":[98],"product_cat":[30,148],"product_tag":[50,37,63],"class_list":{"0":"post-2574","1":"product","2":"type-product","3":"status-publish","4":"has-post-thumbnail","6":"product_brand-royal-canin","7":"product_cat-alimentoparagatos","8":"product_cat-gatosnecesidadesespeciales","9":"product_tag-2kg","10":"product_tag-necesidades-especiales","11":"product_tag-superpremium","13":"first","14":"instock","15":"shipping-taxable","16":"purchasable","17":"product-type-simple"},"jetpack_sharing_enabled":true,"_links":{"self":[{"href":"https:\/\/mascoweb.com.ar\/tienda\/wp-json\/wp\/v2\/product\/2574","targetHints":{"allow":["GET"]}}],"collection":[{"href":"https:\/\/mascoweb.com.ar\/tienda\/wp-json\/wp\/v2\/product"}],"about":[{"href":"https:\/\/mascoweb.com.ar\/tienda\/wp-json\/wp\/v2\/types\/product"}],"wp:featuredmedia":[{"embeddable":true,"href":"https:\/\/mascoweb.com.ar\/tienda\/wp-json\/wp\/v2\/media\/2575"}],"wp:attachment":[{"href":"https:\/\/mascoweb.com.ar\/tienda\/wp-json\/wp\/v2\/media?parent=2574"}],"wp:term":[{"taxonomy":"product_brand","embeddable":true,"href":"https:\/\/mascoweb.com.ar\/tienda\/wp-json\/wp\/v2\/product_brand?post=2574"},{"taxonomy":"product_cat","embeddable":true,"href":"https:\/\/mascoweb.com.ar\/tienda\/wp-json\/wp\/v2\/product_cat?post=2574"},{"taxonomy":"product_tag","embeddable":true,"href":"https:\/\/mascoweb.com.ar\/tienda\/wp-json\/wp\/v2\/product_tag?post=2574"}],"curies":[{"name":"wp","href":"https:\/\/api.w.org\/{rel}","templated":true}]}}