{"id":2684,"date":"2025-05-28T16:44:57","date_gmt":"2025-05-28T19:44:57","guid":{"rendered":"https:\/\/mascoweb.com.ar\/tienda\/?post_type=product&#038;p=2684"},"modified":"2026-03-25T16:32:06","modified_gmt":"2026-03-25T19:32:06","slug":"cat-chow-adultos-pescado-x-153-kg","status":"publish","type":"product","link":"https:\/\/mascoweb.com.ar\/tienda\/producto\/cat-chow-adultos-pescado-x-153-kg\/","title":{"rendered":"Cat Chow Adultos Pescado x 15+3 kg"},"content":{"rendered":"<h5>Cat Chow Adultos Pescado y Pollo x 15+3 kg<\/h5>\n<p>Una buena nutrici\u00f3n es fundamental para proteger la salud de los gatos. Es por eso que desarrollamos\u00a0<strong>PURINA\u00ae CAT CHOW\u00ae CON DEFENSE PLUS\u00ae<\/strong>, elaborado con una selecci\u00f3n de ingredientes naturales y mejorado, con la inclusi\u00f3n de un prebi\u00f3tico natural.<\/p>\n<p>Alimento completo y balanceado para gatos adultos de todos los tama\u00f1os.<\/p>\n<p><strong>Beneficios:<\/strong><\/p>\n<p><strong>Defense Plus\u00ae<\/strong>, una combinaci\u00f3n exclusiva de\u00a0<strong>prebi\u00f3tico natural, antioxidantes, vitaminas, y minerales<\/strong>\u00a0que ayudan a fortalecer las defensas naturales de tu gato. Esto ayudar\u00e1 a promover un sistema inmune fuerte para proteger su estilo de vida \u00fanico.<\/p>\n<ul>\n<li><strong>COMPUESTO MINERAL (TSPP)<\/strong>\u00a0Ayuda a reducir elc\u00f3mulo de sarro.<\/li>\n<li><strong>ZINC Y OMEGA 6 Y 3<\/strong>\u00a0Piel y pelo saludables.<\/li>\n<li><strong>VITAMINAS<\/strong>\u00a0Ayudan a soportar las funciones metab\u00f3licas como mantener la visi\u00f3n saludable, la respuesta inmune del organismo y combatir los radicales libres.<\/li>\n<li><strong>MINERALES<\/strong>\u00a0Contribuyen con el mantenimiento de huesos fuertes y las funciones vitales.<\/li>\n<li><strong>MACROMINERALES BALANCEADOS<\/strong>\u00a0Ayudan al mantenimiento del PH adecuado en la orina, contribuyendo con la salud del tracto urinario inferior.<\/li>\n<\/ul>\n<p><strong>Ingredientes:<\/strong><\/p>\n<p>Ma\u00edz, harina de subproductos de pollo, gluten de ma\u00edz, harina de soja, trigo, aceite de pollo y\/o grasa vacuna preservados con tocoferoles (fuente de vitamina E), harina de pescado, sal, \u00e1cido fosf\u00f3rico y\/o bisulfato de<br \/>\nsodio, carbonato de calcio y\/o fosfato c\u00e1lcico, hidrolizado (polvo y\/o l\u00edquido) a base de subproductos de pollo y\/o cerdo, levadura seca (Saccharomyces cerevisiae ssp.), color natural (caramelo), inulina y\/o fructooligosac\u00e1ridos y\/o pared celular de levadura Saccharomyces cerevisiae (fuente natural de manano-oligosac\u00e1ridos y betaglucanos), pirofosfato tetras\u00f3dico, suplemento vitam\u00ednico antioxidante (A, D3, E, K3, B1, B2, B3, B5, B6, B7, B9, B12, BHT), cloruro de colina, cloruro de potasio, suplementos minerales , taurina,<br \/>\nL-lisina, DL-metionina, \u00e1cido asc\u00f3rbico (fuente de vitamina C), tomate deshidratado, espinaca deshidratada, color natural (carm\u00edn).<\/p>\n<table class=\"table striped internal-products-section-accordion-body-table\">\n<thead>\n<tr>\n<th scope=\"col\">Nutriente<\/th>\n<th scope=\"col\">M\u00edn.<\/th>\n<th scope=\"col\">M\u00e1x.<\/th>\n<\/tr>\n<\/thead>\n<tbody>\n<tr>\n<td class=\"p-2\">Prote\u00edna cruda (m\u00edn.)<\/td>\n<td class=\"p-2\">31,0%<\/td>\n<td class=\"p-2\">&#8211;<\/td>\n<\/tr>\n<tr>\n<td class=\"p-2\">Grasa cruda (m\u00edn.\/m\u00e1x.)<\/td>\n<td class=\"p-2\">10,0%<\/td>\n<td class=\"p-2\">10,0%<\/td>\n<\/tr>\n<tr>\n<td class=\"p-2\">Fibra cruda (m\u00e1x.)<\/td>\n<td class=\"p-2\">&#8211;<\/td>\n<td class=\"p-2\">3,5%<\/td>\n<\/tr>\n<tr>\n<td class=\"p-2\">Humedad (m\u00e1x.)<\/td>\n<td class=\"p-2\">&#8211;<\/td>\n<td class=\"p-2\">12,0%<\/td>\n<\/tr>\n<tr>\n<td class=\"p-2\">Cenizas\/Minerales (m\u00e1x.)<\/td>\n<td class=\"p-2\">&#8211;<\/td>\n<td class=\"p-2\">9,5%<\/td>\n<\/tr>\n<tr>\n<td class=\"p-2\">Calcio (m\u00edn.\/m\u00e1x.)<\/td>\n<td class=\"p-2\">1,1%<\/td>\n<td class=\"p-2\">1,6%<\/td>\n<\/tr>\n<tr>\n<td class=\"p-2\">F\u00f3sforo (m\u00edn.\/m\u00e1x.)<\/td>\n<td class=\"p-2\">0,80%<\/td>\n<td class=\"p-2\">1,4%<\/td>\n<\/tr>\n<tr>\n<td class=\"p-2\">Energ\u00eda metabolizable (calculada): 3.700 kcal\/kg<\/td>\n<td class=\"p-2\">&#8211;<\/td>\n<td class=\"p-2\">&#8211;<\/td>\n<\/tr>\n<\/tbody>\n<\/table>\n","protected":false},"excerpt":{"rendered":"<h5>Cat Chow Adultos Pescado y Pollo x 15 kg<\/h5>\n<p>Una buena nutrici\u00f3n es fundamental para proteger la salud de los gatos. Es por eso que desarrollamos\u00a0<strong>PURINA\u00ae CAT CHOW\u00ae CON DEFENSE PLUS\u00ae<\/strong>, elaborado con una selecci\u00f3n de ingredientes naturales y mejorado, con la inclusi\u00f3n de un prebi\u00f3tico natural.<\/p>\n<p>Alimento completo y balanceado para gatos adultos de todos los tama\u00f1os.<\/p>\n","protected":false},"featured_media":2685,"template":"","meta":{"_gspb_post_css":"","_joinchat":[]},"product_brand":[115],"product_cat":[144,30,62],"product_tag":[42,32,65],"class_list":{"0":"post-2684","1":"product","2":"type-product","3":"status-publish","4":"has-post-thumbnail","6":"product_brand-cat-chow","7":"product_cat-gatosadultos","8":"product_cat-alimentoparagatos","9":"product_cat-kilos-de-regalo","10":"product_tag-18kg","11":"product_tag-adultos","12":"product_tag-lineamedia","14":"first","15":"instock","16":"shipping-taxable","17":"purchasable","18":"product-type-simple"},"jetpack_sharing_enabled":true,"_links":{"self":[{"href":"https:\/\/mascoweb.com.ar\/tienda\/wp-json\/wp\/v2\/product\/2684","targetHints":{"allow":["GET"]}}],"collection":[{"href":"https:\/\/mascoweb.com.ar\/tienda\/wp-json\/wp\/v2\/product"}],"about":[{"href":"https:\/\/mascoweb.com.ar\/tienda\/wp-json\/wp\/v2\/types\/product"}],"wp:featuredmedia":[{"embeddable":true,"href":"https:\/\/mascoweb.com.ar\/tienda\/wp-json\/wp\/v2\/media\/2685"}],"wp:attachment":[{"href":"https:\/\/mascoweb.com.ar\/tienda\/wp-json\/wp\/v2\/media?parent=2684"}],"wp:term":[{"taxonomy":"product_brand","embeddable":true,"href":"https:\/\/mascoweb.com.ar\/tienda\/wp-json\/wp\/v2\/product_brand?post=2684"},{"taxonomy":"product_cat","embeddable":true,"href":"https:\/\/mascoweb.com.ar\/tienda\/wp-json\/wp\/v2\/product_cat?post=2684"},{"taxonomy":"product_tag","embeddable":true,"href":"https:\/\/mascoweb.com.ar\/tienda\/wp-json\/wp\/v2\/product_tag?post=2684"}],"curies":[{"name":"wp","href":"https:\/\/api.w.org\/{rel}","templated":true}]}}