{"id":2755,"date":"2025-06-27T12:20:42","date_gmt":"2025-06-27T15:20:42","guid":{"rendered":"https:\/\/mascoweb.com.ar\/tienda\/?post_type=product&#038;p=2755"},"modified":"2026-05-04T12:00:46","modified_gmt":"2026-05-04T15:00:46","slug":"dog-selection-criadores-adultos-x-21-kg","status":"publish","type":"product","link":"https:\/\/mascoweb.com.ar\/tienda\/producto\/dog-selection-criadores-adultos-x-21-kg\/","title":{"rendered":"Dog Selection Criadores Adultos x 21 kg"},"content":{"rendered":"<h5>Dog Selection Criadores Adultos x 21 kg<\/h5>\n<p>Nueva f\u00f3rmula!<\/p>\n<p>Alimento Premium con <strong>24% de prote\u00ednas<\/strong>, de las cuales el 80% son de origen animal.<\/p>\n<p>Energ\u00eda, fuerza y vitalidad para desarrollar su m\u00e1ximo potencial.<\/p>\n<div class=\"has_eae_slider elementor-element elementor-element-19f6792 e-con-full e-flex e-con e-child\" data-id=\"19f6792\" data-element_type=\"container\">\n<div class=\"has_eae_slider elementor-element elementor-element-71aca71 e-con-full e-flex e-con e-child\" data-id=\"71aca71\" data-element_type=\"container\">\n<div class=\"elementor-element elementor-element-8bf01d0 elementor-widget elementor-widget-heading\" data-id=\"8bf01d0\" data-element_type=\"widget\" data-widget_type=\"heading.default\">\n<div class=\"elementor-widget-container\">\n<p class=\"elementor-heading-title elementor-size-default\"><strong>Salud dermatol\u00f3gica<\/strong><\/p>\n<\/div>\n<\/div>\n<div class=\"elementor-element elementor-element-1a4c71b elementor-widget elementor-widget-text-editor\" data-id=\"1a4c71b\" data-element_type=\"widget\" data-widget_type=\"text-editor.default\">\n<div class=\"elementor-widget-container\">Las PROTE\u00cdNAS de ALTA CALIDAD utilizadas en conjunto con vitaminas, minerales y \u00e1cidos grasos ricos en Omega 3 y 6 favorecen el mantenimiento de una PIEL SANA y un PELO FUERTE Y BRILLANTE.<\/div>\n<\/div>\n<\/div>\n<div class=\"elementor-element elementor-element-481cf83 elementor-widget elementor-widget-image\" data-id=\"481cf83\" data-element_type=\"widget\" data-widget_type=\"image.default\">\n<div class=\"elementor-widget-container\"><\/div>\n<\/div>\n<\/div>\n<div class=\"has_eae_slider elementor-element elementor-element-cfbbdd3 e-con-full e-flex e-con e-child\" data-id=\"cfbbdd3\" data-element_type=\"container\">\n<div class=\"elementor-element elementor-element-c942dc9 elementor-widget elementor-widget-heading\" data-id=\"c942dc9\" data-element_type=\"widget\" data-widget_type=\"heading.default\">\n<div class=\"elementor-widget-container\">\n<p class=\"elementor-heading-title elementor-size-default\"><strong>Ingredientes<\/strong><\/p>\n<\/div>\n<\/div>\n<div class=\"elementor-element elementor-element-58bee4b elementor-widget elementor-widget-text-editor\" data-id=\"58bee4b\" data-element_type=\"widget\" data-widget_type=\"text-editor.default\">\n<div class=\"elementor-widget-container\">Harina carne y hueso de cerdo y\/o pollo, arroz integral, arveja, gluten de ma\u00edz, germen de ma\u00edz, zapallo deshidratado, aceite de pollo y\/o vacuno, hidrolizado de v\u00edsceras de cerdo y\/o pollo, levadura de cerveza, probi\u00f3ticos (Saccharomyces cerevisiae, Enterococcus faecium, Lactobacillus plantarum, Bacillus subtilis), extracto de Cynara scolymus, zanahoria deshidratada, aceite desodorizado de pescado, pulpa de remolacha, DL metionina, L-Lisina, extracto de Yucca Schidigera, manano-oligosac\u00e1ridos, L-\u00e1cido glut\u00e1mico, L-Glutamina, arginina, niacina, carnitina, pirofosfato \u00e1cido de sodio, \u00e1cido c\u00edtrico, cloruro de sodio, col\u00e1geno hidrolizado, \u00e1cido propi\u00f3nico, extracto de romero, tocoferoles, betacaroteno, vitaminas A, C, D3, E, K, B1, B2, B6, B12, \u00e1cido f\u00f3lico, pantotenato de calcio, biotina, colina, minerales: zinc, calcio, hierro, manganeso, cobre, yodo, selenio.<\/div>\n<div>\n<div class=\"elementor-element elementor-element-7675e0c elementor-widget-divider--view-line elementor-widget elementor-widget-divider\" data-id=\"7675e0c\" data-element_type=\"widget\" data-widget_type=\"divider.default\">\n<div class=\"elementor-widget-container\">\n<div class=\"elementor-divider\"><\/div>\n<\/div>\n<\/div>\n<div class=\"elementor-element elementor-element-a3d081f elementor-widget elementor-widget-shortcode\" data-id=\"a3d081f\" data-element_type=\"widget\" data-widget_type=\"shortcode.default\">\n<div class=\"elementor-widget-container\">\n<div class=\"elementor-shortcode\">\n<table class=\"analisis nutricional\">\n<tbody>\n<tr>\n<td>Prote\u00edna<\/td>\n<td>M\u00edn.<\/td>\n<td>24%<\/td>\n<\/tr>\n<tr>\n<td><\/td>\n<td><\/td>\n<td><\/td>\n<\/tr>\n<tr>\n<td>Grasa<\/td>\n<td>M\u00edn.<\/td>\n<td>9%<\/td>\n<\/tr>\n<tr>\n<td><\/td>\n<td><\/td>\n<td><\/td>\n<\/tr>\n<tr>\n<td>Fibra cruda<\/td>\n<td>M\u00e1x.<\/td>\n<td>4%<\/td>\n<\/tr>\n<tr>\n<td><\/td>\n<td><\/td>\n<td><\/td>\n<\/tr>\n<tr>\n<td>Minerales totales<\/td>\n<td>M\u00e1x.<\/td>\n<td>10%<\/td>\n<\/tr>\n<tr>\n<td><\/td>\n<td><\/td>\n<td><\/td>\n<\/tr>\n<tr>\n<td>Humedad<\/td>\n<td>M\u00e1x.<\/td>\n<td>12%<\/td>\n<\/tr>\n<tr>\n<td><\/td>\n<td><\/td>\n<td><\/td>\n<\/tr>\n<tr>\n<td>Calcio<\/td>\n<td>M\u00edn.<\/td>\n<td>1%<\/td>\n<\/tr>\n<tr>\n<td><\/td>\n<td>M\u00e1x.<\/td>\n<td>2%<\/td>\n<\/tr>\n<tr>\n<td>F\u00f3sforo<\/td>\n<td>M\u00edn.<\/td>\n<td>0,6%<\/td>\n<\/tr>\n<tr>\n<td><\/td>\n<td>M\u00e1x.<\/td>\n<td>1,2%<\/td>\n<\/tr>\n<tr>\n<td>Energ\u00eda metab\u00f3lica<\/td>\n<td>M\u00edn.<\/td>\n<td>3528 kcal\/ kg M.S.<\/td>\n<\/tr>\n<tr>\n<td><\/td>\n<td><\/td>\n<td><\/td>\n<\/tr>\n<\/tbody>\n<\/table>\n<\/div>\n<\/div>\n<\/div>\n<\/div>\n<\/div>\n<\/div>\n","protected":false},"excerpt":{"rendered":"<h5>Dog Selection Criadores Adultos x 21 kg<\/h5>\n<p>Nueva f\u00f3rmula!<\/p>\n<p>Alimento Premium con <strong>24% de prote\u00ednas<\/strong>, de las cuales el 80% son de origen animal.<\/p>\n<p>Energ\u00eda, fuerza y vitalidad para desarrollar su m\u00e1ximo potencial.<\/p>\n","protected":false},"featured_media":2756,"template":"","meta":{"_gspb_post_css":"","_joinchat":[]},"product_brand":[106],"product_cat":[137,29],"product_tag":[40,32,64],"class_list":{"0":"post-2755","1":"product","2":"type-product","3":"status-publish","4":"has-post-thumbnail","6":"product_brand-dog-selection","7":"product_cat-perrosadultos","8":"product_cat-alimentoparaperros","9":"product_tag-21kg","10":"product_tag-adultos","11":"product_tag-premium","13":"first","14":"instock","15":"shipping-taxable","16":"purchasable","17":"product-type-simple"},"jetpack_sharing_enabled":true,"_links":{"self":[{"href":"https:\/\/mascoweb.com.ar\/tienda\/wp-json\/wp\/v2\/product\/2755","targetHints":{"allow":["GET"]}}],"collection":[{"href":"https:\/\/mascoweb.com.ar\/tienda\/wp-json\/wp\/v2\/product"}],"about":[{"href":"https:\/\/mascoweb.com.ar\/tienda\/wp-json\/wp\/v2\/types\/product"}],"wp:featuredmedia":[{"embeddable":true,"href":"https:\/\/mascoweb.com.ar\/tienda\/wp-json\/wp\/v2\/media\/2756"}],"wp:attachment":[{"href":"https:\/\/mascoweb.com.ar\/tienda\/wp-json\/wp\/v2\/media?parent=2755"}],"wp:term":[{"taxonomy":"product_brand","embeddable":true,"href":"https:\/\/mascoweb.com.ar\/tienda\/wp-json\/wp\/v2\/product_brand?post=2755"},{"taxonomy":"product_cat","embeddable":true,"href":"https:\/\/mascoweb.com.ar\/tienda\/wp-json\/wp\/v2\/product_cat?post=2755"},{"taxonomy":"product_tag","embeddable":true,"href":"https:\/\/mascoweb.com.ar\/tienda\/wp-json\/wp\/v2\/product_tag?post=2755"}],"curies":[{"name":"wp","href":"https:\/\/api.w.org\/{rel}","templated":true}]}}