{"id":2834,"date":"2025-08-04T10:48:21","date_gmt":"2025-08-04T13:48:21","guid":{"rendered":"https:\/\/mascoweb.com.ar\/tienda\/?post_type=product&#038;p=2834"},"modified":"2026-05-05T12:29:52","modified_gmt":"2026-05-05T15:29:52","slug":"cat-pro-indoor-x-75-kg-bolson-x-25-kg-de-piedras-de-regalo","status":"publish","type":"product","link":"https:\/\/mascoweb.com.ar\/tienda\/producto\/cat-pro-indoor-x-75-kg-bolson-x-25-kg-de-piedras-de-regalo\/","title":{"rendered":"Cat Pro Indoor x 7,5 kg + Bols\u00f3n x 25 kg de Piedras de Regalo!"},"content":{"rendered":"<h5>Cat Pro Indoor x 7,5 kg + Bols\u00f3n x 25 kg de Piedras de Regalo!<\/h5>\n<p>Alimento balanceado completo seco extrusado que cubre los requerimientos alimenticios de los gatos adultos castrados y\/o que viven en interiores.<\/p>\n<p>Beneficios:<\/p>\n<p>PH CONTROL \u2013 ANTIOXIDANTES NATURALES \u2013 LIBRE DE COLORANTES ARTIFICIALES<strong>-EFECTO SACIEDAD<\/strong>\u00a0Combinaci\u00f3n de fibras naturales que aumentan el tiempo medio de permanencia en el est\u00f3mago prolongando la sensaci\u00f3n de saciedad.<br \/>\n<strong>-WEIGHT CONTROL<\/strong>\u00a0Alta concentraci\u00f3n de fibras y baja concentraci\u00f3n de grasas que disminuyen las calor\u00edas evitando el aumento de peso.<br \/>\n<strong>-AYUDA A REDUCIR LA FORMACI\u00d3N DE BOLAS DE PELO<\/strong>\u00a0Con fibras naturales que contribuyen a evitar la formaci\u00f3n de bolas de pelo, garantizando una digesti\u00f3n sana y un tr\u00e1nsito suave por el tracto gastrointestinal.<br \/>\n<strong>-PREBI\u00d3TICOS NATURALES<\/strong>\u00a0La inulina promueve el crecimiento de lactobacilos que mejoran el proceso digestivo y ayuda a reducir el olor de la orina.<br \/>\n<strong>-PH CONTROL URINARY<\/strong>\u00a0La combinaci\u00f3n adecuada de ingredientes con cantidades reducidas de calcio y magnesio, con aumento de azufre y con una acidez moderada, en conjunto ayudan a reducir la probabilidad de ocurrencia de c\u00e1lculos urinarios.<br \/>\n<strong>-PROTECCI\u00d3N DE LA FUNCI\u00d3N RENAL<\/strong>\u00a0Balance \u00f3ptimo de arginina, betacaroteno y minerales org\u00e1nicos que permiten mantener una funci\u00f3n renal plena.<br \/>\n<strong>-SISTEMA INMUNE<\/strong>\u00a0La mezcla \u00f3ptima de antioxidantes, minerales y altos niveles de prote\u00edna de calidad que ayudan al sistema inmunol\u00f3gico a proteger mejor contra las amenazas externas.<br \/>\n<strong>-PIEL Y PELO SANOS<\/strong> La vitamina A, zinc y \u00e1cidos grasos omega 3 y 6 promueven la elasticidad de la piel y un pelo brillante y grueso, siendo la primera l\u00ednea de defensa contra las injurias del medio ambiente.<\/p>\n<p>Ingredientes:<\/p>\n<p>Harina de v\u00edsceras de pollo, arroz, gluten de ma\u00edz, ma\u00edz, aceite de pollo y\/o sebo vacuno, gluten de trigo, fibra de miscanthus, harina de salm\u00f3n, harina de pescado, hidrolizado de menudencias porcinas y\/o bovinas y\/o aviares, huevo en polvo, aceite de pescado, inulina, \u00e1cido fosf\u00f3rico, cloruro de potasio, levadura deshidratada, sal, arginina, lisina, metionina, cloruro de colina, taurina, betacaroteno, extracto de romero y t\u00e9 verde (antioxidantes naturales), \u00e1cido asc\u00f3rbico (fuente de vitamina C), vitamina E, sulfato ferroso, sulfato de zinc, proteinato de zinc, vitamina B3, vitamina B5, sulfato de cobre, proteinato de cobre, vitamina B1, sulfato de manganeso, proteinato de manganeso, vitamina B2, vitamina B6, vitamina A, iodato de calcio, vitamina B9, selenito de sodio, selenio levadura, vitamina B7, vitamina B12, vitamina K3, vitamina D3.<\/p>\n<p>Composici\u00f3n:<\/p>\n<p>Prote\u00edna bruta (min) 36% Extracto et\u00e9reo (1) (min) 9% Fibra cruda (m\u00e1x) 6% Minerales totales 7% Humedad (m\u00e1x) 10% Calcio (m\u00edn.- m\u00e1x.) 0,7% &#8211; 1,2% F\u00f3sforo (m\u00edn.- m\u00e1x.) 0,6% &#8211; 1% (1) Porcentaje de grasa m\u00e1s bajo que el producto CATPRO GATOS ADULTOS que posee un Extracto et\u00e9reo (m\u00edn.) de 15%. VALOR ENERG\u00c9TICO: 3495 kcal\/kg de MS<\/p>\n","protected":false},"excerpt":{"rendered":"<h5>Cat Pro Indoor x 7,5 kg + Bols\u00f3n x 25 kg de Piedras de Regalo!<\/h5>\n<p>Alimento balanceado completo seco extrusado que cubre los requerimientos alimenticios de los gatos adultos castrados y\/o que viven en interiores.<\/p>\n<p>Beneficios:<\/p>\n<p>PH CONTROL \u2013 ANTIOXIDANTES NATURALES \u2013 LIBRE DE COLORANTES ARTIFICIALES<strong>-EFECTO SACIEDAD<\/strong>\u00a0Combinaci\u00f3n de fibras naturales que aumentan el tiempo medio de permanencia en el est\u00f3mago prolongando la sensaci\u00f3n de saciedad.<br \/>\n<strong>-WEIGHT CONTROL<\/strong>\u00a0Alta concentraci\u00f3n de fibras y baja concentraci\u00f3n de grasas que disminuyen las calor\u00edas evitando el aumento de peso.<br \/>\n<strong>-AYUDA A REDUCIR LA FORMACI\u00d3N DE BOLAS DE PELO<\/strong>\u00a0Con fibras naturales que contribuyen a evitar la formaci\u00f3n de bolas de pelo, garantizando una digesti\u00f3n sana y un tr\u00e1nsito suave por el tracto gastrointestinal.<br \/>\n<strong>-PREBI\u00d3TICOS NATURALES<\/strong>\u00a0La inulina promueve el crecimiento de lactobacilos que mejoran el proceso digestivo y ayuda a reducir el olor de la orina.<br \/>\n<strong>-PH CONTROL URINARY<\/strong>\u00a0La combinaci\u00f3n adecuada de ingredientes con cantidades reducidas de calcio y magnesio, con aumento de azufre y con una acidez moderada, en conjunto ayudan a reducir la probabilidad de ocurrencia de c\u00e1lculos urinarios.<br \/>\n<strong>-PROTECCI\u00d3N DE LA FUNCI\u00d3N RENAL<\/strong>\u00a0Balance \u00f3ptimo de arginina, betacaroteno y minerales org\u00e1nicos que permiten mantener una funci\u00f3n renal plena.<br \/>\n<strong>-SISTEMA INMUNE<\/strong>\u00a0La mezcla \u00f3ptima de antioxidantes, minerales y altos niveles de prote\u00edna de calidad que ayudan al sistema inmunol\u00f3gico a proteger mejor contra las amenazas externas.<br \/>\n<strong>-PIEL Y PELO SANOS<\/strong> La vitamina A, zinc y \u00e1cidos grasos omega 3 y 6 promueven la elasticidad de la piel y un pelo brillante y grueso, siendo la primera l\u00ednea de defensa contra las injurias del medio ambiente.<\/p>\n","protected":false},"featured_media":2835,"template":"","meta":{"_gspb_post_css":"","_joinchat":[]},"product_brand":[133],"product_cat":[144,146,61],"product_tag":[55,32,36,64],"class_list":{"0":"post-2834","1":"product","2":"type-product","3":"status-publish","4":"has-post-thumbnail","6":"product_brand-catpro","7":"product_cat-gatosadultos","8":"product_cat-lightcastrados","9":"product_cat-promociones","10":"product_tag-7-5kg","11":"product_tag-adultos","12":"product_tag-light","13":"product_tag-premium","15":"first","16":"instock","17":"sale","18":"shipping-taxable","19":"purchasable","20":"product-type-simple"},"jetpack_sharing_enabled":true,"_links":{"self":[{"href":"https:\/\/mascoweb.com.ar\/tienda\/wp-json\/wp\/v2\/product\/2834","targetHints":{"allow":["GET"]}}],"collection":[{"href":"https:\/\/mascoweb.com.ar\/tienda\/wp-json\/wp\/v2\/product"}],"about":[{"href":"https:\/\/mascoweb.com.ar\/tienda\/wp-json\/wp\/v2\/types\/product"}],"wp:featuredmedia":[{"embeddable":true,"href":"https:\/\/mascoweb.com.ar\/tienda\/wp-json\/wp\/v2\/media\/2835"}],"wp:attachment":[{"href":"https:\/\/mascoweb.com.ar\/tienda\/wp-json\/wp\/v2\/media?parent=2834"}],"wp:term":[{"taxonomy":"product_brand","embeddable":true,"href":"https:\/\/mascoweb.com.ar\/tienda\/wp-json\/wp\/v2\/product_brand?post=2834"},{"taxonomy":"product_cat","embeddable":true,"href":"https:\/\/mascoweb.com.ar\/tienda\/wp-json\/wp\/v2\/product_cat?post=2834"},{"taxonomy":"product_tag","embeddable":true,"href":"https:\/\/mascoweb.com.ar\/tienda\/wp-json\/wp\/v2\/product_tag?post=2834"}],"curies":[{"name":"wp","href":"https:\/\/api.w.org\/{rel}","templated":true}]}}