{"id":2865,"date":"2025-08-25T13:39:50","date_gmt":"2025-08-25T16:39:50","guid":{"rendered":"https:\/\/mascoweb.com.ar\/tienda\/?post_type=product&#038;p=2865"},"modified":"2026-05-15T02:02:15","modified_gmt":"2026-05-15T05:02:15","slug":"starker-alimento-super-premium-x-15-kg","status":"publish","type":"product","link":"https:\/\/mascoweb.com.ar\/tienda\/producto\/starker-alimento-super-premium-x-15-kg\/","title":{"rendered":"Starker Alimento S\u00faper Premium x 15 kg"},"content":{"rendered":"<h5>Starker Alimento S\u00faper Premium 26% prote\u00ednas x 15 kg<\/h5>\n<p>Alimento balanceado s\u00faper premium de alto valor biol\u00f3gico y alta digestibilidad que asegura un \u00f3ptimo bienestar nutricional.<\/p>\n<p>Sin soja, sin trigo, bajo en sodio y libre de TACC.<\/p>\n<p>\u00d3ptima digesti\u00f3n (contiene extracto de anan\u00e1 y papaya)<br \/>\nMejor comportamiento (contiene tript\u00f3fano)<\/p>\n<p>Piel y pelo saludables (contiene omega 3 y 6)<\/p>\n<p>Cart\u00edlagos y articulaciones protegidas (contiene condroitin y glucosamina)<\/p>\n<p>Aporte de antioxidantes naturales (con polifenoles de t\u00e9 verde)<\/p>\n<p>Reducci\u00f3n de olor en las heces (con extracto de yucca)<\/p>\n<h6>Composici\u00f3n centesimal:<\/h6>\n<p>Prote\u00edna bruta: 26% (m\u00edn)<\/p>\n<p>Extracto et\u00e9reo: 14%<br \/>\nFibra cruda: 4%<br \/>\nMinerales totales: 9%<br \/>\nHumedad: 10%<\/p>\n<p>Calcio (m\u00e1x.-min.) 16 &#8211; 0.6%<\/p>\n<p>F\u00f3sforo (m\u00e1x.-min.) 1.3 &#8211; 0.5%<br \/>\nEnerg\u00eda metabolizante: 4000 Kcal \/ Kg M.S.<\/p>\n","protected":false},"excerpt":{"rendered":"<h5>Starker Alimento S\u00faper Premium 26% prote\u00ednas x 15 kg<\/h5>\n<p>Alimento balanceado s\u00faper premium de alto valor biol\u00f3gico y alta digestibilidad que asegura un \u00f3ptimo bienestar nutricional.<\/p>\n<p>Sin soja, sin trigo, bajo en sodio y libre de TACC.<\/p>\n<p>\u00d3ptima digesti\u00f3n (contiene extracto de anan\u00e1 y papaya)<br \/>\nMejor comportamiento (contiene tript\u00f3fano)<\/p>\n<p>Piel y pelo saludables (contiene omega 3 y 6)<\/p>\n<p>Cart\u00edlagos y articulaciones protegidas (contiene condroitin y glucosamina)<\/p>\n<p>Aporte de antioxidantes naturales (con polifenoles de t\u00e9 verde)<\/p>\n<p>Reducci\u00f3n de olor en las heces (con extracto de yucca)<\/p>\n","protected":false},"featured_media":2866,"template":"","meta":{"_gspb_post_css":"","_joinchat":[]},"product_brand":[160],"product_cat":[137,61],"product_tag":[44,32,63],"class_list":{"0":"post-2865","1":"product","2":"type-product","3":"status-publish","4":"has-post-thumbnail","6":"product_brand-starker","7":"product_cat-perrosadultos","8":"product_cat-promociones","9":"product_tag-15kg","10":"product_tag-adultos","11":"product_tag-superpremium","13":"first","14":"instock","15":"sale","16":"shipping-taxable","17":"purchasable","18":"product-type-simple"},"jetpack_sharing_enabled":true,"_links":{"self":[{"href":"https:\/\/mascoweb.com.ar\/tienda\/wp-json\/wp\/v2\/product\/2865","targetHints":{"allow":["GET"]}}],"collection":[{"href":"https:\/\/mascoweb.com.ar\/tienda\/wp-json\/wp\/v2\/product"}],"about":[{"href":"https:\/\/mascoweb.com.ar\/tienda\/wp-json\/wp\/v2\/types\/product"}],"wp:featuredmedia":[{"embeddable":true,"href":"https:\/\/mascoweb.com.ar\/tienda\/wp-json\/wp\/v2\/media\/2866"}],"wp:attachment":[{"href":"https:\/\/mascoweb.com.ar\/tienda\/wp-json\/wp\/v2\/media?parent=2865"}],"wp:term":[{"taxonomy":"product_brand","embeddable":true,"href":"https:\/\/mascoweb.com.ar\/tienda\/wp-json\/wp\/v2\/product_brand?post=2865"},{"taxonomy":"product_cat","embeddable":true,"href":"https:\/\/mascoweb.com.ar\/tienda\/wp-json\/wp\/v2\/product_cat?post=2865"},{"taxonomy":"product_tag","embeddable":true,"href":"https:\/\/mascoweb.com.ar\/tienda\/wp-json\/wp\/v2\/product_tag?post=2865"}],"curies":[{"name":"wp","href":"https:\/\/api.w.org\/{rel}","templated":true}]}}