{"id":2913,"date":"2025-09-08T19:01:21","date_gmt":"2025-09-08T22:01:21","guid":{"rendered":"https:\/\/mascoweb.com.ar\/tienda\/?post_type=product&#038;p=2913"},"modified":"2025-09-08T19:01:21","modified_gmt":"2025-09-08T22:01:21","slug":"bentonita-aglutinante-meow-pets-limon-x-4-kg","status":"publish","type":"product","link":"https:\/\/mascoweb.com.ar\/tienda\/producto\/bentonita-aglutinante-meow-pets-limon-x-4-kg\/","title":{"rendered":"Bentonita Aglutinante Meow Pets Lim\u00f3n x 4 kg"},"content":{"rendered":"<h5>Bentonita Aglutinante Meow Pets aroma Lim\u00f3n x 4 kg (5 litros)<\/h5>\n<p class=\"ui-pdp-description__content\" data-testid=\"content\">Ofrec\u00e9 a tu gato la mejor higiene con la bentonita aglutinante Meow Pets, elaborada con bentonita 100% natural. Dise\u00f1ada para brindar m\u00e1xima absorci\u00f3n y control de olores, garantiza un ambiente fresco y limpio por m\u00e1s tiempo. Fragancia: lim\u00f3n.<\/p>\n<p>Caracter\u00edsticas:<br \/>\n&#8211; 100% Natural: Ecol\u00f3gica y segura para tu mascota.<br \/>\n&#8211; No t\u00f3xica: Sin qu\u00edmicos ni aditivos da\u00f1inos.<br \/>\n&#8211; Aroma a Lim\u00f3n: Ayuda a mantener un ambiente agradable.<br \/>\n&#8211; Excelente control de olores: Neutraliza los malos olores de manera efectiva.<br \/>\n&#8211; Extrema duraci\u00f3n: Mayor rendimiento y durabilidad.<br \/>\n&#8211; M\u00e1ximo nivel de absorci\u00f3n: Forma aglomerados compactos que facilitan la limpieza.<br \/>\n&#8211; F\u00e1cil de limpiar: Retir\u00e1 solo las partes usadas y manten\u00e9 la bandeja siempre impecable.<\/p>\n<p>Presentaci\u00f3n: Bolsa de 8 kg.<\/p>\n<p>Modo de uso:<br \/>\n&#8211; Llen\u00e1 la bandeja con al menos 6 cm de profundidad de bentonita aglutinante.<br \/>\n&#8211; Retir\u00e1 los grumos diariamente y repon\u00e9 la cantidad necesaria.<br \/>\n&#8211; Renov\u00e1 toda la arena una vez al mes o seg\u00fan sea necesario.<\/p>\n","protected":false},"excerpt":{"rendered":"<h5>Bentonita Aglutinante Meow Pets aroma Lim\u00f3n x 4 kg (5 litros)<\/h5>\n<p class=\"ui-pdp-description__content\" data-testid=\"content\">Ofrec\u00e9 a tu gato la mejor higiene con la bentonita aglutinante Meow Pets, elaborada con bentonita 100% natural. Dise\u00f1ada para brindar m\u00e1xima absorci\u00f3n y control de olores, garantiza un ambiente fresco y limpio por m\u00e1s tiempo. Fragancia: lim\u00f3n.<\/p>\n","protected":false},"featured_media":2915,"template":"","meta":{"_gspb_post_css":"","_joinchat":[]},"product_brand":[],"product_cat":[80],"product_tag":[],"class_list":{"0":"post-2913","1":"product","2":"type-product","3":"status-publish","4":"has-post-thumbnail","6":"product_cat-piedrasypellets","8":"first","9":"instock","10":"shipping-taxable","11":"purchasable","12":"product-type-simple"},"jetpack_sharing_enabled":true,"_links":{"self":[{"href":"https:\/\/mascoweb.com.ar\/tienda\/wp-json\/wp\/v2\/product\/2913","targetHints":{"allow":["GET"]}}],"collection":[{"href":"https:\/\/mascoweb.com.ar\/tienda\/wp-json\/wp\/v2\/product"}],"about":[{"href":"https:\/\/mascoweb.com.ar\/tienda\/wp-json\/wp\/v2\/types\/product"}],"wp:featuredmedia":[{"embeddable":true,"href":"https:\/\/mascoweb.com.ar\/tienda\/wp-json\/wp\/v2\/media\/2915"}],"wp:attachment":[{"href":"https:\/\/mascoweb.com.ar\/tienda\/wp-json\/wp\/v2\/media?parent=2913"}],"wp:term":[{"taxonomy":"product_brand","embeddable":true,"href":"https:\/\/mascoweb.com.ar\/tienda\/wp-json\/wp\/v2\/product_brand?post=2913"},{"taxonomy":"product_cat","embeddable":true,"href":"https:\/\/mascoweb.com.ar\/tienda\/wp-json\/wp\/v2\/product_cat?post=2913"},{"taxonomy":"product_tag","embeddable":true,"href":"https:\/\/mascoweb.com.ar\/tienda\/wp-json\/wp\/v2\/product_tag?post=2913"}],"curies":[{"name":"wp","href":"https:\/\/api.w.org\/{rel}","templated":true}]}}