{"id":2965,"date":"2025-10-29T11:31:39","date_gmt":"2025-10-29T14:31:39","guid":{"rendered":"https:\/\/mascoweb.com.ar\/tienda\/?post_type=product&#038;p=2965"},"modified":"2025-10-29T11:31:40","modified_gmt":"2025-10-29T14:31:40","slug":"tofu-sanitario-aglomerante-cafe-x-6-litros-25-kg","status":"publish","type":"product","link":"https:\/\/mascoweb.com.ar\/tienda\/producto\/tofu-sanitario-aglomerante-cafe-x-6-litros-25-kg\/","title":{"rendered":"Tofu Sanitario Aglomerante Caf\u00e9 x 6 litros (2,5 kg)"},"content":{"rendered":"<h5>Tofu Sanitario Aglomerante Caf\u00e9 x 6 litros (2,5 kg)<\/h5>\n<p>El Tofu Sanitario aromatizado es una opci\u00f3n innovadora en aglomerantes sanitarios para los desechos de tu gato. Fabricada a base de plantas, ofrece una soluci\u00f3n natural y biodegradable para mantener la litera limpia y libre de olores de manera efectiva.<\/p>\n<p>S\u00faper absorbente, mayor durabilidad.<\/p>\n<p>Aglomerante, f\u00e1cil de limpiar, terrones de mayor dureza.<\/p>\n<p>100% natural, no t\u00f3xico, seguro para tu gato y amigable con el medio ambiente.<\/p>\n<p>100% Ecol\u00f3gico y biodegradable. Puede ser desechado en el inodoro.<\/p>\n<p>Libre de polvo, protege el sistema respiratorio de tu mascota y mantiene tu hogar limpio.<\/p>\n<p>Suave para las patas: La textura del tofu es suave y c\u00f3moda para tu gato, evitando irritaciones en sus patas.<\/p>\n<p>Presentaci\u00f3n: Envasado al vac\u00edo en forma de bloque, ideal para su almacenamiento. Su capacidad de 6 litros es \u00f3ptima para un uso prolongado.<\/p>\n<p>&nbsp;<\/p>\n","protected":false},"excerpt":{"rendered":"<h5>Tofu Sanitario Aglomerante Caf\u00e9 x 6 litros (2,5 kg)<\/h5>\n<p>El Tofu Sanitario aromatizado es una opci\u00f3n innovadora en aglomerantes sanitarios para los desechos de tu gato. Fabricada a base de plantas, ofrece una soluci\u00f3n natural y biodegradable para mantener la litera limpia y libre de olores de manera efectiva.<\/p>\n<p>S\u00faper absorbente, mayor durabilidad.<\/p>\n<p>Aglomerante, f\u00e1cil de limpiar, terrones de mayor dureza.<\/p>\n<p>100% natural, no t\u00f3xico, seguro para tu gato y amigable con el medio ambiente.<\/p>\n<p>100% Ecol\u00f3gico y biodegradable. Puede ser desechado en el inodoro.<\/p>\n<p>Libre de polvo, protege el sistema respiratorio de tu mascota y mantiene tu hogar limpio.<\/p>\n<p>Suave para las patas: La textura del tofu es suave y c\u00f3moda para tu gato, evitando irritaciones en sus patas.<\/p>\n<p>Presentaci\u00f3n: Envasado al vac\u00edo en forma de bloque, ideal para su almacenamiento. Su capacidad de 6 litros es \u00f3ptima para un uso prolongado.<\/p>\n","protected":false},"featured_media":2967,"template":"","meta":{"_gspb_post_css":"","_joinchat":[]},"product_brand":[],"product_cat":[80,79],"product_tag":[],"class_list":{"0":"post-2965","1":"product","2":"type-product","3":"status-publish","4":"has-post-thumbnail","6":"product_cat-piedrasypellets","7":"product_cat-sanitariosehigiene","9":"first","10":"instock","11":"shipping-taxable","12":"purchasable","13":"product-type-simple"},"jetpack_sharing_enabled":true,"_links":{"self":[{"href":"https:\/\/mascoweb.com.ar\/tienda\/wp-json\/wp\/v2\/product\/2965","targetHints":{"allow":["GET"]}}],"collection":[{"href":"https:\/\/mascoweb.com.ar\/tienda\/wp-json\/wp\/v2\/product"}],"about":[{"href":"https:\/\/mascoweb.com.ar\/tienda\/wp-json\/wp\/v2\/types\/product"}],"wp:featuredmedia":[{"embeddable":true,"href":"https:\/\/mascoweb.com.ar\/tienda\/wp-json\/wp\/v2\/media\/2967"}],"wp:attachment":[{"href":"https:\/\/mascoweb.com.ar\/tienda\/wp-json\/wp\/v2\/media?parent=2965"}],"wp:term":[{"taxonomy":"product_brand","embeddable":true,"href":"https:\/\/mascoweb.com.ar\/tienda\/wp-json\/wp\/v2\/product_brand?post=2965"},{"taxonomy":"product_cat","embeddable":true,"href":"https:\/\/mascoweb.com.ar\/tienda\/wp-json\/wp\/v2\/product_cat?post=2965"},{"taxonomy":"product_tag","embeddable":true,"href":"https:\/\/mascoweb.com.ar\/tienda\/wp-json\/wp\/v2\/product_tag?post=2965"}],"curies":[{"name":"wp","href":"https:\/\/api.w.org\/{rel}","templated":true}]}}