{"id":3226,"date":"2026-02-24T10:15:32","date_gmt":"2026-02-24T13:15:32","guid":{"rendered":"https:\/\/mascoweb.com.ar\/tienda\/?post_type=product&#038;p=3226"},"modified":"2026-02-24T10:15:33","modified_gmt":"2026-02-24T13:15:33","slug":"silica-crystal-bastet-pet-lavanda-x-3-8-litros-16-kg","status":"publish","type":"product","link":"https:\/\/mascoweb.com.ar\/tienda\/producto\/silica-crystal-bastet-pet-lavanda-x-3-8-litros-16-kg\/","title":{"rendered":"S\u00edlica Crystal Bastet Pet LAVANDA x 3.8 litros (1,6 kg)"},"content":{"rendered":"<h5 data-hveid=\"CAEIAhAA\" data-complete=\"true\" data-processed=\"true\">S\u00edlica Crystal Bastet Pet LAVANDA x 3.8 litros (1,6 kg)<\/h5>\n<div data-sfc-cp=\"\" data-hveid=\"CAEIAhAA\" data-complete=\"true\" data-processed=\"true\"><\/div>\n<div class=\"Y3BBE\" data-sfc-cp=\"\" data-hveid=\"CAEIAhAA\" data-complete=\"true\" data-processed=\"true\">Las\u00a0<strong class=\"Yjhzub\" data-complete=\"true\" data-processed=\"true\">piedras de s\u00edlica cristal Bastet Pet LAVANDA<\/strong>\u00a0 son una de las opciones m\u00e1s avanzadas y eficientes para la higiene felina. A diferencia de las arenas tradicionales, est\u00e1n compuestas por cristales de silicato de sodio con millones de poros microsc\u00f3picos que ofrecen una capacidad de absorci\u00f3n superior.<\/div>\n<div class=\"Fsg96\" data-sfc-cp=\"\" data-complete=\"true\" data-processed=\"true\"><\/div>\n<div class=\"otQkpb\" role=\"heading\" aria-level=\"3\" data-animation-nesting=\"\" data-sfc-cp=\"\" data-complete=\"true\" data-processed=\"true\" data-sae=\"\">Beneficios:<\/div>\n<ul class=\"KsbFXc U6u95\" data-processed=\"true\" data-complete=\"true\">\n<li class=\"dF3vjf\" data-hveid=\"CAEIBBAA\" data-complete=\"true\" data-sae=\"\"><span class=\"T286Pc\" data-sfc-cp=\"\" data-complete=\"true\"><strong class=\"Yjhzub\" data-complete=\"true\">Control total de olores:<\/strong>\u00a0Absorben la orina al instante y deshidratan las heces, neutralizando el mal olor de forma mucho m\u00e1s eficaz que las arenas de arcilla.<\/span><\/li>\n<li class=\"dF3vjf\" data-hveid=\"CAEIBBAB\" data-sae=\"\" data-complete=\"true\"><span class=\"T286Pc\" data-sfc-cp=\"\" data-complete=\"true\"><strong class=\"Yjhzub\" data-complete=\"true\">M\u00e1xima duraci\u00f3n:<\/strong>\u00a0Una sola bolsa de 3.8 litros puede durar hasta\u00a0<strong class=\"Yjhzub\" data-complete=\"true\">30 d\u00edas<\/strong>\u00a0para un gato, lo que las hace una opci\u00f3n econ\u00f3mica y de bajo mantenimiento.<\/span><\/li>\n<li class=\"dF3vjf\" data-hveid=\"CAEIBBAC\" data-complete=\"true\" data-processed=\"true\" data-sae=\"\"><span class=\"T286Pc\" data-sfc-cp=\"\" data-complete=\"true\"><strong class=\"Yjhzub\" data-complete=\"true\">Hogar libre de polvo:<\/strong>\u00a0Son ideales para due\u00f1os o gatos con alergias o problemas respiratorios, ya que su f\u00f3rmula no desprende part\u00edculas de polvo al ser manipulada.<\/span><\/li>\n<li class=\"dF3vjf\" data-hveid=\"CAEIBBAD\" data-complete=\"true\" data-processed=\"true\" data-sae=\"\"><span class=\"T286Pc\" data-sfc-cp=\"\" data-complete=\"true\"><strong class=\"Yjhzub\" data-complete=\"true\">Higiene y limpieza:<\/strong>\u00a0Los cristales no se pegan a las patas del gato, evitando que se esparzan restos de arena por toda la casa. Adem\u00e1s, poseen propiedades antibacterianas que mantienen el arenero m\u00e1s seguro.<\/span><\/li>\n<\/ul>\n<div class=\"Fsg96\" data-sfc-cp=\"\" data-complete=\"true\" data-processed=\"true\"><\/div>\n<div data-subtree=\"aimba\" data-complete=\"true\" data-processed=\"true\">\n<div class=\"Jd31eb\" data-complete=\"true\" data-processed=\"true\"><\/div>\n<\/div>\n<div class=\"Fsg96\" data-sfc-cp=\"\" data-complete=\"true\" data-processed=\"true\"><\/div>\n<div class=\"otQkpb\" role=\"heading\" aria-level=\"3\" data-animation-nesting=\"\" data-sfc-cp=\"\" data-complete=\"true\" data-processed=\"true\" data-sae=\"\">\u00bfC\u00f3mo utilizarlas correctamente?<\/div>\n<div class=\"Y3BBE\" data-sfc-cp=\"\" data-hveid=\"CAEIBRAA\" data-complete=\"true\" data-processed=\"true\">Para maximizar su rendimiento, se recomienda seguir estos pasos:<\/div>\n<ol class=\"IaGLZe VimKh\" data-processed=\"true\" data-complete=\"true\">\n<li class=\"dF3vjf\" data-hveid=\"CAEIBhAA\" data-complete=\"true\" data-sae=\"\"><span class=\"T286Pc\" data-sfc-cp=\"\" data-complete=\"true\">Llenar la bandeja sanitaria con una capa de unos 3 a 5 cm de cristales.<\/span><\/li>\n<li class=\"dF3vjf\" data-hveid=\"CAEIBhAB\" data-complete=\"true\" data-sae=\"\"><span class=\"T286Pc\" data-sfc-cp=\"\" data-complete=\"true\"><strong class=\"Yjhzub\" data-complete=\"true\">Retirar diariamente<\/strong> solo los desechos s\u00f3lidos.<\/span><\/li>\n<li class=\"dF3vjf\" data-hveid=\"CAEIBhAC\" data-sae=\"\" data-complete=\"true\"><span class=\"T286Pc\" data-sfc-cp=\"\" data-complete=\"true\"><strong class=\"Yjhzub\" data-complete=\"true\">Remover los cristales<\/strong>\u00a0con la pala una vez al d\u00eda para distribuir la humedad y evitar que se saturen solo en un \u00e1rea.<\/span><\/li>\n<li class=\"dF3vjf\" data-hveid=\"CAEIBhAD\" data-complete=\"true\" data-processed=\"true\" data-sae=\"\"><span class=\"T286Pc\" data-sfc-cp=\"\" data-complete=\"true\">Cuando los cristales cambien por completo de color (generalmente a un tono amarillento), es momento de renovar todo el contenido.<\/span><\/li>\n<\/ol>\n<div data-subtree=\"aimba\" data-complete=\"true\" data-processed=\"true\"><\/div>\n<div class=\"otQkpb\" role=\"heading\" aria-level=\"3\" data-animation-nesting=\"\" data-sfc-cp=\"\" data-complete=\"true\" data-processed=\"true\" data-sae=\"\"><\/div>\n","protected":false},"excerpt":{"rendered":"<div class=\"Y3BBE\" data-sfc-cp=\"\" data-hveid=\"CAEIAhAA\" data-complete=\"true\" data-processed=\"true\">Las\u00a0<strong class=\"Yjhzub\" data-complete=\"true\" data-processed=\"true\">piedras de s\u00edlica cristal Bastet Pet LAVANDA<\/strong>\u00a0 son una de las opciones m\u00e1s avanzadas y eficientes para la higiene felina. A diferencia de las arenas tradicionales, est\u00e1n compuestas por cristales de silicato de sodio con millones de poros microsc\u00f3picos que ofrecen una capacidad de absorci\u00f3n superior, controlando los olores y manteniendo tu hogar limpio y libre de polvo por m\u00e1s tiempo.<\/div>\n<div class=\"Fsg96\" data-sfc-cp=\"\" data-complete=\"true\" data-processed=\"true\"><\/div>\n","protected":false},"featured_media":3229,"template":"","meta":{"_gspb_post_css":"","_joinchat":[]},"product_brand":[],"product_cat":[80,79],"product_tag":[],"class_list":{"0":"post-3226","1":"product","2":"type-product","3":"status-publish","4":"has-post-thumbnail","6":"product_cat-piedrasypellets","7":"product_cat-sanitariosehigiene","9":"first","10":"instock","11":"shipping-taxable","12":"purchasable","13":"product-type-simple"},"jetpack_sharing_enabled":true,"_links":{"self":[{"href":"https:\/\/mascoweb.com.ar\/tienda\/wp-json\/wp\/v2\/product\/3226","targetHints":{"allow":["GET"]}}],"collection":[{"href":"https:\/\/mascoweb.com.ar\/tienda\/wp-json\/wp\/v2\/product"}],"about":[{"href":"https:\/\/mascoweb.com.ar\/tienda\/wp-json\/wp\/v2\/types\/product"}],"wp:featuredmedia":[{"embeddable":true,"href":"https:\/\/mascoweb.com.ar\/tienda\/wp-json\/wp\/v2\/media\/3229"}],"wp:attachment":[{"href":"https:\/\/mascoweb.com.ar\/tienda\/wp-json\/wp\/v2\/media?parent=3226"}],"wp:term":[{"taxonomy":"product_brand","embeddable":true,"href":"https:\/\/mascoweb.com.ar\/tienda\/wp-json\/wp\/v2\/product_brand?post=3226"},{"taxonomy":"product_cat","embeddable":true,"href":"https:\/\/mascoweb.com.ar\/tienda\/wp-json\/wp\/v2\/product_cat?post=3226"},{"taxonomy":"product_tag","embeddable":true,"href":"https:\/\/mascoweb.com.ar\/tienda\/wp-json\/wp\/v2\/product_tag?post=3226"}],"curies":[{"name":"wp","href":"https:\/\/api.w.org\/{rel}","templated":true}]}}