{"id":986,"date":"2025-02-18T12:05:14","date_gmt":"2025-02-18T15:05:14","guid":{"rendered":"https:\/\/mascoweb.com.ar\/tienda\/?post_type=product&#038;p=986"},"modified":"2026-05-11T09:03:24","modified_gmt":"2026-05-11T12:03:24","slug":"protemix-adultos-mordida-pequena-x-15-kg","status":"publish","type":"product","link":"https:\/\/mascoweb.com.ar\/tienda\/producto\/protemix-adultos-mordida-pequena-x-15-kg\/","title":{"rendered":"Protemix Adultos Mordida Peque\u00f1a x 15 kg"},"content":{"rendered":"<p>Protemix Premium Adultos Mordida Peque\u00f1a est\u00e1 elaborado con ingredientes sanos y naturales. Aporta todos los nutrientes que requiere una dieta completa y equilibrada. Alimento de alto valor nutricional. Su formula garantiza un aporte de prote\u00ednas del 28%, adem\u00e1s de cantidades \u00f3ptimas de fibra, vitaminas y minerales.<\/p>\n","protected":false},"excerpt":{"rendered":"<p>Protemix Premium Adultos Mordida Peque\u00f1a est\u00e1 elaborado con ingredientes sanos y naturales. Aporta todos los nutrientes que requiere una dieta completa y equilibrada. Alimento de alto valor nutricional. Su formula garantiza un aporte de prote\u00ednas del 28%, adem\u00e1s de cantidades \u00f3ptimas de fibra, vitaminas y minerales.<\/p>\n","protected":false},"featured_media":987,"template":"","meta":{"_gspb_post_css":"","_joinchat":[]},"product_brand":[68],"product_cat":[137,29,140],"product_tag":[44,32,34,64],"class_list":{"0":"post-986","1":"product","2":"type-product","3":"status-publish","4":"has-post-thumbnail","6":"product_brand-protemix","7":"product_cat-perrosadultos","8":"product_cat-alimentoparaperros","9":"product_cat-mordidapequenia","10":"product_tag-15kg","11":"product_tag-adultos","12":"product_tag-mordida-pequena","13":"product_tag-premium","15":"first","16":"instock","17":"purchasable","18":"product-type-simple"},"jetpack_sharing_enabled":true,"_links":{"self":[{"href":"https:\/\/mascoweb.com.ar\/tienda\/wp-json\/wp\/v2\/product\/986","targetHints":{"allow":["GET"]}}],"collection":[{"href":"https:\/\/mascoweb.com.ar\/tienda\/wp-json\/wp\/v2\/product"}],"about":[{"href":"https:\/\/mascoweb.com.ar\/tienda\/wp-json\/wp\/v2\/types\/product"}],"wp:featuredmedia":[{"embeddable":true,"href":"https:\/\/mascoweb.com.ar\/tienda\/wp-json\/wp\/v2\/media\/987"}],"wp:attachment":[{"href":"https:\/\/mascoweb.com.ar\/tienda\/wp-json\/wp\/v2\/media?parent=986"}],"wp:term":[{"taxonomy":"product_brand","embeddable":true,"href":"https:\/\/mascoweb.com.ar\/tienda\/wp-json\/wp\/v2\/product_brand?post=986"},{"taxonomy":"product_cat","embeddable":true,"href":"https:\/\/mascoweb.com.ar\/tienda\/wp-json\/wp\/v2\/product_cat?post=986"},{"taxonomy":"product_tag","embeddable":true,"href":"https:\/\/mascoweb.com.ar\/tienda\/wp-json\/wp\/v2\/product_tag?post=986"}],"curies":[{"name":"wp","href":"https:\/\/api.w.org\/{rel}","templated":true}]}}