{"id":988,"date":"2025-02-18T12:35:25","date_gmt":"2025-02-18T15:35:25","guid":{"rendered":"https:\/\/mascoweb.com.ar\/tienda\/?post_type=product&#038;p=988"},"modified":"2026-05-11T09:03:13","modified_gmt":"2026-05-11T12:03:13","slug":"protemix-cachorros-x-10-kg","status":"publish","type":"product","link":"https:\/\/mascoweb.com.ar\/tienda\/producto\/protemix-cachorros-x-10-kg\/","title":{"rendered":"Protemix Cachorros x 10 kg"},"content":{"rendered":"<div class=\"vtex-flex-layout-0-x-flexColChild vtex-flex-layout-0-x-flexColChild--product-specification-group pb0\">\n<div class=\"vtex-flex-layout-0-x-flexRow\">\n<div>\n<p><strong>Protemix Cachorro es un alimento premium especialmente formulado para perros cachorros menores a 12 meses de vida de todas las razas y tama\u00f1os.<\/strong>\u00a0Este alimento est\u00e1 hecho con ingredientes cuidadosamente seleccionados para proporcionar una nutrici\u00f3n completa y equilibrada para tu mascota.<\/p>\n<p><strong>Gracias a su \u00f3ptima combinaci\u00f3n de vitaminas, fibras y minerales, es un alimento de alto valor nutricional que maximiza la vitalidad de las mascotas.<\/strong><\/p>\n<p>La f\u00f3rmula de Protemix est\u00e1 dise\u00f1ada para satisfacer las necesidades nutricionales espec\u00edficas de los perros adultos, y contiene prote\u00ednas de alta calidad para mantener la masa muscular y la fuerza, as\u00ed como carbohidratos y grasas saludables para proporcionar la energ\u00eda necesaria para mantener un estilo de vida activo y saludable.<\/p>\n<p><strong>Si est\u00e1s buscando un alimento de calidad para tu mascota, considera probar Protemix.<\/strong><\/p>\n<\/div>\n<div class=\"flex mt0 mb0 pt0 pb0 justify-start vtex-flex-layout-0-x-flexRowContent items-stretch w-100\">\n<div><\/div>\n<div class=\"pr0 items-stretch vtex-flex-layout-0-x-stretchChildrenWidth flex\"><span class=\"vtex-product-specifications-1-x-groupName vtex-product-specifications-1-x-groupName--product-specification-group-name\" data-specification-group=\"COMPOSICI\u00d3N CENTESIMAL\">COMPOSICI\u00d3N CENTESIMAL<\/span><\/div>\n<\/div>\n<\/div>\n<\/div>\n<div class=\"vtex-flex-layout-0-x-flexColChild vtex-flex-layout-0-x-flexColChild--product-specification-group pb0\">\n<div class=\"vtex-flex-layout-0-x-flexRow\">\n<div class=\"flex mt0 mb0 pt0 pb0 justify-start vtex-flex-layout-0-x-flexRowContent items-stretch w-100\">\n<div class=\"pr0 items-stretch vtex-flex-layout-0-x-stretchChildrenWidth flex\">\n<div class=\"vtex-flex-layout-0-x-flexRow vtex-flex-layout-0-x-flexRow--product-specification-item\">\n<div class=\"flex mt0 mb0 pt0 pb0 justify-start vtex-flex-layout-0-x-flexRowContent vtex-flex-layout-0-x-flexRowContent--product-specification-item items-stretch w-100\">\n<div class=\"pr0 items-stretch vtex-flex-layout-0-x-stretchChildrenWidth flex\">\n<div class=\"vtex-flex-layout-0-x-flexCol vtex-flex-layout-0-x-flexCol--product-specification-name ml0 mr0 pl0 pr0 flex flex-column h-100 w-100\">\n<div class=\"vtex-flex-layout-0-x-flexColChild vtex-flex-layout-0-x-flexColChild--product-specification-name pb0\"><span class=\"vtex-product-specifications-1-x-specificationName vtex-product-specifications-1-x-specificationName--product-specification-name\" data-specification-group=\"COMPOSICI\u00d3N CENTESIMAL\" data-specification-name=\"Prote\u00edna bruta (min)\">Prote\u00edna bruta (min)<\/span><\/div>\n<\/div>\n<\/div>\n<div class=\"pr0 items-stretch vtex-flex-layout-0-x-stretchChildrenWidth flex\">\n<div class=\"vtex-flex-layout-0-x-flexCol vtex-flex-layout-0-x-flexCol--product-specification-value ml0 mr0 pl0 pr0 flex flex-column h-100 w-100\">\n<div class=\"vtex-flex-layout-0-x-flexColChild vtex-flex-layout-0-x-flexColChild--product-specification-value pb0\"><span class=\"vtex-product-specifications-1-x-specificationValue vtex-product-specifications-1-x-specificationValue--product-specification-value vtex-product-specifications-1-x-specificationValue--first vtex-product-specifications-1-x-specificationValue--product-specification-value--first vtex-product-specifications-1-x-specificationValue--last vtex-product-specifications-1-x-specificationValue--product-specification-value--last\" data-specification-group=\"COMPOSICI\u00d3N CENTESIMAL\" data-specification-name=\"Prote\u00edna bruta (min)\" data-specification-value=\"28%\">28%<\/span><\/div>\n<\/div>\n<\/div>\n<\/div>\n<\/div>\n<div class=\"vtex-flex-layout-0-x-flexRow vtex-flex-layout-0-x-flexRow--product-specification-item\">\n<div class=\"flex mt0 mb0 pt0 pb0 justify-start vtex-flex-layout-0-x-flexRowContent vtex-flex-layout-0-x-flexRowContent--product-specification-item items-stretch w-100\">\n<div class=\"pr0 items-stretch vtex-flex-layout-0-x-stretchChildrenWidth flex\">\n<div class=\"vtex-flex-layout-0-x-flexCol vtex-flex-layout-0-x-flexCol--product-specification-name ml0 mr0 pl0 pr0 flex flex-column h-100 w-100\">\n<div class=\"vtex-flex-layout-0-x-flexColChild vtex-flex-layout-0-x-flexColChild--product-specification-name pb0\"><span class=\"vtex-product-specifications-1-x-specificationName vtex-product-specifications-1-x-specificationName--product-specification-name\" data-specification-group=\"COMPOSICI\u00d3N CENTESIMAL\" data-specification-name=\"Extracto et\u00e9reo (min)\">Extracto et\u00e9reo (min)<\/span><\/div>\n<\/div>\n<\/div>\n<div class=\"pr0 items-stretch vtex-flex-layout-0-x-stretchChildrenWidth flex\">\n<div class=\"vtex-flex-layout-0-x-flexCol vtex-flex-layout-0-x-flexCol--product-specification-value ml0 mr0 pl0 pr0 flex flex-column h-100 w-100\">\n<div class=\"vtex-flex-layout-0-x-flexColChild vtex-flex-layout-0-x-flexColChild--product-specification-value pb0\"><span class=\"vtex-product-specifications-1-x-specificationValue vtex-product-specifications-1-x-specificationValue--product-specification-value vtex-product-specifications-1-x-specificationValue--first vtex-product-specifications-1-x-specificationValue--product-specification-value--first vtex-product-specifications-1-x-specificationValue--last vtex-product-specifications-1-x-specificationValue--product-specification-value--last\" data-specification-group=\"COMPOSICI\u00d3N CENTESIMAL\" data-specification-name=\"Extracto et\u00e9reo (min)\" data-specification-value=\"14%\">14%<\/span><\/div>\n<\/div>\n<\/div>\n<\/div>\n<\/div>\n<div class=\"vtex-flex-layout-0-x-flexRow vtex-flex-layout-0-x-flexRow--product-specification-item\">\n<div class=\"flex mt0 mb0 pt0 pb0 justify-start vtex-flex-layout-0-x-flexRowContent vtex-flex-layout-0-x-flexRowContent--product-specification-item items-stretch w-100\">\n<div class=\"pr0 items-stretch vtex-flex-layout-0-x-stretchChildrenWidth flex\">\n<div class=\"vtex-flex-layout-0-x-flexCol vtex-flex-layout-0-x-flexCol--product-specification-name ml0 mr0 pl0 pr0 flex flex-column h-100 w-100\">\n<div class=\"vtex-flex-layout-0-x-flexColChild vtex-flex-layout-0-x-flexColChild--product-specification-name pb0\"><span class=\"vtex-product-specifications-1-x-specificationName vtex-product-specifications-1-x-specificationName--product-specification-name\" data-specification-group=\"COMPOSICI\u00d3N CENTESIMAL\" data-specification-name=\"Fibra cruda (max)\">Fibra cruda (max)<\/span><\/div>\n<\/div>\n<\/div>\n<div class=\"pr0 items-stretch vtex-flex-layout-0-x-stretchChildrenWidth flex\">\n<div class=\"vtex-flex-layout-0-x-flexCol vtex-flex-layout-0-x-flexCol--product-specification-value ml0 mr0 pl0 pr0 flex flex-column h-100 w-100\">\n<div class=\"vtex-flex-layout-0-x-flexColChild vtex-flex-layout-0-x-flexColChild--product-specification-value pb0\"><span class=\"vtex-product-specifications-1-x-specificationValue vtex-product-specifications-1-x-specificationValue--product-specification-value vtex-product-specifications-1-x-specificationValue--first vtex-product-specifications-1-x-specificationValue--product-specification-value--first vtex-product-specifications-1-x-specificationValue--last vtex-product-specifications-1-x-specificationValue--product-specification-value--last\" data-specification-group=\"COMPOSICI\u00d3N CENTESIMAL\" data-specification-name=\"Fibra cruda (max)\" data-specification-value=\"3,5%\">3,5%<\/span><\/div>\n<\/div>\n<\/div>\n<\/div>\n<\/div>\n<div class=\"vtex-flex-layout-0-x-flexRow vtex-flex-layout-0-x-flexRow--product-specification-item\">\n<div class=\"flex mt0 mb0 pt0 pb0 justify-start vtex-flex-layout-0-x-flexRowContent vtex-flex-layout-0-x-flexRowContent--product-specification-item items-stretch w-100\">\n<div class=\"pr0 items-stretch vtex-flex-layout-0-x-stretchChildrenWidth flex\">\n<div class=\"vtex-flex-layout-0-x-flexCol vtex-flex-layout-0-x-flexCol--product-specification-name ml0 mr0 pl0 pr0 flex flex-column h-100 w-100\">\n<div class=\"vtex-flex-layout-0-x-flexColChild vtex-flex-layout-0-x-flexColChild--product-specification-name pb0\"><span class=\"vtex-product-specifications-1-x-specificationName vtex-product-specifications-1-x-specificationName--product-specification-name\" data-specification-group=\"COMPOSICI\u00d3N CENTESIMAL\" data-specification-name=\"Minerales\">Minerales<\/span><\/div>\n<\/div>\n<\/div>\n<div class=\"pr0 items-stretch vtex-flex-layout-0-x-stretchChildrenWidth flex\">\n<div class=\"vtex-flex-layout-0-x-flexCol vtex-flex-layout-0-x-flexCol--product-specification-value ml0 mr0 pl0 pr0 flex flex-column h-100 w-100\">\n<div class=\"vtex-flex-layout-0-x-flexColChild vtex-flex-layout-0-x-flexColChild--product-specification-value pb0\"><span class=\"vtex-product-specifications-1-x-specificationValue vtex-product-specifications-1-x-specificationValue--product-specification-value vtex-product-specifications-1-x-specificationValue--first vtex-product-specifications-1-x-specificationValue--product-specification-value--first vtex-product-specifications-1-x-specificationValue--last vtex-product-specifications-1-x-specificationValue--product-specification-value--last\" data-specification-group=\"COMPOSICI\u00d3N CENTESIMAL\" data-specification-name=\"Minerales\" data-specification-value=\"10%\">10%<\/span><\/div>\n<\/div>\n<\/div>\n<\/div>\n<\/div>\n<\/div>\n<\/div>\n<\/div>\n<\/div>\n","protected":false},"excerpt":{"rendered":"<p><strong>Protemix Cachorro es un alimento premium especialmente formulado para perros cachorros menores a 12 meses de vida de todas las razas y tama\u00f1os.<\/strong>\u00a0Este alimento est\u00e1 hecho con ingredientes cuidadosamente seleccionados para proporcionar una nutrici\u00f3n completa y equilibrada para tu mascota.<\/p>\n<p><strong>Gracias a su \u00f3ptima combinaci\u00f3n de vitaminas, fibras y minerales, es un alimento de alto valor nutricional que maximiza la vitalidad de las mascotas.<\/strong><\/p>\n<p>La f\u00f3rmula de Protemix est\u00e1 dise\u00f1ada para satisfacer las necesidades nutricionales espec\u00edficas de los perros adultos, y contiene prote\u00ednas de alta calidad para mantener la masa muscular y la fuerza, as\u00ed como carbohidratos y grasas saludables para proporcionar la energ\u00eda necesaria para mantener un estilo de vida activo y saludable.<\/p>\n<p><strong>Si est\u00e1s buscando un alimento de calidad para tu mascota, considera probar Protemix.<\/strong><\/p>\n","protected":false},"featured_media":989,"template":"","meta":{"_gspb_post_css":"","_joinchat":[]},"product_brand":[68],"product_cat":[29,138],"product_tag":[46,33,64],"class_list":{"0":"post-988","1":"product","2":"type-product","3":"status-publish","4":"has-post-thumbnail","6":"product_brand-protemix","7":"product_cat-alimentoparaperros","8":"product_cat-perroscachorros","9":"product_tag-10kg","10":"product_tag-cachorros","11":"product_tag-premium","13":"first","14":"instock","15":"purchasable","16":"product-type-simple"},"jetpack_sharing_enabled":true,"_links":{"self":[{"href":"https:\/\/mascoweb.com.ar\/tienda\/wp-json\/wp\/v2\/product\/988","targetHints":{"allow":["GET"]}}],"collection":[{"href":"https:\/\/mascoweb.com.ar\/tienda\/wp-json\/wp\/v2\/product"}],"about":[{"href":"https:\/\/mascoweb.com.ar\/tienda\/wp-json\/wp\/v2\/types\/product"}],"wp:featuredmedia":[{"embeddable":true,"href":"https:\/\/mascoweb.com.ar\/tienda\/wp-json\/wp\/v2\/media\/989"}],"wp:attachment":[{"href":"https:\/\/mascoweb.com.ar\/tienda\/wp-json\/wp\/v2\/media?parent=988"}],"wp:term":[{"taxonomy":"product_brand","embeddable":true,"href":"https:\/\/mascoweb.com.ar\/tienda\/wp-json\/wp\/v2\/product_brand?post=988"},{"taxonomy":"product_cat","embeddable":true,"href":"https:\/\/mascoweb.com.ar\/tienda\/wp-json\/wp\/v2\/product_cat?post=988"},{"taxonomy":"product_tag","embeddable":true,"href":"https:\/\/mascoweb.com.ar\/tienda\/wp-json\/wp\/v2\/product_tag?post=988"}],"curies":[{"name":"wp","href":"https:\/\/api.w.org\/{rel}","templated":true}]}}