{"id":997,"date":"2025-02-18T15:30:46","date_gmt":"2025-02-18T18:30:46","guid":{"rendered":"https:\/\/mascoweb.com.ar\/tienda\/?post_type=product&#038;p=997"},"modified":"2026-04-21T09:34:17","modified_gmt":"2026-04-21T12:34:17","slug":"yenu-perros-cachorros-x-10-kg","status":"publish","type":"product","link":"https:\/\/mascoweb.com.ar\/tienda\/producto\/yenu-perros-cachorros-x-10-kg\/","title":{"rendered":"Yen\u00fa Perros Cachorros x 10 kg"},"content":{"rendered":"<h2 class=\"ui-pdp-description__title\" data-testid=\"title\">Descripci\u00f3n<\/h2>\n<p class=\"ui-pdp-description__content\" data-testid=\"content\">Este alimento para cachorros Yen\u00fa, es ideal para razas de tama\u00f1o mediano. Con un contenido de prote\u00edna bruta del 30%, garantiza una alimentaci\u00f3n equilibrada y deliciosa para tu mascota. El sabor a carne har\u00e1 que tu cachorro disfrute cada bocado y se mantenga saludable.<\/p>\n<p>La presentaci\u00f3n en bolsa de 10 kg facilita su almacenamiento y conservaci\u00f3n. Adem\u00e1s, al ser un alimento seco, es perfecto para cachorros en su etapa de crecimiento. Fabricado por Garay, este alimento est\u00e1 especialmente formulado para perros cachorros, brind\u00e1ndoles los nutrientes necesarios para su desarrollo.<\/p>\n<p>30% de prote\u00ednas.<\/p>\n","protected":false},"excerpt":{"rendered":"<h2 class=\"ui-pdp-description__title\" data-testid=\"title\">Descripci\u00f3n<\/h2>\n<p class=\"ui-pdp-description__content\" data-testid=\"content\">Este alimento para cachorros Yen\u00fa, es ideal para razas de tama\u00f1o mediano. Con un contenido de prote\u00edna bruta del 30%, garantiza una alimentaci\u00f3n equilibrada y deliciosa para tu mascota. El sabor a carne har\u00e1 que tu cachorro disfrute cada bocado y se mantenga saludable.<\/p>\n<p>La presentaci\u00f3n en bolsa de 10 kg facilita su almacenamiento y conservaci\u00f3n. Adem\u00e1s, al ser un alimento seco, es perfecto para cachorros en su etapa de crecimiento. Fabricado por Garay, este alimento est\u00e1 especialmente formulado para perros cachorros, brind\u00e1ndoles los nutrientes necesarios para su desarrollo.<\/p>\n<p>30% de prote\u00ednas.<\/p>\n","protected":false},"featured_media":998,"template":"","meta":{"_gspb_post_css":"","_joinchat":[]},"product_brand":[70],"product_cat":[29,138],"product_tag":[46,33,64],"class_list":{"0":"post-997","1":"product","2":"type-product","3":"status-publish","4":"has-post-thumbnail","6":"product_brand-yenu","7":"product_cat-alimentoparaperros","8":"product_cat-perroscachorros","9":"product_tag-10kg","10":"product_tag-cachorros","11":"product_tag-premium","13":"first","14":"instock","15":"purchasable","16":"product-type-simple"},"jetpack_sharing_enabled":true,"_links":{"self":[{"href":"https:\/\/mascoweb.com.ar\/tienda\/wp-json\/wp\/v2\/product\/997","targetHints":{"allow":["GET"]}}],"collection":[{"href":"https:\/\/mascoweb.com.ar\/tienda\/wp-json\/wp\/v2\/product"}],"about":[{"href":"https:\/\/mascoweb.com.ar\/tienda\/wp-json\/wp\/v2\/types\/product"}],"wp:featuredmedia":[{"embeddable":true,"href":"https:\/\/mascoweb.com.ar\/tienda\/wp-json\/wp\/v2\/media\/998"}],"wp:attachment":[{"href":"https:\/\/mascoweb.com.ar\/tienda\/wp-json\/wp\/v2\/media?parent=997"}],"wp:term":[{"taxonomy":"product_brand","embeddable":true,"href":"https:\/\/mascoweb.com.ar\/tienda\/wp-json\/wp\/v2\/product_brand?post=997"},{"taxonomy":"product_cat","embeddable":true,"href":"https:\/\/mascoweb.com.ar\/tienda\/wp-json\/wp\/v2\/product_cat?post=997"},{"taxonomy":"product_tag","embeddable":true,"href":"https:\/\/mascoweb.com.ar\/tienda\/wp-json\/wp\/v2\/product_tag?post=997"}],"curies":[{"name":"wp","href":"https:\/\/api.w.org\/{rel}","templated":true}]}}